{"id":551,"date":"2023-11-27T13:18:12","date_gmt":"2023-11-27T12:18:12","guid":{"rendered":"https:\/\/34.88.231.180\/product\/diet-meal\/"},"modified":"2026-04-01T00:00:45","modified_gmt":"2026-03-31T22:00:45","slug":"diet-meal","status":"publish","type":"product","link":"https:\/\/www.selfprotein.com\/sv\/produkt\/diet-meal\/","title":{"rendered":"Diet Meal"},"content":{"rendered":"<p style=\"text-align: left;\" align=\"center\"><strong><span lang=\"en-US\">Diet Meal<\/span><\/strong><\/p>\n<p><span lang=\"en-US\">Uppt\u00e4ck den perfekta l\u00f6sningen f\u00f6r en l\u00e4tt och balanserad kost! Vi presenterar v\u00e5r dietm\u00e5ltid, ett perfekt alternativ f\u00f6r att ers\u00e4tta en eller tv\u00e5 m\u00e5ltider per dag. Med endast 95 kalorier hj\u00e4lper den h\u00e4r m\u00e5ltiden dig inte bara att kontrollera ditt kaloriintag utan \u00e4r ocks\u00e5 berikad med viktiga vitaminer och mineraler. Dessutom \u00e4r den gluten- och laktosfri, vilket g\u00f6r den till ett s\u00e4kert val f\u00f6r dem med s\u00e4rskilda kostbehov.<\/span><\/p>\n<p><span lang=\"en-US\">F\u00f6rdelar med dietm\u00e5ltid:<\/span><\/p>\n<ul>\n<li><strong><span lang=\"en-US\">L\u00e5gt kaloriinneh\u00e5ll<\/span><\/strong><span lang=\"en-US\"><strong>:<\/strong> Med endast 95 kalorier \u00e4r dietm\u00e5ltiden perfekt f\u00f6r dem som \u00e4r kalorimedvetna och vill beh\u00e5lla eller g\u00e5 ner i vikt p\u00e5 ett h\u00e4lsosamt s\u00e4tt.<\/span><\/li>\n<li><strong><span lang=\"en-US\">Rik p\u00e5 n\u00e4rings\u00e4mnen:<\/span><\/strong><span lang=\"en-US\"> Trots det l\u00e5ga kaloriinneh\u00e5llet ger denna m\u00e5ltid en viktig dos av viktiga vitaminer och mineraler som h\u00e5ller din kropp frisk och v\u00e4ltr\u00e4nad.<\/span><\/li>\n<li><strong><span lang=\"en-US\">Gluten- och laktosfri:<\/span><\/strong><span lang=\"en-US\"> Dietm\u00e5ltiden \u00e4r l\u00e4mplig f\u00f6r personer med \u00f6verk\u00e4nslighet eller intolerans och erbjuder ett s\u00e4kert och v\u00e4lsmakande val utan gluten och laktos.<\/span><\/li>\n<li><strong><span lang=\"en-US\">M\u00e5ltidsers\u00e4ttning:<\/span><\/strong><span lang=\"en-US\"> Den kan intas i st\u00e4llet f\u00f6r en eller tv\u00e5 m\u00e5ltider per dag, vilket \u00e4r en bekv\u00e4m l\u00f6sning f\u00f6r dem som alltid \u00e4r p\u00e5 spr\u00e5ng eller har ont om tid att tillaga kompletta m\u00e5ltider.<\/span><\/li>\n<li><strong><span lang=\"en-US\">En m\u00e4ngd olika alternativ:<\/span><\/strong><span lang=\"en-US\"> Dietm\u00e5ltiden finns i en rad l\u00e4ckra smaker och g\u00f6r det enkelt att tillfredsst\u00e4lla dina personliga smaker samtidigt som du tar hand om din h\u00e4lsa.<\/span><\/li>\n<\/ul>\n<p>&nbsp;<\/p>\n<p><span lang=\"en-US\">Med v\u00e5r dietm\u00e5ltid kan du njuta av en l\u00e4tt, n\u00e4ringsrik m\u00e5ltid som passar dina kostbehov utan att offra smak eller bekv\u00e4mlighet.<\/span><\/p>\n<p><strong><span lang=\"en-US\">Rekommenderad anv\u00e4ndning<\/span><\/strong><\/p>\n<p><span lang=\"en-US\">F\u00f6r viktminskning, ers\u00e4tt 2 m\u00e5ltider per dag med Diet Meal; f\u00f6r underh\u00e5ll, ers\u00e4tt 1 m\u00e5ltid per dag.<\/span><\/p>\n<p><strong>Meddelande:<\/strong><\/p>\n<ul>\n<li>Endast f\u00f6r vuxna och ers\u00e4tter inte en varierad och balanserad kost och en h\u00e4lsosam livsstil.<\/li>\n<li>\u00d6verskrid inte den rekommenderade dosen.<\/li>\n<li>Anv\u00e4nd inte produkten under amning eller graviditet utan att r\u00e5dg\u00f6ra med l\u00e4kare.<\/li>\n<li>F\u00f6rvara produkten p\u00e5 en sval, torr plats i en v\u00e4l tillsluten f\u00f6rpackning utom r\u00e4ckh\u00e5ll f\u00f6r barn under 3 \u00e5r.<\/li>\n<li>Laktosfri och Glutenfri.<\/li>\n<\/ul>","protected":false},"excerpt":{"rendered":"<p>Diet Meal Uppt\u00e4ck den perfekta l\u00f6sningen f\u00f6r en l\u00e4tt och balanserad kost! Vi presenterar v\u00e5r dietm\u00e5ltid, ett perfekt alternativ f\u00f6r att ers\u00e4tta en eller tv\u00e5 m\u00e5ltider per dag. Med endast 95 kalorier hj\u00e4lper den h\u00e4r m\u00e5ltiden dig inte bara att kontrollera ditt kaloriintag utan \u00e4r ocks\u00e5 berikad med viktiga vitaminer och mineraler. Dessutom \u00e4r den glutenfri [...]<\/p>","protected":false},"featured_media":552,"template":"","meta":[],"product_cat":[210,309],"product_tag":[223,319],"class_list":{"0":"post-551","1":"product","2":"type-product","3":"status-publish","4":"has-post-thumbnail","6":"product_cat-snacks-meal-solutions","7":"product_cat-weight-management-and-definition","8":"product_tag-snacks-meal-solutions","9":"product_tag-weight-management-and-definition","11":"first","12":"instock","13":"sale","14":"taxable","15":"shipping-taxable","16":"purchasable","17":"product-type-variable"},"aioseo_notices":[],"_links":{"self":[{"href":"https:\/\/www.selfprotein.com\/sv\/wp-json\/wp\/v2\/product\/551"}],"collection":[{"href":"https:\/\/www.selfprotein.com\/sv\/wp-json\/wp\/v2\/product"}],"about":[{"href":"https:\/\/www.selfprotein.com\/sv\/wp-json\/wp\/v2\/types\/product"}],"wp:featuredmedia":[{"embeddable":true,"href":"https:\/\/www.selfprotein.com\/sv\/wp-json\/wp\/v2\/media\/552"}],"wp:attachment":[{"href":"https:\/\/www.selfprotein.com\/sv\/wp-json\/wp\/v2\/media?parent=551"}],"wp:term":[{"taxonomy":"product_cat","embeddable":true,"href":"https:\/\/www.selfprotein.com\/sv\/wp-json\/wp\/v2\/product_cat?post=551"},{"taxonomy":"product_tag","embeddable":true,"href":"https:\/\/www.selfprotein.com\/sv\/wp-json\/wp\/v2\/product_tag?post=551"}],"curies":[{"name":"wp","href":"https:\/\/api.w.org\/{rel}","templated":true}]}}