{"id":554,"date":"2023-11-27T13:18:16","date_gmt":"2023-11-27T12:18:16","guid":{"rendered":"https:\/\/34.88.231.180\/product\/eaa-pro\/"},"modified":"2026-04-01T00:00:45","modified_gmt":"2026-03-31T22:00:45","slug":"eaa-pro","status":"publish","type":"product","link":"https:\/\/www.selfprotein.com\/sv\/produkt\/eaa-pro\/","title":{"rendered":"EAA PRO"},"content":{"rendered":"<p style=\"text-align: left;\" align=\"center\"><strong><span lang=\"en-US\">EAA Pro<\/span><\/strong><\/p>\n<p><span lang=\"en-US\">EAA Pro \u00e4r ett tillskott formulerat med essentiella aminosyror (EAA), som \u00e4r avg\u00f6rande f\u00f6r att kroppen ska fungera korrekt. EAA \u00e4r en kategori av aminosyror som m\u00e4nniskokroppen inte kan syntetisera sj\u00e4lvst\u00e4ndigt och d\u00e4rf\u00f6r m\u00e5ste erh\u00e5llas genom kosten eller specifika kosttillskott. Denna produkt \u00e4r s\u00e4rskilt popul\u00e4r bland idrottare, kroppsbyggare och fitnessentusiaster f\u00f6r sin roll i att st\u00f6dja muskeltillv\u00e4xt, \u00e5terh\u00e4mtning och fysisk prestanda.<\/span><\/p>\n<p><span lang=\"en-US\">F\u00f6rdelar med EAA Pro:<\/span><\/p>\n<ul>\n<li><strong><span lang=\"en-US\">St\u00f6djer muskeltillv\u00e4xt:<\/span><\/strong><span lang=\"en-US\"> Essentiella aminosyror \u00e4r n\u00f6dv\u00e4ndiga f\u00f6r muskelproteinsyntesen och bidrar d\u00e4rmed till tillv\u00e4xt och underh\u00e5ll av muskelmassan.<\/span><\/li>\n<li><strong><span lang=\"en-US\">P\u00e5skyndad \u00e5terh\u00e4mtning<\/span><\/strong><span lang=\"en-US\"><strong>:<\/strong> EAA kan bidra till att minska musklernas \u00e5terh\u00e4mtningstid efter intensiv tr\u00e4ning, vilket m\u00f6jligg\u00f6r en h\u00f6gre tr\u00e4ningsfrekvens och optimal \u00e5terh\u00e4mtning mellan passen.<\/span><\/li>\n<li><strong><span lang=\"en-US\">F\u00f6rb\u00e4ttring av prestanda:<\/span><\/strong><span lang=\"en-US\"> Tillskott med EAA kan f\u00f6rb\u00e4ttra prestationen under tr\u00e4ningspasset genom att \u00f6ka muskeluth\u00e5lligheten och muskelstyrkan samt fr\u00e4mja b\u00e4ttre fokus och mental uth\u00e5llighet.<\/span><\/li>\n<li><strong><span lang=\"en-US\">St\u00f6d vid \u00e5terh\u00e4mtning fr\u00e5n skador eller sjukdom:<\/span><\/strong><span lang=\"en-US\"> EAA-tillskott kan vara s\u00e4rskilt anv\u00e4ndbara f\u00f6r personer som \u00e5terh\u00e4mtar sig fr\u00e5n skador, operationer eller sjukdomar som har orsakat muskelf\u00f6rlust eller f\u00f6rsvagning, vilket bidrar till att p\u00e5skynda l\u00e4kningsprocessen och muskel\u00e5terh\u00e4mtningen.<\/span><\/li>\n<\/ul>\n<p>&nbsp;<\/p>\n<p><strong><span lang=\"en-US\">Rekommenderad anv\u00e4ndning<\/span><\/strong><\/p>\n<p><span lang=\"en-US\">Konsumera 1 portion per dag f\u00f6re, under eller efter fysisk aktivitet eller under hela dagen.<\/span><\/p>\n<p><strong>Meddelande:<\/strong><\/p>\n<ul>\n<li>Endast f\u00f6r vuxna och ers\u00e4tter inte en varierad och balanserad kost och en h\u00e4lsosam livsstil.<\/li>\n<li>\u00d6verskrid inte den rekommenderade dosen.<\/li>\n<li>Anv\u00e4nd inte produkten under amning eller graviditet utan att r\u00e5dg\u00f6ra med l\u00e4kare.<\/li>\n<li>F\u00f6rvara produkten p\u00e5 en sval, torr plats i en v\u00e4l tillsluten f\u00f6rpackning utom r\u00e4ckh\u00e5ll f\u00f6r barn under 3 \u00e5r.<\/li>\n<li>Kan inneh\u00e5lla sp\u00e5r av mj\u00f6lk, havre, \u00e4gg, soja.<\/li>\n<li>Laktosfri och Glutenfri.<\/li>\n<\/ul>","protected":false},"excerpt":{"rendered":"<p>EAA Pro EAA Pro \u00e4r ett tillskott formulerat med essentiella aminosyror (EAA), som \u00e4r avg\u00f6rande f\u00f6r att kroppen ska fungera korrekt. EAA \u00e4r en kategori av aminosyror som m\u00e4nniskokroppen inte kan syntetisera oberoende och d\u00e4rf\u00f6r m\u00e5ste erh\u00e5llas genom kosten eller specifika kosttillskott. Denna produkt \u00e4r s\u00e4rskilt popul\u00e4r bland idrottare, [...]<\/p>","protected":false},"featured_media":5650,"template":"","meta":[],"product_cat":[151,311],"product_tag":[161,317],"class_list":{"0":"post-554","1":"product","2":"type-product","3":"status-publish","4":"has-post-thumbnail","6":"product_cat-amino-acids-creatine","7":"product_cat-recovery-and-regeneration","8":"product_tag-amino-acids-creatine","9":"product_tag-recovery-and-regeneration","11":"first","12":"instock","13":"sale","14":"taxable","15":"shipping-taxable","16":"purchasable","17":"product-type-variable"},"aioseo_notices":[],"_links":{"self":[{"href":"https:\/\/www.selfprotein.com\/sv\/wp-json\/wp\/v2\/product\/554"}],"collection":[{"href":"https:\/\/www.selfprotein.com\/sv\/wp-json\/wp\/v2\/product"}],"about":[{"href":"https:\/\/www.selfprotein.com\/sv\/wp-json\/wp\/v2\/types\/product"}],"wp:featuredmedia":[{"embeddable":true,"href":"https:\/\/www.selfprotein.com\/sv\/wp-json\/wp\/v2\/media\/5650"}],"wp:attachment":[{"href":"https:\/\/www.selfprotein.com\/sv\/wp-json\/wp\/v2\/media?parent=554"}],"wp:term":[{"taxonomy":"product_cat","embeddable":true,"href":"https:\/\/www.selfprotein.com\/sv\/wp-json\/wp\/v2\/product_cat?post=554"},{"taxonomy":"product_tag","embeddable":true,"href":"https:\/\/www.selfprotein.com\/sv\/wp-json\/wp\/v2\/product_tag?post=554"}],"curies":[{"name":"wp","href":"https:\/\/api.w.org\/{rel}","templated":true}]}}