{"id":564,"date":"2023-11-27T13:18:36","date_gmt":"2023-11-27T12:18:36","guid":{"rendered":"https:\/\/34.88.231.180\/product\/egg-oat-premium\/"},"modified":"2026-04-01T00:00:45","modified_gmt":"2026-03-31T22:00:45","slug":"egg-oat","status":"publish","type":"product","link":"https:\/\/www.selfprotein.com\/sv\/produkt\/egg-oat\/","title":{"rendered":"Egg &amp; Oat"},"content":{"rendered":"<p><strong>Egg &amp; Oat Premium<\/strong><\/p>\n<p>En kraftfull kombination av rent \u00e4ggviteprotein och komplexa havrekolhydrater, utformad f\u00f6r dem som vill maximera muskeltillv\u00e4xten, optimera \u00e5terh\u00e4mtningen och ha l\u00e5ngvarig energi under hela dagen. Perfekt som en komplett m\u00e5ltid eller ett funktionellt mellanm\u00e5l.<\/p>\n<p><strong>Varf\u00f6r du kommer att \u00e4lska det<\/strong><\/p>\n<ul>\n<li><strong>Muskeltillv\u00e4xt och \u00e5terh\u00e4mtning<\/strong>: \u00e4ggviteproteiner har ett h\u00f6gt biologiskt v\u00e4rde, vilket \u00e4r viktigt f\u00f6r att stimulera och bibeh\u00e5lla muskelmassan.<\/li>\n<li><strong>F\u00f6rl\u00e4ngd energi<\/strong>: havre ger komplexa kolhydrater som garanterar en l\u00e5ngsam och konstant frig\u00f6relse av energi under hela dagen.<\/li>\n<li><strong>St\u00f6d f\u00f6r blodsockret<\/strong>: Tack vare sitt fiberinneh\u00e5ll bidrar havre till att h\u00e5lla blodsockerniv\u00e5n stabil och undviker d\u00e4rmed energip\u00e5slag.<\/li>\n<li><strong>L\u00e5ngvarig m\u00e4ttnadsk\u00e4nsla<\/strong>: en blandning av protein och fibrer som hj\u00e4lper dig att h\u00e5lla aptiten i schack, vilket g\u00f6r varje m\u00e5ltid mer m\u00e4ttande.<\/li>\n<\/ul>\n<p>&nbsp;<\/p>\n<p><strong>Rekommenderad dos<\/strong><\/p>\n<p>Ta <strong>1-3 portioner dagligen<\/strong>, beroende p\u00e5 dina n\u00e4ringsbehov och ditt totala proteinbehov.<\/p>\n<p><strong>Meddelande<\/strong><\/p>\n<ul>\n<li>Endast f\u00f6r vuxna.<\/li>\n<li>Ers\u00e4tter inte en balanserad kost och en h\u00e4lsosam livsstil.<\/li>\n<li>\u00d6verskrid inte den rekommenderade dagliga dosen.<\/li>\n<li>R\u00e5dg\u00f6r med din l\u00e4kare under graviditet eller amning.<\/li>\n<li>F\u00f6rvara p\u00e5 en sval, torr plats, borta fr\u00e5n direkt ljus.<\/li>\n<li>Kan inneh\u00e5lla sp\u00e5r av mj\u00f6lk och soja.<\/li>\n<li><strong>Laktosfri<\/strong> och <strong>glutenfri<\/strong>.<\/li>\n<\/ul>\n<p>&nbsp;<\/p>\n<p><strong>Perfekt f\u00f6r: de som vill ha en kombination av h\u00f6gkvalitativa proteiner och kolhydrater med l\u00e5ngsam fris\u00e4ttning f\u00f6r att st\u00f6dja muskeltillv\u00e4xt och energi under hela dagen.<\/strong><\/p>","protected":false},"excerpt":{"rendered":"<p>Egg &amp; Oat Premium En kraftfull kombination av rent \u00e4ggviteprotein och komplexa kolhydrater fr\u00e5n havre, framtagen f\u00f6r dig som vill maximera muskeltillv\u00e4xten, optimera \u00e5terh\u00e4mtningen och ha l\u00e5ngvarig energi under hela dagen. Perfekt som en komplett m\u00e5ltid eller ett funktionellt mellanm\u00e5l. Varf\u00f6r du kommer att \u00e4lska det Muskeltillv\u00e4xt och \u00e5terh\u00e4mtning: \u00e4ggviteproteiner har [...]<\/p>","protected":false},"featured_media":8141,"template":"","meta":[],"product_cat":[313,210],"product_tag":[316,223],"class_list":{"0":"post-564","1":"product","2":"type-product","3":"status-publish","4":"has-post-thumbnail","6":"product_cat-protein-snacks-and-fit-food","7":"product_cat-snacks-meal-solutions","8":"product_tag-protein-snacks-fit-food","9":"product_tag-snacks-meal-solutions","11":"first","12":"instock","13":"taxable","14":"shipping-taxable","15":"purchasable","16":"product-type-variable"},"aioseo_notices":[],"_links":{"self":[{"href":"https:\/\/www.selfprotein.com\/sv\/wp-json\/wp\/v2\/product\/564"}],"collection":[{"href":"https:\/\/www.selfprotein.com\/sv\/wp-json\/wp\/v2\/product"}],"about":[{"href":"https:\/\/www.selfprotein.com\/sv\/wp-json\/wp\/v2\/types\/product"}],"wp:featuredmedia":[{"embeddable":true,"href":"https:\/\/www.selfprotein.com\/sv\/wp-json\/wp\/v2\/media\/8141"}],"wp:attachment":[{"href":"https:\/\/www.selfprotein.com\/sv\/wp-json\/wp\/v2\/media?parent=564"}],"wp:term":[{"taxonomy":"product_cat","embeddable":true,"href":"https:\/\/www.selfprotein.com\/sv\/wp-json\/wp\/v2\/product_cat?post=564"},{"taxonomy":"product_tag","embeddable":true,"href":"https:\/\/www.selfprotein.com\/sv\/wp-json\/wp\/v2\/product_tag?post=564"}],"curies":[{"name":"wp","href":"https:\/\/api.w.org\/{rel}","templated":true}]}}