{"id":567,"date":"2024-02-29T08:43:55","date_gmt":"2024-02-29T07:43:55","guid":{"rendered":"https:\/\/34.88.231.180\/?post_type=product&#038;p=567"},"modified":"2026-05-01T00:23:46","modified_gmt":"2026-04-30T22:23:46","slug":"egg-white-isolate","status":"publish","type":"product","link":"https:\/\/www.selfprotein.com\/sv\/produkt\/egg-white-isolate\/","title":{"rendered":"Egg White Isolate"},"content":{"rendered":"<p style=\"text-align: left;\" align=\"center\"><strong><span lang=\"en-US\">Egg White Isolate<\/span><\/strong><\/p>\n<p><span lang=\"en-US\">\u00c4ggviteprotein fungerar som en komplett och naturlig proteink\u00e4lla. Den h\u00e4r proteink\u00e4llan \u00e4r rik p\u00e5 essentiella aminosyror som \u00e4r viktiga f\u00f6r biologiska processer och muskelstruktur och anv\u00e4nds ofta som kosttillskott. \u00c4ggviteprotein \u00e4r ett v\u00e4rdefullt alternativ f\u00f6r dem som s\u00f6ker f\u00f6rdelar f\u00f6r muskeltillv\u00e4xt, viktkontroll och \u00f6kad m\u00e4ttnadsk\u00e4nsla, och \u00e4r dessutom en laktosfri l\u00f6sning f\u00f6r dem med mj\u00f6lkallergi eller mj\u00f6lkintolerans.<\/span><\/p>\n<p><span lang=\"en-US\">F\u00f6rdelar med \u00e4ggviteisolat:<\/span><\/p>\n<ul>\n<li><strong><span lang=\"en-US\">Komplett proteink\u00e4lla:<\/span><\/strong><span lang=\"en-US\"> \u00c4ggviteprotein inneh\u00e5ller alla essentiella aminosyror som kr\u00e4vs f\u00f6r att bygga upp och bibeh\u00e5lla muskelmassa och st\u00f6dja olika viktiga biologiska processer i kroppen.<\/span><\/li>\n<li><strong><span lang=\"en-US\">St\u00f6d f\u00f6r muskeltillv\u00e4xt och -reparation:<\/span><\/strong><span lang=\"en-US\"> Med sitt rika inneh\u00e5ll av aminosyror \u00e4r \u00e4ggviteprotein en v\u00e4rdefull allierad f\u00f6r idrottare och fitnessentusiaster som vill fr\u00e4mja muskeltillv\u00e4xt och p\u00e5skynda reparationsprocessen efter tr\u00e4ningen.<\/span><\/li>\n<li><strong><span lang=\"en-US\">Viktkontroll: <\/span><\/strong><span lang=\"en-US\">N\u00e4r den h\u00e4r proteink\u00e4llan anv\u00e4nds som en del av en balanserad kost kan den bidra till viktkontroll genom att tillhandah\u00e5lla en n\u00e4ringsk\u00e4lla som hj\u00e4lper till att bibeh\u00e5lla muskelmassa under fettf\u00f6rbr\u00e4nning.<\/span><\/li>\n<li><strong><span lang=\"en-US\">L\u00e5ngvarig m\u00e4ttnadsk\u00e4nsla:<\/span><\/strong><span lang=\"en-US\"> \u00c4ggviteprotein kan bidra till att f\u00f6rl\u00e4nga m\u00e4ttnadsk\u00e4nslan, vilket hj\u00e4lper till att kontrollera aptiten och minskar risken f\u00f6r on\u00f6digt sm\u00e5\u00e4tande.<\/span><\/li>\n<li><strong><span lang=\"en-US\">Laktosfritt alternativ:<\/span><\/strong><span lang=\"en-US\"> Eftersom \u00e4ggviteprotein \u00e4r laktosfritt \u00e4r det ett perfekt alternativ f\u00f6r dem som beh\u00f6ver undvika mejeriprodukter p\u00e5 grund av allergier eller intolerans.<\/span><\/li>\n<\/ul>\n<p>&nbsp;<\/p>\n<p><strong><span lang=\"en-US\">Rekommenderad anv\u00e4ndning<\/span><\/strong><\/p>\n<p><span lang=\"en-US\">1 till 3 portioner per dag efter behov, med h\u00e4nsyn till andra proteink\u00e4llor i kosten.<\/span><\/p>\n<p>&nbsp;<\/p>\n<p><strong>Meddelande:<\/strong><\/p>\n<ul>\n<li>Endast f\u00f6r vuxna och ers\u00e4tter inte en varierad och balanserad kost och en h\u00e4lsosam livsstil.<\/li>\n<li>\u00d6verskrid inte den rekommenderade dosen.<\/li>\n<li>Rekommenderad daglig dos: blanda 1 skopa (ca 30 g) med 200 ml vatten i en shaker.<\/li>\n<li>Anv\u00e4nd inte produkten under amning eller graviditet utan att r\u00e5dg\u00f6ra med l\u00e4kare.<\/li>\n<li>F\u00f6rvara produkten p\u00e5 en sval, torr plats i en v\u00e4l tillsluten f\u00f6rpackning utom r\u00e4ckh\u00e5ll f\u00f6r barn under 3 \u00e5r.<\/li>\n<li>Kan inneh\u00e5lla sp\u00e5r av mj\u00f6lk, havre, \u00e4gg, soja.<\/li>\n<li>Laktosfri och Glutenfri.<\/li>\n<\/ul>","protected":false},"excerpt":{"rendered":"<p>\u00c4ggviteisolat \u00c4ggviteprotein fungerar som en komplett och naturlig proteink\u00e4lla. Denna proteink\u00e4lla \u00e4r rik p\u00e5 essentiella aminosyror som \u00e4r viktiga f\u00f6r biologiska processer och muskelstruktur och anv\u00e4nds ofta som kosttillskott. \u00c4ggviteprotein \u00e4r ett v\u00e4rdefullt alternativ f\u00f6r dem som s\u00f6ker f\u00f6rdelar f\u00f6r muskeltillv\u00e4xt, viktkontroll och \u00f6kad m\u00e4ttnadsk\u00e4nsla, [...].<\/p>","protected":false},"featured_media":15166,"template":"","meta":[],"product_cat":[158,308],"product_tag":[18,318],"class_list":{"0":"post-567","1":"product","2":"type-product","3":"status-publish","4":"has-post-thumbnail","6":"product_cat-proteins","7":"product_cat-strength-and-muscle-mass","8":"product_tag-proteins","9":"product_tag-strength-and-muscle-mass","11":"first","12":"instock","13":"taxable","14":"shipping-taxable","15":"purchasable","16":"product-type-variable"},"aioseo_notices":[],"_links":{"self":[{"href":"https:\/\/www.selfprotein.com\/sv\/wp-json\/wp\/v2\/product\/567"}],"collection":[{"href":"https:\/\/www.selfprotein.com\/sv\/wp-json\/wp\/v2\/product"}],"about":[{"href":"https:\/\/www.selfprotein.com\/sv\/wp-json\/wp\/v2\/types\/product"}],"wp:featuredmedia":[{"embeddable":true,"href":"https:\/\/www.selfprotein.com\/sv\/wp-json\/wp\/v2\/media\/15166"}],"wp:attachment":[{"href":"https:\/\/www.selfprotein.com\/sv\/wp-json\/wp\/v2\/media?parent=567"}],"wp:term":[{"taxonomy":"product_cat","embeddable":true,"href":"https:\/\/www.selfprotein.com\/sv\/wp-json\/wp\/v2\/product_cat?post=567"},{"taxonomy":"product_tag","embeddable":true,"href":"https:\/\/www.selfprotein.com\/sv\/wp-json\/wp\/v2\/product_tag?post=567"}],"curies":[{"name":"wp","href":"https:\/\/api.w.org\/{rel}","templated":true}]}}