{"id":576,"date":"2023-11-27T13:18:58","date_gmt":"2023-11-27T12:18:58","guid":{"rendered":"https:\/\/34.88.231.180\/product\/essential-amino\/"},"modified":"2026-05-01T00:23:46","modified_gmt":"2026-04-30T22:23:46","slug":"essential-amino-acids","status":"publish","type":"product","link":"https:\/\/www.selfprotein.com\/sv\/produkt\/essential-amino-acids\/","title":{"rendered":"Essential Amino Acids"},"content":{"rendered":"<p style=\"text-align: left;\" align=\"center\"><strong><span lang=\"en-US\">Essential Amino Acids<\/span><\/strong><\/p>\n<p><span lang=\"en-US\">Essentiella aminosyror (EAA) \u00e4r aminosyror som kroppen inte kan producera p\u00e5 egen hand och som m\u00e5ste erh\u00e5llas genom kosten. Dessa aminosyror spelar en kritisk roll i proteinsyntesen, vilket g\u00f6r dem viktiga f\u00f6r muskeluppbyggnad och reparation, vilket kan vara f\u00f6rdelaktigt f\u00f6r idrottare.<\/span><\/p>\n<p><span lang=\"en-US\">F\u00f6rdelar med essentiella aminosyror:<\/span><\/p>\n<ul>\n<li><strong><span lang=\"en-US\">St\u00f6d f\u00f6r muskeltillv\u00e4xt<\/span><\/strong><span lang=\"en-US\"><strong>:<\/strong> EAA \u00e4r viktiga f\u00f6r muskelproteinsyntesen och kan bidra till att st\u00f6dja tillv\u00e4xten och reparationen av musklerna efter tr\u00e4ning.<\/span><\/li>\n<li><strong><span lang=\"en-US\">F\u00f6rb\u00e4ttrad \u00e5terh\u00e4mtning:<\/span><\/strong><span lang=\"en-US\"> EAA kan bidra till b\u00e4ttre \u00e5terh\u00e4mtning efter fysisk tr\u00e4ning genom att minska muskelskador och inflammation.<\/span><\/li>\n<li><strong><span lang=\"en-US\">\u00d6kad uth\u00e5llighet:<\/span><\/strong><span lang=\"en-US\"> EAA kan bidra till att \u00f6ka uth\u00e5lligheten genom att minska muskelv\u00e4vnadens katabolism under tr\u00e4ning och st\u00f6dja energiproduktionen.<\/span><\/li>\n<li><strong><span lang=\"en-US\">St\u00f6d f\u00f6r immunf\u00f6rsvaret: <\/span><\/strong><span lang=\"en-US\">EAA \u00e4r viktiga f\u00f6r immunf\u00f6rsvaret, vilket kan vara till nytta f\u00f6r idrottare som riskerar att drabbas av infektioner p\u00e5 grund av h\u00f6g fysisk aktivitet.<\/span><\/li>\n<\/ul>\n<p><\/p>\n<p><strong><span lang=\"en-US\">Rekommenderad anv\u00e4ndning<\/span><\/strong><\/p>\n<p><span lang=\"en-US\">1 portion per dag som intas f\u00f6re, under eller efter fysisk aktivitet, eller under hela dagen.<\/span>\n<\/p>\n<p><strong>Meddelande:<\/strong><\/p>\n<ul>\n<li>Endast f\u00f6r vuxna och ers\u00e4tter inte en varierad och balanserad kost och en h\u00e4lsosam livsstil.<\/li>\n<li>\u00d6verskrid inte den rekommenderade dosen.<\/li>\n<li>Anv\u00e4nd inte produkten under amning eller graviditet utan att r\u00e5dg\u00f6ra med l\u00e4kare.<\/li>\n<li>F\u00f6rvara produkten p\u00e5 en sval, torr plats i en v\u00e4l tillsluten f\u00f6rpackning utom r\u00e4ckh\u00e5ll f\u00f6r barn under 3 \u00e5r.<\/li>\n<li>Kan inneh\u00e5lla sp\u00e5r av mj\u00f6lk, havre, \u00e4gg, soja.<\/li>\n<li>Laktosfri och Glutenfri.<\/li>\n<\/ul>","protected":false},"excerpt":{"rendered":"<p>Essentiella aminosyror Essentiella aminosyror (EAA) \u00e4r aminosyror som kroppen inte kan producera p\u00e5 egen hand och som m\u00e5ste erh\u00e5llas genom kosten. Dessa aminosyror spelar en kritisk roll i proteinsyntesen, vilket g\u00f6r dem viktiga f\u00f6r muskeluppbyggnad och reparation, vilket kan vara f\u00f6rdelaktigt f\u00f6r idrottare. F\u00f6rdelar med essentiella aminosyror: St\u00f6d [...]<\/p>","protected":false},"featured_media":5641,"template":"","meta":[],"product_cat":[151,311],"product_tag":[161,317],"class_list":{"0":"post-576","1":"product","2":"type-product","3":"status-publish","4":"has-post-thumbnail","6":"product_cat-amino-acids-creatine","7":"product_cat-recovery-and-regeneration","8":"product_tag-amino-acids-creatine","9":"product_tag-recovery-and-regeneration","11":"first","12":"instock","13":"taxable","14":"shipping-taxable","15":"purchasable","16":"product-type-variable"},"aioseo_notices":[],"_links":{"self":[{"href":"https:\/\/www.selfprotein.com\/sv\/wp-json\/wp\/v2\/product\/576"}],"collection":[{"href":"https:\/\/www.selfprotein.com\/sv\/wp-json\/wp\/v2\/product"}],"about":[{"href":"https:\/\/www.selfprotein.com\/sv\/wp-json\/wp\/v2\/types\/product"}],"wp:featuredmedia":[{"embeddable":true,"href":"https:\/\/www.selfprotein.com\/sv\/wp-json\/wp\/v2\/media\/5641"}],"wp:attachment":[{"href":"https:\/\/www.selfprotein.com\/sv\/wp-json\/wp\/v2\/media?parent=576"}],"wp:term":[{"taxonomy":"product_cat","embeddable":true,"href":"https:\/\/www.selfprotein.com\/sv\/wp-json\/wp\/v2\/product_cat?post=576"},{"taxonomy":"product_tag","embeddable":true,"href":"https:\/\/www.selfprotein.com\/sv\/wp-json\/wp\/v2\/product_tag?post=576"}],"curies":[{"name":"wp","href":"https:\/\/api.w.org\/{rel}","templated":true}]}}