{"id":586,"date":"2023-11-27T13:19:20","date_gmt":"2023-11-27T12:19:20","guid":{"rendered":"https:\/\/34.88.231.180\/product\/essential-amino-tab\/"},"modified":"2026-05-01T00:23:50","modified_gmt":"2026-04-30T22:23:50","slug":"essential-amino-tabs","status":"publish","type":"product","link":"https:\/\/www.selfprotein.com\/sv\/produkt\/essential-amino-tabs\/","title":{"rendered":"Essential Amino Tabs"},"content":{"rendered":"<p style=\"text-align: left;\" align=\"center\"><strong><span lang=\"en-US\">Essential Amino Tabs<\/span><\/strong><\/p>\n<p><span lang=\"en-US\">Essential Amino Acid (EAA) piller \u00e4r formulerade f\u00f6r att tillhandah\u00e5lla de aminosyror som m\u00e4nniskokroppen inte kan syntetisera sj\u00e4lvst\u00e4ndigt och m\u00e5ste erh\u00e5llas genom kosten. Dessa komponenter spelar en avg\u00f6rande roll i proteinsyntesen och \u00e4r viktiga f\u00f6r att bygga och reparera muskelv\u00e4vnad, vilket g\u00f6r dem s\u00e4rskilt f\u00f6rdelaktiga f\u00f6r idrottare och sportentusiaster.<\/span><\/p>\n<p><span lang=\"en-US\">F\u00f6rdelar med essentiella aminosyror i piller:<\/span><\/p>\n<ul>\n<li><strong><span lang=\"en-US\">St\u00f6d f\u00f6r muskeltillv\u00e4xt:<\/span><\/strong><span lang=\"en-US\"> EAA \u00e4r avg\u00f6rande f\u00f6r muskelproteinsyntesen och kan bidra till att st\u00f6dja muskeltillv\u00e4xt och reparation efter tr\u00e4ning.<\/span><\/li>\n<li><strong><span lang=\"en-US\">F\u00f6rb\u00e4ttrad \u00e5terh\u00e4mtning:<\/span><\/strong><span lang=\"en-US\"> EAA kan bidra till f\u00f6rb\u00e4ttrad \u00e5terh\u00e4mtning efter fysisk aktivitet genom att minska muskelskador och inflammation.<\/span><\/li>\n<li><strong><span lang=\"en-US\">F\u00f6rb\u00e4ttrad uth\u00e5llighet<\/span><\/strong><span lang=\"en-US\"><strong>:<\/strong> EAA kan bidra till att f\u00f6rb\u00e4ttra uth\u00e5lligheten genom att minska muskelv\u00e4vnadens katabolism under tr\u00e4ning och st\u00f6dja energiproduktionen.<\/span><\/li>\n<li><strong><span lang=\"en-US\">St\u00f6d f\u00f6r immunf\u00f6rsvaret:<\/span><\/strong><span lang=\"en-US\"> EAA \u00e4r viktiga f\u00f6r immunf\u00f6rsvaret, vilket kan vara till nytta f\u00f6r idrottare som l\u00f6per risk att drabbas av infektioner p\u00e5 grund av h\u00f6g fysisk aktivitet.<\/span><\/li>\n<\/ul>\n<p>&nbsp;<\/p>\n<p><strong><span lang=\"en-US\">Rekommenderad anv\u00e4ndning<\/span><\/strong><\/p>\n<p><span lang=\"en-US\">En portion per dag som ska tas f\u00f6re, under eller efter fysisk aktivitet eller under hela dagen.<\/span><\/p>\n<p><strong>Meddelande<\/strong><\/p>\n<ul>\n<li>Endast f\u00f6r vuxna och ers\u00e4tter inte en varierad och balanserad kost och en h\u00e4lsosam livsstil.<\/li>\n<li>\u00d6verskrid inte den rekommenderade dosen.<\/li>\n<li>Anv\u00e4nd inte produkten under amning eller graviditet utan att r\u00e5dg\u00f6ra med l\u00e4kare.<\/li>\n<li>F\u00f6rvara produkten p\u00e5 en sval, torr plats i en v\u00e4l tillsluten f\u00f6rpackning utom r\u00e4ckh\u00e5ll f\u00f6r barn under 3 \u00e5r.<\/li>\n<li>Kan inneh\u00e5lla sp\u00e5r av mj\u00f6lk, havre, \u00e4gg, soja.<\/li>\n<li>Laktosfri och Glutenfri.<\/li>\n<\/ul>","protected":false},"excerpt":{"rendered":"<p>Essential Amino Tabs Essential Amino Acid (EAA) piller \u00e4r formulerade f\u00f6r att tillhandah\u00e5lla de aminosyror som m\u00e4nniskokroppen inte kan syntetisera oberoende och m\u00e5ste erh\u00e5llas genom kosten. Dessa komponenter spelar en avg\u00f6rande roll i proteinsyntesen och \u00e4r viktiga f\u00f6r att bygga och reparera muskelv\u00e4vnad, vilket g\u00f6r dem s\u00e4rskilt f\u00f6rdelaktiga f\u00f6r idrottare och sport [...]].<\/p>","protected":false},"featured_media":588,"template":"","meta":[],"product_cat":[151,311],"product_tag":[161,317],"class_list":{"0":"post-586","1":"product","2":"type-product","3":"status-publish","4":"has-post-thumbnail","6":"product_cat-amino-acids-creatine","7":"product_cat-recovery-and-regeneration","8":"product_tag-amino-acids-creatine","9":"product_tag-recovery-and-regeneration","11":"first","12":"instock","13":"sale","14":"taxable","15":"shipping-taxable","16":"purchasable","17":"product-type-variable"},"aioseo_notices":[],"_links":{"self":[{"href":"https:\/\/www.selfprotein.com\/sv\/wp-json\/wp\/v2\/product\/586"}],"collection":[{"href":"https:\/\/www.selfprotein.com\/sv\/wp-json\/wp\/v2\/product"}],"about":[{"href":"https:\/\/www.selfprotein.com\/sv\/wp-json\/wp\/v2\/types\/product"}],"wp:featuredmedia":[{"embeddable":true,"href":"https:\/\/www.selfprotein.com\/sv\/wp-json\/wp\/v2\/media\/588"}],"wp:attachment":[{"href":"https:\/\/www.selfprotein.com\/sv\/wp-json\/wp\/v2\/media?parent=586"}],"wp:term":[{"taxonomy":"product_cat","embeddable":true,"href":"https:\/\/www.selfprotein.com\/sv\/wp-json\/wp\/v2\/product_cat?post=586"},{"taxonomy":"product_tag","embeddable":true,"href":"https:\/\/www.selfprotein.com\/sv\/wp-json\/wp\/v2\/product_tag?post=586"}],"curies":[{"name":"wp","href":"https:\/\/api.w.org\/{rel}","templated":true}]}}