{"id":592,"date":"2023-11-27T13:19:35","date_gmt":"2023-11-27T12:19:35","guid":{"rendered":"https:\/\/34.88.231.180\/product\/essential-bcaa-211\/"},"modified":"2026-05-01T00:23:50","modified_gmt":"2026-04-30T22:23:50","slug":"essential-bcaa-211","status":"publish","type":"product","link":"https:\/\/www.selfprotein.com\/sv\/produkt\/essential-bcaa-211\/","title":{"rendered":"Essential BCAA 2:1:1"},"content":{"rendered":"<p><strong>Produkt\u00f6versikt:<\/strong><\/p>\n<p>Dessa aminosyror \u00e4r viktiga f\u00f6r att bygga upp och bibeh\u00e5lla muskelmassa. BCAA utg\u00f6r en tredjedel av muskelproteinerna och best\u00e5r av tre essentiella aminosyror - leucin, isoleucin och valin. Dessa \u00e4r viktiga eftersom v\u00e5r kropp inte producerar dem sj\u00e4lv; d\u00e4rf\u00f6r m\u00e5ste de intas med mat eller som ett kosttillskott. Av dessa tre aminosyror har leucin den h\u00f6gsta fysiologiska f\u00f6rdelen f\u00f6r proteinsyntes, medan isoleucin uppmuntrar glukosabsorption i celler. Valin anv\u00e4nds mest f\u00f6r muskel\u00e5terh\u00e4mtning, v\u00e4vnadsreparation och kv\u00e4vebalans. Detta \u00e4r en mycket intressant produkt f\u00f6r alla idrottare eftersom BCAA passerar levern och g\u00e5r direkt till blodcirkulationen f\u00f6r omedelbar absorption till musklerna. Att ta BCAA kan ocks\u00e5 s\u00e4nka laktatniv\u00e5erna efter intensiv tr\u00e4ning; det minskar muskeltr\u00f6tthet och hj\u00e4lper till att reglera absorptionen av andra aminosyror. De hj\u00e4lper ocks\u00e5 kroppen att samla protein; brist p\u00e5 en av dessa aminosyror kommer att orsaka f\u00f6rlust av muskler.<\/p>\n<p><strong>Viktiga f\u00f6rdelar:<\/strong><\/p>\n<ul>\n<li>Fr\u00e4mjar muskeltillv\u00e4xt<\/li>\n<li>Snabbare \u00e5terh\u00e4mtning av musklerna<\/li>\n<li>\u00d6kar musklernas energi<\/li>\n<li>F\u00f6rb\u00e4ttrar proteinabsorptionen<\/li>\n<li>Minskar muskeltr\u00f6tthet<\/li>\n<li>Vitamin B6<\/li>\n<\/ul>\n<p>&nbsp;<\/p>\n<p><strong>Meddelande:<\/strong><\/p>\n<ul>\n<li>Endast f\u00f6r vuxna och ers\u00e4tter inte en varierad och balanserad kost och en h\u00e4lsosam livsstil.<\/li>\n<li>\u00d6verskrid inte den rekommenderade dosen.<\/li>\n<li>Rekommenderad daglig dos: 5 tabletter.<\/li>\n<li>Anv\u00e4nd inte produkten under amning eller graviditet utan att r\u00e5dg\u00f6ra med l\u00e4kare.<\/li>\n<li>F\u00f6rvara produkten p\u00e5 en sval, torr plats i en v\u00e4l tillsluten f\u00f6rpackning utom r\u00e4ckh\u00e5ll f\u00f6r barn under 3 \u00e5r.<\/li>\n<li>Kan inneh\u00e5lla sp\u00e5r av \u00e4gg, soja, havre, mj\u00f6lk.<\/li>\n<li>Laktosfri och Glutenfri.<\/li>\n<\/ul>","protected":false},"excerpt":{"rendered":"<p>Produkt\u00f6versikt: Dessa aminosyror \u00e4r viktiga f\u00f6r att bygga upp och bibeh\u00e5lla muskelmassa. BCAA utg\u00f6r en tredjedel av muskelproteinerna och best\u00e5r av tre essentiella aminosyror - leucin, isoleucin och valin. Dessa \u00e4r viktiga eftersom v\u00e5r kropp inte producerar dem sj\u00e4lv; d\u00e4rf\u00f6r m\u00e5ste de intas med mat eller som en [...].<\/p>","protected":false},"featured_media":594,"template":"","meta":[],"product_cat":[151,311],"product_tag":[161,317],"class_list":{"0":"post-592","1":"product","2":"type-product","3":"status-publish","4":"has-post-thumbnail","6":"product_cat-amino-acids-creatine","7":"product_cat-recovery-and-regeneration","8":"product_tag-amino-acids-creatine","9":"product_tag-recovery-and-regeneration","11":"first","12":"instock","13":"sale","14":"taxable","15":"shipping-taxable","16":"purchasable","17":"product-type-variable"},"aioseo_notices":[],"_links":{"self":[{"href":"https:\/\/www.selfprotein.com\/sv\/wp-json\/wp\/v2\/product\/592"}],"collection":[{"href":"https:\/\/www.selfprotein.com\/sv\/wp-json\/wp\/v2\/product"}],"about":[{"href":"https:\/\/www.selfprotein.com\/sv\/wp-json\/wp\/v2\/types\/product"}],"wp:featuredmedia":[{"embeddable":true,"href":"https:\/\/www.selfprotein.com\/sv\/wp-json\/wp\/v2\/media\/594"}],"wp:attachment":[{"href":"https:\/\/www.selfprotein.com\/sv\/wp-json\/wp\/v2\/media?parent=592"}],"wp:term":[{"taxonomy":"product_cat","embeddable":true,"href":"https:\/\/www.selfprotein.com\/sv\/wp-json\/wp\/v2\/product_cat?post=592"},{"taxonomy":"product_tag","embeddable":true,"href":"https:\/\/www.selfprotein.com\/sv\/wp-json\/wp\/v2\/product_tag?post=592"}],"curies":[{"name":"wp","href":"https:\/\/api.w.org\/{rel}","templated":true}]}}