{"id":598,"date":"2023-11-27T13:19:46","date_gmt":"2023-11-27T12:19:46","guid":{"rendered":"https:\/\/34.88.231.180\/product\/glutamine-peptides\/"},"modified":"2026-04-01T00:00:16","modified_gmt":"2026-03-31T22:00:16","slug":"glutamine-peptide","status":"publish","type":"product","link":"https:\/\/www.selfprotein.com\/sv\/produkt\/glutamine-peptide\/","title":{"rendered":"Glutamine Peptide"},"content":{"rendered":"<p style=\"text-align: left;\" align=\"center\"><strong><span lang=\"en-US\">Glutaminpeptider<\/span><\/strong><\/p>\n<p><span lang=\"en-US\">Glutaminpeptider representerar en avancerad form av glutamin, d\u00e4r aminosyran \u00e4r bunden till andra molekyler, vanligtvis peptider eller aminosyror, f\u00f6r att optimera dess absorption och biotillg\u00e4nglighet i kroppen. Glutamin, en icke-essentiell aminosyra, spelar en avg\u00f6rande roll i flera kroppsfunktioner, inklusive att st\u00f6dja immunsystemet, proteinsyntesen och uppr\u00e4tth\u00e5lla tarmh\u00e4lsan.<\/span><\/p>\n<p><span lang=\"en-US\">F\u00f6rdelar med Glutamin Peptider:<\/span><\/p>\n<ul>\n<li><strong><span lang=\"en-US\">F\u00f6rb\u00e4ttrad absorption och biotillg\u00e4nglighet:<\/span><\/strong><span lang=\"en-US\"> Tack vare sin avancerade formulering m\u00f6jligg\u00f6r glutaminpeptider effektivare assimilering j\u00e4mf\u00f6rt med standardglutamin, vilket s\u00e4kerst\u00e4ller st\u00f6rre tillg\u00e4nglighet av denna viktiga aminosyra f\u00f6r kroppen.<\/span><\/li>\n<li><strong><span lang=\"en-US\">St\u00f6d f\u00f6r muskeltillv\u00e4xt:<\/span><\/strong><span lang=\"en-US\"> Idrottare och kroppsbyggare anv\u00e4nder ofta glutaminpeptidtillskott f\u00f6r att fr\u00e4mja muskeltillv\u00e4xt och underl\u00e4tta \u00e5terh\u00e4mtning efter intensiv fysisk tr\u00e4ning, eftersom de kan optimera muskelproteinsyntesen.<\/span><\/li>\n<li><strong><span lang=\"en-US\">Minskning av muskelnedbrytning<\/span><\/strong><span lang=\"en-US\"><strong>:<\/strong> Glutaminpeptider kan minska muskelnedbrytningen, skydda muskelv\u00e4vnader under tr\u00e4ning och underl\u00e4tta b\u00e4ttre muskelreparation och \u00e5terh\u00e4mtning.<\/span><\/li>\n<li><strong><span lang=\"en-US\">Ytterligare f\u00f6rdelar f\u00f6r tarmh\u00e4lsan<\/span><\/strong><span lang=\"en-US\"><strong>:<\/strong> P\u00e5 grund av sin verkan p\u00e5 glutamin kan glutaminpeptider bidra till att uppr\u00e4tth\u00e5lla h\u00e4lsan i tarmslemhinnan, vilket st\u00f6der optimal tarmfunktion och fr\u00e4mjar b\u00e4ttre allm\u00e4n h\u00e4lsa.<\/span><\/li>\n<\/ul>\n<p>&nbsp;<\/p>\n<p><strong><span lang=\"en-US\">Rekommenderad anv\u00e4ndning<\/span><\/strong><\/p>\n<p><span lang=\"en-US\">En dos f\u00f6re, under eller efter tr\u00e4ningspasset.<\/span><\/p>\n<p><strong>Meddelande:<\/strong><\/p>\n<ul>\n<li>Endast f\u00f6r vuxna och ers\u00e4tter inte en varierad och balanserad kost och en h\u00e4lsosam livsstil.<\/li>\n<li>\u00d6verskrid inte den rekommenderade dosen.<\/li>\n<li>Anv\u00e4nd inte produkten under amning eller graviditet utan att r\u00e5dg\u00f6ra med l\u00e4kare.<\/li>\n<li>F\u00f6rvara produkten p\u00e5 en sval, torr plats i en v\u00e4l tillsluten f\u00f6rpackning utom r\u00e4ckh\u00e5ll f\u00f6r barn under 3 \u00e5r.<\/li>\n<li>Kan inneh\u00e5lla sp\u00e5r av mj\u00f6lk, havre, \u00e4gg, soja.<\/li>\n<li>Laktosfri och Glutenfri.<\/li>\n<\/ul>","protected":false},"excerpt":{"rendered":"<details>\n<summary>Ingredienser<\/summary>\n<table style=\"text-align: center;\">\n<tbody>\n<tr>\n<th>Ingredienser<\/th>\n<th>per portion 9 g<\/th>\n<\/tr>\n<tr>\n<td>Glutamine Peptide<\/td>\n<td>7,65g<\/td>\n<\/tr>\n<tr>\n<td>varav<\/td>\n<td><\/td>\n<\/tr>\n<tr>\n<td>4,65 g L-glutamin<\/td>\n<td><\/td>\n<\/tr>\n<tr>\n<td>3 g L-lanin<\/td>\n<td><\/td>\n<\/tr>\n<tr>\n<td colspan=\"2\"><strong>\u00d6vriga ingredienser: <\/strong>surhetsreglerande medel (E296), klumpf\u00f6rebyggande medel (E551), arom, antioxidationsmedel (E341), emulgeringsmedel (E470b), s\u00f6tningsmedel (E955), f\u00e4rg\u00e4mne (E160a)<\/td>\n<\/tr>\n<\/tbody>\n<\/table>\n<\/details>\n<p>&nbsp;<\/p>","protected":false},"featured_media":599,"template":"","meta":[],"product_cat":[151,311],"product_tag":[161,317],"class_list":{"0":"post-598","1":"product","2":"type-product","3":"status-publish","4":"has-post-thumbnail","6":"product_cat-amino-acids-creatine","7":"product_cat-recovery-and-regeneration","8":"product_tag-amino-acids-creatine","9":"product_tag-recovery-and-regeneration","11":"first","12":"instock","13":"taxable","14":"shipping-taxable","15":"purchasable","16":"product-type-simple"},"aioseo_notices":[],"_links":{"self":[{"href":"https:\/\/www.selfprotein.com\/sv\/wp-json\/wp\/v2\/product\/598"}],"collection":[{"href":"https:\/\/www.selfprotein.com\/sv\/wp-json\/wp\/v2\/product"}],"about":[{"href":"https:\/\/www.selfprotein.com\/sv\/wp-json\/wp\/v2\/types\/product"}],"wp:featuredmedia":[{"embeddable":true,"href":"https:\/\/www.selfprotein.com\/sv\/wp-json\/wp\/v2\/media\/599"}],"wp:attachment":[{"href":"https:\/\/www.selfprotein.com\/sv\/wp-json\/wp\/v2\/media?parent=598"}],"wp:term":[{"taxonomy":"product_cat","embeddable":true,"href":"https:\/\/www.selfprotein.com\/sv\/wp-json\/wp\/v2\/product_cat?post=598"},{"taxonomy":"product_tag","embeddable":true,"href":"https:\/\/www.selfprotein.com\/sv\/wp-json\/wp\/v2\/product_tag?post=598"}],"curies":[{"name":"wp","href":"https:\/\/api.w.org\/{rel}","templated":true}]}}