{"id":611,"date":"2023-11-27T13:28:02","date_gmt":"2023-11-27T12:28:02","guid":{"rendered":"https:\/\/34.88.231.180\/product\/hmb\/"},"modified":"2026-05-01T00:23:48","modified_gmt":"2026-04-30T22:23:48","slug":"hmb","status":"publish","type":"product","link":"https:\/\/www.selfprotein.com\/sv\/produkt\/hmb\/","title":{"rendered":"HMB"},"content":{"rendered":"<p style=\"text-align: left;\" align=\"center\"><strong><span lang=\"en-US\">HMB<\/span><\/strong><\/p>\n<p><span lang=\"en-US\">Uppt\u00e4ck potentialen hos HMB (beta-hydroxy beta-methylbutyric acid), en metabolit av den essentiella aminosyran leucin, f\u00f6r att fr\u00e4mja muskeltillv\u00e4xt och f\u00f6rhindra muskelnedbrytning. Tack vare sin f\u00f6rm\u00e5ga att minska nedbrytningen av muskelprotein och \u00f6ka syntesen av muskelprotein har HMB blivit ett popul\u00e4rt tillskott bland fitnessentusiaster och idrottare som vill f\u00f6rb\u00e4ttra sin prestation och sitt fysiska utseende.<\/span><\/p>\n<p><span lang=\"en-US\">F\u00f6rdelar med HMB:<\/span><\/p>\n<ul>\n<li><strong><span lang=\"en-US\">Fr\u00e4mjande av muskeltillv\u00e4xt:<\/span><\/strong><span lang=\"en-US\"> Tillskott med HMB kan fr\u00e4mja muskeltillv\u00e4xt genom att minska nedbrytningen av muskelprotein och \u00f6ka syntesen av muskelprotein. Detta kan leda till mer betydande muskelvinster \u00f6ver tid.<\/span><\/li>\n<li><strong><span lang=\"en-US\">F\u00f6rebyggande av muskelnedbrytning:<\/span><\/strong><span lang=\"en-US\"> HMB \u00e4r k\u00e4nt f\u00f6r sin roll i att f\u00f6rhindra muskelnedbrytning, vilket kan vara s\u00e4rskilt f\u00f6rdelaktigt under perioder med h\u00f6g metabolisk stress, s\u00e5som intensiv tr\u00e4ning eller \u00e5terh\u00e4mtning fr\u00e5n skador.<\/span><\/li>\n<li><strong><span lang=\"en-US\">F\u00f6rb\u00e4ttring av styrka och kraft:<\/span><\/strong><span lang=\"en-US\"> Studier har visat att tillskott av HMB kan bidra till att f\u00f6rb\u00e4ttra muskelstyrka och kraft, vilket g\u00f6r det m\u00f6jligt f\u00f6r idrottare att uppn\u00e5 h\u00f6gre prestationsniv\u00e5er under tr\u00e4ning och t\u00e4vling.<\/span><\/li>\n<li><strong><span lang=\"en-US\">St\u00f6d f\u00f6r mager muskelmassa:<\/span><\/strong><span lang=\"en-US\"> Genom att integrera HMB i sin kost kan individer uppleva en f\u00f6rb\u00e4ttring av kroppssammans\u00e4ttningen, med en \u00f6kning av muskelmassan och en minskning av fettmassan.<\/span><\/li>\n<li><strong><span lang=\"en-US\">Optimering av motst\u00e5ndstr\u00e4ning:<\/span><\/strong><span lang=\"en-US\"> HMB \u00e4r s\u00e4rskilt effektivt n\u00e4r det kombineras med motst\u00e5ndstr\u00e4ning, eftersom det kan f\u00f6rb\u00e4ttra kroppens f\u00f6rm\u00e5ga att anpassa sig till tr\u00e4ningsstimuli och fr\u00e4mja b\u00e4ttre l\u00e5ngsiktiga resultat.<\/span><\/li>\n<\/ul>\n<p>&nbsp;<\/p>\n<p><span lang=\"en-US\">Genom att integrera HMB i din tr\u00e4nings- och n\u00e4ringsrutin kan du maximera dina anstr\u00e4ngningar f\u00f6r att bygga starkare, mer definierade och mer motst\u00e5ndskraftiga muskler och uppn\u00e5 konkreta och varaktiga resultat p\u00e5 din resa mot din idealiska konditionsniv\u00e5.<\/span><\/p>\n<p><strong><span lang=\"en-US\">Rekommenderad anv\u00e4ndning<\/span><\/strong><\/p>\n<p><span lang=\"en-US\">1 portion 30-45 minuter f\u00f6re eller direkt efter tr\u00e4ningspasset.<\/span><\/p>\n<p><strong>Meddelande:<\/strong><\/p>\n<ul>\n<li>Endast f\u00f6r vuxna och ers\u00e4tter inte en varierad och balanserad kost och en h\u00e4lsosam livsstil.<\/li>\n<li>\u00d6verskrid inte den rekommenderade dosen.<\/li>\n<li>Anv\u00e4nd inte produkten under amning eller graviditet utan att r\u00e5dg\u00f6ra med l\u00e4kare.<\/li>\n<li>F\u00f6rvara produkten p\u00e5 en sval, torr plats i en v\u00e4l tillsluten f\u00f6rpackning utom r\u00e4ckh\u00e5ll f\u00f6r barn under 3 \u00e5r.<\/li>\n<li>Kan inneh\u00e5lla sp\u00e5r av mj\u00f6lk, havre, \u00e4gg, soja.<\/li>\n<li>Laktosfri och Glutenfri.<\/li>\n<\/ul>","protected":false},"excerpt":{"rendered":"<details>\n<summary>Ingredienser<\/summary>\n<table style=\"text-align: center;\">\n<tbody>\n<tr>\n<th>Ingredienser<\/th>\n<th>per portion 3cps<\/th>\n<\/tr>\n<tr>\n<td>Beta-hydroxi-beta-metylsm\u00f6rsyra (HMB)<\/td>\n<td>3000 mg<\/td>\n<\/tr>\n<tr>\n<td colspan=\"2\"><strong>\u00d6vriga ingredienser: <\/strong>stabiliseringsmedel (E470b,E551), vegansk kapsel (E1204)<\/td>\n<\/tr>\n<\/tbody>\n<\/table>\n<\/details>\n<p>&nbsp;<\/p>","protected":false},"featured_media":612,"template":"","meta":[],"product_cat":[151,311,308],"product_tag":[161,317,318],"class_list":{"0":"post-611","1":"product","2":"type-product","3":"status-publish","4":"has-post-thumbnail","6":"product_cat-amino-acids-creatine","7":"product_cat-recovery-and-regeneration","8":"product_cat-strength-and-muscle-mass","9":"product_tag-amino-acids-creatine","10":"product_tag-recovery-and-regeneration","11":"product_tag-strength-and-muscle-mass","13":"first","14":"instock","15":"sale","16":"taxable","17":"shipping-taxable","18":"purchasable","19":"product-type-simple"},"aioseo_notices":[],"_links":{"self":[{"href":"https:\/\/www.selfprotein.com\/sv\/wp-json\/wp\/v2\/product\/611"}],"collection":[{"href":"https:\/\/www.selfprotein.com\/sv\/wp-json\/wp\/v2\/product"}],"about":[{"href":"https:\/\/www.selfprotein.com\/sv\/wp-json\/wp\/v2\/types\/product"}],"wp:featuredmedia":[{"embeddable":true,"href":"https:\/\/www.selfprotein.com\/sv\/wp-json\/wp\/v2\/media\/612"}],"wp:attachment":[{"href":"https:\/\/www.selfprotein.com\/sv\/wp-json\/wp\/v2\/media?parent=611"}],"wp:term":[{"taxonomy":"product_cat","embeddable":true,"href":"https:\/\/www.selfprotein.com\/sv\/wp-json\/wp\/v2\/product_cat?post=611"},{"taxonomy":"product_tag","embeddable":true,"href":"https:\/\/www.selfprotein.com\/sv\/wp-json\/wp\/v2\/product_tag?post=611"}],"curies":[{"name":"wp","href":"https:\/\/api.w.org\/{rel}","templated":true}]}}