{"id":620,"date":"2023-11-27T13:28:18","date_gmt":"2023-11-27T12:28:18","guid":{"rendered":"https:\/\/34.88.231.180\/product\/hydro-plus\/"},"modified":"2026-04-01T00:00:18","modified_gmt":"2026-03-31T22:00:18","slug":"hydro-plus","status":"publish","type":"product","link":"https:\/\/www.selfprotein.com\/sv\/produkt\/hydro-plus\/","title":{"rendered":"Hydro Plus"},"content":{"rendered":"<p style=\"text-align: left;\" align=\"center\"><strong><span lang=\"en-US\">Hydro Plus<\/span><\/strong><\/p>\n<p><span lang=\"en-US\">Med sin f\u00f6rm\u00e5ga att ge omedelbar energi och uppr\u00e4tth\u00e5lla kroppens v\u00e4tskebalans har kolhydrat- och elektrolytformler blivit en h\u00f6rnsten i sportn\u00e4ring, vilket g\u00f6r det m\u00f6jligt f\u00f6r idrottare och aktiva individer att uppn\u00e5 optimal prestanda och fr\u00e4mja snabb och effektiv \u00e5terh\u00e4mtning.<\/span><\/p>\n<p><span lang=\"en-US\">Utforska effektiviteten hos kolhydrat- och elektrolytformler, ett viktigt alternativ inom sportn\u00e4ring som kombinerar kolhydrater och elektrolyter f\u00f6r att ge energi och uppr\u00e4tth\u00e5lla v\u00e4tskebalansen under fysisk aktivitet. Den h\u00e4r typen av produkter har blivit ett popul\u00e4rt val bland idrottare och aktiva personer som vill optimera sin prestation och \u00e5terh\u00e4mtning under tr\u00e4ning eller t\u00e4vling.<\/span><\/p>\n<p><span lang=\"en-US\">F\u00f6rdelar med Hydro Plus:<\/span><\/p>\n<ul>\n<li><strong><span lang=\"en-US\">\u00c5teruppbyggnad av energireserver<\/span><\/strong><span lang=\"en-US\"><strong>:<\/strong> Kolhydrat- och elektrolytformler ger en snabb energik\u00e4lla genom kolhydrater, vilket \u00e4r viktigt f\u00f6r att uppr\u00e4tth\u00e5lla h\u00f6gintensiv och l\u00e5ngvarig fysisk aktivitet.<\/span><\/li>\n<li><strong><span lang=\"en-US\">Uppr\u00e4tth\u00e5llande av v\u00e4tskebalansen<\/span><\/strong><span lang=\"en-US\"><strong>:<\/strong> Elektrolyter som natrium, kalium och magnesium som finns i dessa formler hj\u00e4lper till att reglera v\u00e4tskebalansen i kroppen, vilket f\u00f6rhindrar uttorkning och optimerar prestationen.<\/span><\/li>\n<li><strong><span lang=\"en-US\">F\u00f6rb\u00e4ttring av prestationer:<\/span><\/strong><span lang=\"en-US\"> Tack vare kombinationen av kolhydrater och elektrolyter kan dessa formler bidra till att uppr\u00e4tth\u00e5lla stabila energiniv\u00e5er under tr\u00e4ning, vilket f\u00f6rb\u00e4ttrar uth\u00e5lligheten och f\u00f6rm\u00e5gan att uppr\u00e4tth\u00e5lla l\u00e5ngvarig fysisk anstr\u00e4ngning.<\/span><\/li>\n<li><strong><span lang=\"en-US\">P\u00e5skyndad \u00e5terh\u00e4mtning:<\/span><\/strong><span lang=\"en-US\"> Genom att anv\u00e4nda kolhydrat- och elektrolytformler under och efter fysisk aktivitet kan individer p\u00e5skynda \u00e5terh\u00e4mtningsprocessen genom att fylla p\u00e5 energireserverna och \u00e5terfukta ordentligt.<\/span><\/li>\n<li><strong><span lang=\"en-US\">Bekv\u00e4mlighet och praktiska egenskaper:<\/span><\/strong><span lang=\"en-US\"> Kolhydrat- och elektrolytformler \u00e4r ett bekv\u00e4mt och effektivt s\u00e4tt att se till att du f\u00e5r i dig r\u00e4tt m\u00e4ngd energi och v\u00e4tska under tr\u00e4ning, utan att beh\u00f6va b\u00e4ra med dig och kombinera olika livsmedel eller kosttillskott.<\/span><\/li>\n<\/ul>\n<p>&nbsp;<\/p>\n<p><strong><span lang=\"en-US\">Rekommenderad anv\u00e4ndning<\/span><\/strong><\/p>\n<p><span lang=\"en-US\">1 portion i 500 ml vatten (vattenflaska). Under intensiv fysisk tr\u00e4ning rekommenderas det att konsumera 500 ml av produkten f\u00f6r varje timme av aktivitet.<\/span><\/p>\n<p><strong>Meddelande:<\/strong><\/p>\n<ul>\n<li>Endast f\u00f6r vuxna och ers\u00e4tter inte en varierad och balanserad kost och en h\u00e4lsosam livsstil.<\/li>\n<li>\u00d6verskrid inte den rekommenderade dosen.<\/li>\n<li>Anv\u00e4nd inte produkten under amning eller graviditet utan att r\u00e5dg\u00f6ra med l\u00e4kare.<\/li>\n<li>F\u00f6rvara produkten p\u00e5 en sval, torr plats i en v\u00e4l tillsluten f\u00f6rpackning utom r\u00e4ckh\u00e5ll f\u00f6r barn under 3 \u00e5r.<\/li>\n<li>Kan inneh\u00e5lla sp\u00e5r av mj\u00f6lk, havre, \u00e4gg, soja.<\/li>\n<li>Laktosfri och Glutenfri.<\/li>\n<\/ul>","protected":false},"excerpt":{"rendered":"<p>Hydro Plus Med sin f\u00f6rm\u00e5ga att ge omedelbar energi och uppr\u00e4tth\u00e5lla kroppens v\u00e4tskebalans har kolhydrat- och elektrolytformler blivit en h\u00f6rnsten i sportn\u00e4ring, vilket g\u00f6r det m\u00f6jligt f\u00f6r idrottare och aktiva individer att uppn\u00e5 optimal prestanda och fr\u00e4mja snabb och effektiv \u00e5terh\u00e4mtning. Utforska effektiviteten hos kolhydrat- och elektrolytformler, ett viktigt alternativ inom sportn\u00e4ring [...]<\/p>","protected":false},"featured_media":622,"template":"","meta":[],"product_cat":[310,217],"product_tag":[315,230],"class_list":{"0":"post-620","1":"product","2":"type-product","3":"status-publish","4":"has-post-thumbnail","6":"product_cat-performance-and-endurance","7":"product_cat-pre-workout-energy","8":"product_tag-performance-and-endurance","9":"product_tag-pre-workout-energy","11":"first","12":"instock","13":"taxable","14":"shipping-taxable","15":"purchasable","16":"product-type-variable"},"aioseo_notices":[],"_links":{"self":[{"href":"https:\/\/www.selfprotein.com\/sv\/wp-json\/wp\/v2\/product\/620"}],"collection":[{"href":"https:\/\/www.selfprotein.com\/sv\/wp-json\/wp\/v2\/product"}],"about":[{"href":"https:\/\/www.selfprotein.com\/sv\/wp-json\/wp\/v2\/types\/product"}],"wp:featuredmedia":[{"embeddable":true,"href":"https:\/\/www.selfprotein.com\/sv\/wp-json\/wp\/v2\/media\/622"}],"wp:attachment":[{"href":"https:\/\/www.selfprotein.com\/sv\/wp-json\/wp\/v2\/media?parent=620"}],"wp:term":[{"taxonomy":"product_cat","embeddable":true,"href":"https:\/\/www.selfprotein.com\/sv\/wp-json\/wp\/v2\/product_cat?post=620"},{"taxonomy":"product_tag","embeddable":true,"href":"https:\/\/www.selfprotein.com\/sv\/wp-json\/wp\/v2\/product_tag?post=620"}],"curies":[{"name":"wp","href":"https:\/\/api.w.org\/{rel}","templated":true}]}}