{"id":637,"date":"2023-11-27T13:28:59","date_gmt":"2023-11-27T12:28:59","guid":{"rendered":"https:\/\/34.88.231.180\/product\/inject-pwo\/"},"modified":"2026-05-01T00:23:51","modified_gmt":"2026-04-30T22:23:51","slug":"inject-pwo","status":"publish","type":"product","link":"https:\/\/www.selfprotein.com\/sv\/produkt\/inject-pwo\/","title":{"rendered":"Inject PWO"},"content":{"rendered":"<p style=\"text-align: left;\" align=\"center\"><strong><span lang=\"en-US\">Inject F\u00f6re tr\u00e4ning<\/span><\/strong><\/p>\n<p><span lang=\"en-US\">Inject Pre-Workout \u00e4r ett kosttillskott som \u00e4r utformat f\u00f6r att tas f\u00f6re ett tr\u00e4ningspass f\u00f6r att f\u00f6rb\u00e4ttra den fysiska prestationen och \u00f6ka energiniv\u00e5erna. Denna typ av kosttillskott kan vara s\u00e4rskilt anv\u00e4ndbart f\u00f6r dem som vill optimera sin prestation under fysisk aktivitet, men det \u00e4r viktigt att anv\u00e4nda det med f\u00f6rsiktighet och f\u00f6lja de rekommenderade doserna.<\/span><\/p>\n<p><span lang=\"en-US\">F\u00f6rdelar med Inject Pre-Workout:<\/span><\/p>\n<ul>\n<li><strong><span lang=\"en-US\">F\u00f6rb\u00e4ttring av prestanda:<\/span><\/strong><span lang=\"en-US\"> Att ta Inject Pre-Workout kan bidra till att f\u00f6rb\u00e4ttra prestationen under tr\u00e4ning. Ingredienserna i detta tillskott kan bidra till \u00f6kad uth\u00e5llighet, styrka och koncentration, vilket g\u00f6r det m\u00f6jligt f\u00f6r idrottare att uppn\u00e5 h\u00f6gre prestationsniv\u00e5er.<\/span><\/li>\n<li><strong><span lang=\"en-US\">\u00d6kade energiniv\u00e5er:<\/span><\/strong><span lang=\"en-US\"> Tack vare sin m\u00e5linriktade sammans\u00e4ttning kan Inject Pre-Workout \u00f6ka energiniv\u00e5erna s\u00e5 att du kan ta dig an tr\u00e4ningen med st\u00f6rre vitalitet och beslutsamhet. Detta \u00e4r s\u00e4rskilt f\u00f6rdelaktigt f\u00f6r dem som st\u00e5r inf\u00f6r intensiva eller l\u00e5ngvariga tr\u00e4ningspass.<\/span><\/li>\n<li><strong><span lang=\"en-US\">St\u00f6der koncentration:<\/span><\/strong><span lang=\"en-US\"> Kosttillskott f\u00f6re tr\u00e4ning som Inject Pre-Workout inneh\u00e5ller ofta ingredienser som \u00e4r utformade f\u00f6r att f\u00f6rb\u00e4ttra mental koncentration och fokus. Detta kan vara till hj\u00e4lp f\u00f6r att h\u00e5lla sinnet fokuserat p\u00e5 m\u00e5let under tr\u00e4ningen och d\u00e4rmed f\u00f6rb\u00e4ttra den totala effektiviteten i tr\u00e4ningspasset.<\/span><\/li>\n<\/ul>\n<p><\/p>\n<p><strong><span lang=\"en-US\">Rekommenderad anv\u00e4ndning<\/span><\/strong><\/p>\n<p><span lang=\"en-US\">Ta 1 portion 30-45 minuter f\u00f6re tr\u00e4ningspasset.<\/span>\n<\/p>\n<p class=\"xmprfx_MsoNormal\"><b>Meddelande:<\/b><\/p>\n<ul>\n<li>Endast f\u00f6r vuxna och ers\u00e4tter inte en varierad och balanserad kost och en h\u00e4lsosam livsstil.<\/li>\n<li>\u00d6verskrid inte den rekommenderade dosen.<\/li>\n<li>Anv\u00e4nd inte produkten under amning eller graviditet utan att r\u00e5dg\u00f6ra med l\u00e4kare.<\/li>\n<li>F\u00f6rvara produkten p\u00e5 en sval, torr plats i en v\u00e4l tillsluten f\u00f6rpackning utom r\u00e4ckh\u00e5ll f\u00f6r barn under 3 \u00e5r.<\/li>\n<li>Kan inneh\u00e5lla sp\u00e5r av mj\u00f6lk, havre, \u00e4gg, soja.<\/li>\n<li>Laktosfri och Glutenfri.<\/li>\n<\/ul>","protected":false},"excerpt":{"rendered":"<p>Inject Pre-Workout Inject Pre-Workout \u00e4r ett kosttillskott som \u00e4r utformat f\u00f6r att tas f\u00f6re ett tr\u00e4ningspass f\u00f6r att f\u00f6rb\u00e4ttra den fysiska prestationen och \u00f6ka energiniv\u00e5n. Denna typ av tillskott kan vara s\u00e4rskilt anv\u00e4ndbart f\u00f6r dem som vill optimera sin prestation under fysisk aktivitet, men det \u00e4r viktigt att anv\u00e4nda det med f\u00f6rsiktighet och f\u00f6lja de rekommenderade doserna. F\u00f6rdelar [...]<\/p>","protected":false},"featured_media":5634,"template":"","meta":[],"product_cat":[310,217],"product_tag":[315,230],"class_list":{"0":"post-637","1":"product","2":"type-product","3":"status-publish","4":"has-post-thumbnail","6":"product_cat-performance-and-endurance","7":"product_cat-pre-workout-energy","8":"product_tag-performance-and-endurance","9":"product_tag-pre-workout-energy","11":"first","12":"instock","13":"taxable","14":"shipping-taxable","15":"purchasable","16":"product-type-variable"},"aioseo_notices":[],"_links":{"self":[{"href":"https:\/\/www.selfprotein.com\/sv\/wp-json\/wp\/v2\/product\/637"}],"collection":[{"href":"https:\/\/www.selfprotein.com\/sv\/wp-json\/wp\/v2\/product"}],"about":[{"href":"https:\/\/www.selfprotein.com\/sv\/wp-json\/wp\/v2\/types\/product"}],"wp:featuredmedia":[{"embeddable":true,"href":"https:\/\/www.selfprotein.com\/sv\/wp-json\/wp\/v2\/media\/5634"}],"wp:attachment":[{"href":"https:\/\/www.selfprotein.com\/sv\/wp-json\/wp\/v2\/media?parent=637"}],"wp:term":[{"taxonomy":"product_cat","embeddable":true,"href":"https:\/\/www.selfprotein.com\/sv\/wp-json\/wp\/v2\/product_cat?post=637"},{"taxonomy":"product_tag","embeddable":true,"href":"https:\/\/www.selfprotein.com\/sv\/wp-json\/wp\/v2\/product_tag?post=637"}],"curies":[{"name":"wp","href":"https:\/\/api.w.org\/{rel}","templated":true}]}}