{"id":651,"date":"2023-11-27T13:29:28","date_gmt":"2023-11-27T12:29:28","guid":{"rendered":"https:\/\/34.88.231.180\/product\/instant-oat\/"},"modified":"2026-05-01T00:24:22","modified_gmt":"2026-04-30T22:24:22","slug":"instant-oat","status":"publish","type":"product","link":"https:\/\/www.selfprotein.com\/sv\/produkt\/instant-oat\/","title":{"rendered":"Instant Oat"},"content":{"rendered":"<p style=\"text-align: left;\" align=\"center\"><span lang=\"en-US\"><strong>Instant Oat<\/strong> <\/span><\/p>\n<p><span lang=\"en-US\">Med sin unika kombination av komplexa kolhydrater och fibrer har havremj\u00f6l i pulverform f\u00e5tt ett rykte om sig att vara ett m\u00e5ngsidigt och n\u00e4ringsrikt kosttillskott som passar f\u00f6r att tillgodose en m\u00e4ngd olika kost- och n\u00e4ringsbehov, b\u00e5de f\u00f6r idrottare och f\u00f6r dem som vill ha en aktiv och h\u00e4lsosam livsstil.<\/span><\/p>\n<p><span lang=\"en-US\">Uppt\u00e4ck effekten av havremj\u00f6l i pulverform, ett mycket uppskattat kosttillskott f\u00f6r sin f\u00f6rm\u00e5ga att ge en snabb k\u00e4lla till komplexa kolhydrater och fibrer. Denna produkt har blivit ett popul\u00e4rt val bland dem som s\u00f6ker en h\u00e4lsosam frukost eller ett mellanm\u00e5l som ger bibeh\u00e5llen energi \u00f6ver tid och bidrar till en m\u00e4ttnadsk\u00e4nsla tack vare sin fiberrikedom.<\/span><\/p>\n<p><span lang=\"en-US\">F\u00f6rdelar med pulveriserat havremj\u00f6l:<\/span><\/p>\n<ul>\n<li><strong><span lang=\"en-US\">K\u00e4lla till kolhydrater med l\u00e5ngsam fris\u00e4ttning:<\/span><\/strong><span lang=\"en-US\"> Havremj\u00f6l i pulverform ger komplexa kolhydrater som gradvis fris\u00e4tts i blodomloppet, vilket s\u00e4kerst\u00e4ller en stadig tillf\u00f6rsel av energi \u00f6ver tid, perfekt f\u00f6r att st\u00f6dja fysisk eller mental aktivitet.<\/span><\/li>\n<li><strong><span lang=\"en-US\">Rik p\u00e5 fibrer:<\/span><\/strong><span lang=\"en-US\"> Tack vare fiberinneh\u00e5llet bidrar havremj\u00f6l till att uppr\u00e4tth\u00e5lla stabila blodsockerniv\u00e5er och fr\u00e4mjar en k\u00e4nsla av m\u00e4ttnad, vilket hj\u00e4lper till att kontrollera aptiten och h\u00e5lla en h\u00e4lsosam kroppsvikt.<\/span><\/li>\n<li><strong><span lang=\"en-US\">M\u00e5ngsidighet i anv\u00e4ndningen:<\/span><\/strong><span lang=\"en-US\"> Pulveriserat havremj\u00f6l kan enkelt inf\u00f6rlivas i en m\u00e4ngd olika recept, inklusive proteinshakes, energidrycker och hemlagade proteinbars, vilket ger ett n\u00e4ringsrikt och v\u00e4lsmakande alternativ f\u00f6r att tillgodose kost- och n\u00e4ringsbehov.<\/span><\/li>\n<li><strong><span lang=\"en-US\">Enkel f\u00f6rberedelse:<\/span><\/strong><span lang=\"en-US\"> Du kan anv\u00e4nda havremj\u00f6l i pulverform genom att blanda det med vatten, mj\u00f6lk eller andra v\u00e4tskor f\u00f6r att skapa en n\u00e4ringsrik dryck rik p\u00e5 komplexa kolhydrater och fibrer eller tills\u00e4tta det i proteinshakes eller havrebaserade recept.<\/span><\/li>\n<li><strong><span lang=\"en-US\">St\u00f6d under och efter fysisk aktivitet:<\/span><\/strong><span lang=\"en-US\"> Med sin f\u00f6rm\u00e5ga att ge l\u00e5ngvarig energi och ett tillskott av fibrer \u00e4r havremj\u00f6l i pulverform s\u00e4rskilt anv\u00e4ndbart f\u00f6r dem som s\u00f6ker n\u00e4ringsm\u00e4ssigt st\u00f6d under eller efter fysisk aktivitet, vilket bidrar till att uppr\u00e4tth\u00e5lla h\u00f6ga prestationsniv\u00e5er och fr\u00e4mjar muskel\u00e5terh\u00e4mtning.<\/span><\/li>\n<\/ul>\n<p>&nbsp;<\/p>\n<p><strong><span lang=\"en-US\">Rekommenderad anv\u00e4ndning<\/span><\/strong><\/p>\n<p><span lang=\"en-US\">1 portion till frukost, f\u00f6re eller efter tr\u00e4ningspasset.<\/span><\/p>\n<p class=\"xmprfx_MsoNormal\"><b>Meddelande:<\/b><\/p>\n<ul>\n<li>Endast f\u00f6r vuxna och ers\u00e4tter inte en varierad och balanserad kost och en h\u00e4lsosam livsstil.<\/li>\n<li>\u00d6verskrid inte den rekommenderade dosen.<\/li>\n<li>Anv\u00e4nd inte produkten under amning eller graviditet utan att r\u00e5dg\u00f6ra med l\u00e4kare.<\/li>\n<li>F\u00f6rvara produkten p\u00e5 en sval, torr plats i en v\u00e4l tillsluten f\u00f6rpackning utom r\u00e4ckh\u00e5ll f\u00f6r barn under 3 \u00e5r.<\/li>\n<li>Kan inneh\u00e5lla sp\u00e5r av mj\u00f6lk, \u00e4gg och soja.<\/li>\n<li>Laktosfri och Glutenfri.<\/li>\n<\/ul>","protected":false},"excerpt":{"rendered":"<p>Instant Oat Med sin unika kombination av komplexa kolhydrater och fibrer har havremj\u00f6l i pulverform f\u00e5tt ett rykte som ett m\u00e5ngsidigt och n\u00e4ringsrikt kosttillskott, l\u00e4mpligt f\u00f6r att tillgodose en m\u00e4ngd olika kost- och n\u00e4ringsbehov, b\u00e5de f\u00f6r idrottare och de som s\u00f6ker en aktiv och h\u00e4lsosam livsstil. Uppt\u00e4ck effektiviteten hos pulveriserat havremj\u00f6l, ett allm\u00e4nt [...]<\/p>","protected":false},"featured_media":6233,"template":"","meta":[],"product_cat":[313,210],"product_tag":[316,223],"class_list":{"0":"post-651","1":"product","2":"type-product","3":"status-publish","4":"has-post-thumbnail","6":"product_cat-protein-snacks-and-fit-food","7":"product_cat-snacks-meal-solutions","8":"product_tag-protein-snacks-fit-food","9":"product_tag-snacks-meal-solutions","11":"first","12":"instock","13":"sale","14":"taxable","15":"shipping-taxable","16":"purchasable","17":"product-type-variable"},"aioseo_notices":[],"_links":{"self":[{"href":"https:\/\/www.selfprotein.com\/sv\/wp-json\/wp\/v2\/product\/651"}],"collection":[{"href":"https:\/\/www.selfprotein.com\/sv\/wp-json\/wp\/v2\/product"}],"about":[{"href":"https:\/\/www.selfprotein.com\/sv\/wp-json\/wp\/v2\/types\/product"}],"wp:featuredmedia":[{"embeddable":true,"href":"https:\/\/www.selfprotein.com\/sv\/wp-json\/wp\/v2\/media\/6233"}],"wp:attachment":[{"href":"https:\/\/www.selfprotein.com\/sv\/wp-json\/wp\/v2\/media?parent=651"}],"wp:term":[{"taxonomy":"product_cat","embeddable":true,"href":"https:\/\/www.selfprotein.com\/sv\/wp-json\/wp\/v2\/product_cat?post=651"},{"taxonomy":"product_tag","embeddable":true,"href":"https:\/\/www.selfprotein.com\/sv\/wp-json\/wp\/v2\/product_tag?post=651"}],"curies":[{"name":"wp","href":"https:\/\/api.w.org\/{rel}","templated":true}]}}