{"id":6994,"date":"2024-06-19T17:32:30","date_gmt":"2024-06-19T15:32:30","guid":{"rendered":"https:\/\/www.selfprotein.com\/?post_type=product&#038;p=6994"},"modified":"2026-04-01T00:00:46","modified_gmt":"2026-03-31T22:00:46","slug":"magnesium-ultra-strenght-444mg","status":"publish","type":"product","link":"https:\/\/www.selfprotein.com\/sv\/produkt\/magnesium-ultra-strenght-444mg\/","title":{"rendered":"Magnesium Ultra Strenght 444mg"},"content":{"rendered":"<p class=\" translation-block\">Magnesium Ultra Strenght 444 mg<\/p>\n<p>Tillskottet \u201dMagnesium Ultra Strenght\u201d kan vara s\u00e4rskilt anv\u00e4ndbart f\u00f6r idrottare p\u00e5 grund av den avg\u00f6rande roll som magnesium spelar i m\u00e5nga kroppsfunktioner relaterade till atletisk prestation, muskel\u00e5terh\u00e4mtning och allm\u00e4n h\u00e4lsa. Utvinns ur magnesiumoxid, bisglycinat och karbonat.<\/p>\n<p>S\u00e5 h\u00e4r kan ett h\u00f6gpotent magnesiumtillskott gynna idrottare:<\/p>\n<p><strong>F\u00f6rdelar:<\/strong><\/p>\n<p><strong>St\u00f6d f\u00f6r musklerna<\/strong><\/p>\n<ul>\n<li>Magnesium \u00e4r viktigt f\u00f6r att musklerna ska kunna dra ihop sig och slappna av. Tillr\u00e4ckligt tillskott kan f\u00f6rebygga muskelkramper och spasmer, f\u00f6rb\u00e4ttra prestationen och minska risken f\u00f6r skador.<\/li>\n<\/ul>\n<p><\/p>\n<p><strong>Muskel\u00e5terh\u00e4mtning<\/strong><\/p>\n<ul>\n<li>Efter ett intensivt tr\u00e4ningspass bidrar magnesium till att minska inflammation och fr\u00e4mja muskel\u00e5terh\u00e4mtning. Det kan ocks\u00e5 bidra till att minska uppbyggnaden av mj\u00f6lksyra i musklerna och d\u00e4rmed minska muskel\u00f6mheten efter tr\u00e4ningen.<\/li>\n<\/ul>\n<p><\/p>\n<p><strong>Energiproduktion<\/strong><\/p>\n<ul>\n<li>Magnesium \u00e4r involverat i produktionen av ATP (adenosintrifosfat), cellernas huvudsakliga energik\u00e4lla. Detta bidrar till uth\u00e5llighet och prestanda under tr\u00e4ning.<\/li>\n<\/ul>\n<p><\/p>\n<p><strong>Benh\u00e4lsa<\/strong><\/p>\n<ul>\n<li>Magnesium bidrar till ben- och tandh\u00e4lsan och arbetar i synergi med kalcium och vitamin D. Detta \u00e4r viktigt f\u00f6r idrottare som uts\u00e4tter sina benstrukturer f\u00f6r stress med intensiv tr\u00e4ning.<\/li>\n<\/ul>\n<p><\/p>\n<p><strong>Elektrolytbalans<\/strong><\/p>\n<ul>\n<li>Under tr\u00e4ning f\u00f6rlorar kroppen elektrolyter genom svettning. Magnesium hj\u00e4lper till att uppr\u00e4tth\u00e5lla elektrolytbalansen, f\u00f6rhindra uttorkning och f\u00f6rb\u00e4ttra muskel- och nervfunktionen.<\/li>\n<\/ul>\n<p><\/p>\n<p><strong>Reglering av blodglukos<\/strong><\/p>\n<ul>\n<li>Magnesium bidrar till att reglera blodsockerniv\u00e5n och insulink\u00e4nsligheten, ger en stabil energik\u00e4lla under fysisk aktivitet och hj\u00e4lper till att \u00e5terh\u00e4mta sig efter tr\u00e4ning.<\/li>\n<\/ul>\n<p><\/p>\n<p><strong>Meddelande:<\/strong><\/p>\n<ul>\n<li>Endast f\u00f6r vuxna och b\u00f6r anv\u00e4ndas i samband med en varierad, balanserad kost och en h\u00e4lsosam livsstil.<\/li>\n<li>\u00d6verskrid inte den rekommenderade dosen.<\/li>\n<li>Rekommenderad daglig dos: 2 cps.<\/li>\n<li>Anv\u00e4nd inte under amning, graviditet, inte f\u00f6r barn och inte under l\u00e4ngre perioder utan att r\u00e5dfr\u00e5ga l\u00e4kare.<\/li>\n<li>F\u00f6rvara produkten p\u00e5 en sval, torr plats i en v\u00e4l tillsluten f\u00f6rpackning utom r\u00e4ckh\u00e5ll f\u00f6r barn under 3 \u00e5r.<\/li>\n<li>Kan inneh\u00e5lla sp\u00e5r av mj\u00f6lk, havre, \u00e4gg och soja.<\/li>\n<li>Laktosfri och Glutenfri.<\/li>\n<\/ul>","protected":false},"excerpt":{"rendered":"<details>\n<summary>Ingredienser<\/summary>\n<table style=\"text-align: center;\">\n<tbody>\n<tr>\n<th>Ingredienser<\/th>\n<th>per portion 2 kapslar<\/th>\n<th>%NRV<\/th>\n<\/tr>\n<tr>\n<td>Magnesium (Magnesiumoxid\/Magnesiumbisglycinat<br>\/Magnesiumkarbonat)<\/td>\n<td>444 mg<\/td>\n<td>118<\/td>\n<\/tr>\n<tr>\n<td colspan=\"3\"><strong> \u00d6vriga ingredienser: <\/strong>stabiliseringsmedel (E1400, E470b), vegansk kapsel (E1204)<\/td>\n<\/tr>\n<\/tbody>\n<\/table>\n<\/details>\n<p>&nbsp;<\/p>","protected":false},"featured_media":7036,"template":"","meta":[],"product_cat":[311,214],"product_tag":[317,258],"class_list":{"0":"post-6994","1":"product","2":"type-product","3":"status-publish","4":"has-post-thumbnail","6":"product_cat-recovery-and-regeneration","7":"product_cat-vitamins-wellness","8":"product_tag-recovery-and-regeneration","9":"product_tag-vitamins-wellness","11":"first","12":"instock","13":"sale","14":"taxable","15":"shipping-taxable","16":"purchasable","17":"product-type-simple"},"aioseo_notices":[],"_links":{"self":[{"href":"https:\/\/www.selfprotein.com\/sv\/wp-json\/wp\/v2\/product\/6994"}],"collection":[{"href":"https:\/\/www.selfprotein.com\/sv\/wp-json\/wp\/v2\/product"}],"about":[{"href":"https:\/\/www.selfprotein.com\/sv\/wp-json\/wp\/v2\/types\/product"}],"wp:featuredmedia":[{"embeddable":true,"href":"https:\/\/www.selfprotein.com\/sv\/wp-json\/wp\/v2\/media\/7036"}],"wp:attachment":[{"href":"https:\/\/www.selfprotein.com\/sv\/wp-json\/wp\/v2\/media?parent=6994"}],"wp:term":[{"taxonomy":"product_cat","embeddable":true,"href":"https:\/\/www.selfprotein.com\/sv\/wp-json\/wp\/v2\/product_cat?post=6994"},{"taxonomy":"product_tag","embeddable":true,"href":"https:\/\/www.selfprotein.com\/sv\/wp-json\/wp\/v2\/product_tag?post=6994"}],"curies":[{"name":"wp","href":"https:\/\/api.w.org\/{rel}","templated":true}]}}