{"id":6995,"date":"2024-06-19T17:32:18","date_gmt":"2024-06-19T15:32:18","guid":{"rendered":"https:\/\/www.selfprotein.com\/?post_type=product&#038;p=6995"},"modified":"2026-05-01T00:24:24","modified_gmt":"2026-04-30T22:24:24","slug":"super-omega-3-forte","status":"publish","type":"product","link":"https:\/\/www.selfprotein.com\/sv\/produkt\/super-omega-3-forte\/","title":{"rendered":"Super Omega 3 Forte"},"content":{"rendered":"<p><strong>Super Omega 3 Forte<\/strong><\/p>\n<p>Super Omega-3 Forte \u00e4r ett kosttillskott med h\u00f6g koncentration av Omega-3-fettsyror, som vanligtvis inneh\u00e5ller h\u00f6ga doser av EPA (eikosapentaensyra) och DHA (dokosahexaensyra). Omega-3 \u00e4r viktiga f\u00f6r kroppen och erbjuder m\u00e5nga h\u00e4lsof\u00f6rdelar, s\u00e4rskilt relevanta f\u00f6r dem som deltar i sport. H\u00e4r \u00e4r en \u00f6versikt \u00f6ver de viktigaste f\u00f6rdelarna och \u00f6verv\u00e4gandena n\u00e4r det g\u00e4ller ett Super Omega-3 Forte-tillskott:<\/p>\n<p><strong>F\u00f6rdelar:<\/strong><\/p>\n<p><strong>Kardiovaskul\u00e4r h\u00e4lsa<\/strong><\/p>\n<ul>\n<li>Minskning av triglycerider: Omega-3 bidrar till att minska triglyceridniv\u00e5erna i blodet, vilket minskar risken f\u00f6r hj\u00e4rt- och k\u00e4rlsjukdomar.<\/li>\n<li>Blodtryck: De kan bidra till att s\u00e4nka blodtrycket hos personer med h\u00f6gt blodtryck.<\/li>\n<li>Endotelial funktion: De f\u00f6rb\u00e4ttrar funktionen hos de celler som kl\u00e4r blodk\u00e4rlen, vilket fr\u00e4mjar b\u00e4ttre cirkulation.<\/li>\n<\/ul>\n<p>&nbsp;<\/p>\n<p><strong>St\u00f6d och \u00e5terh\u00e4mtning f\u00f6r musklerna<\/strong><\/p>\n<ul>\n<li>Minskad inflammation: Omega-3 har antiinflammatoriska egenskaper, vilket kan bidra till att minska muskelv\u00e4rk och inflammation efter tr\u00e4ning.<\/li>\n<li>\u00c5terh\u00e4mtning: De kan p\u00e5skynda musklernas \u00e5terh\u00e4mtning efter anstr\u00e4ngande tr\u00e4ning.<\/li>\n<\/ul>\n<p>&nbsp;<\/p>\n<p><strong>Hj\u00e4rnfunktion och mental h\u00e4lsa<\/strong><\/p>\n<ul>\n<li>Kognitiv f\u00f6rb\u00e4ttring: DHA \u00e4r viktigt f\u00f6r hj\u00e4rnans h\u00e4lsa och bidrar till minnet och den kognitiva funktionen.<\/li>\n<li>Psykisk h\u00e4lsa: Omega-3 kan bidra till att minska symtom p\u00e5 depression och \u00e5ngest.<\/li>\n<\/ul>\n<p>&nbsp;<\/p>\n<p><strong>H\u00e4lsa i lederna<\/strong><\/p>\n<ul>\n<li>Skydd f\u00f6r lederna: Omega-3 kan bidra till ledh\u00e4lsan, minska symtomen p\u00e5 artrit och f\u00f6rb\u00e4ttra r\u00f6rligheten.<\/li>\n<\/ul>\n<p>&nbsp;<\/p>\n<p><strong>St\u00f6d f\u00f6r immunf\u00f6rsvaret<\/strong><\/p>\n<ul>\n<li>Immunf\u00f6rsvaret: Omega-3 kan st\u00e4rka immunf\u00f6rsvaret och hj\u00e4lpa kroppen att bek\u00e4mpa infektioner och sjukdomar.<\/li>\n<\/ul>\n<p>&nbsp;<\/p>\n<p><strong>Meddelande:<\/strong><\/p>\n<ul>\n<li>Endast f\u00f6r vuxna och b\u00f6r anv\u00e4ndas i samband med en varierad, balanserad kost och en h\u00e4lsosam livsstil.<\/li>\n<li>\u00d6verskrid inte den rekommenderade dosen.<\/li>\n<li>Rekommenderad daglig dos: 3 cps.<\/li>\n<li>Anv\u00e4nd inte under amning, graviditet eller under l\u00e4ngre perioder utan att r\u00e5dg\u00f6ra med l\u00e4kare.<\/li>\n<li>F\u00f6rvara produkten p\u00e5 en sval, torr plats i en v\u00e4l tillsluten f\u00f6rpackning utom r\u00e4ckh\u00e5ll f\u00f6r barn under 3 \u00e5r.<\/li>\n<li>Kan inneh\u00e5lla sp\u00e5r av mj\u00f6lk, havre, \u00e4gg och soja.<\/li>\n<li>Laktosfri och Glutenfri.<\/li>\n<\/ul>","protected":false},"excerpt":{"rendered":"<details>\n<summary>Ingredienser<\/summary>\n<table style=\"text-align: center;\">\n<tbody>\n<tr>\n<th>Ingredienser<\/th>\n<th>3 kepsar<\/th>\n<\/tr>\n<tr>\n<td>Koncentrerad fiskolja<\/td>\n<td>3000 mg<\/td>\n<\/tr>\n<tr>\n<td>varav<\/td>\n<td><\/td>\n<\/tr>\n<tr>\n<td>EPA (eikosapentaensyra)<\/td>\n<td>990 mg<\/td>\n<\/tr>\n<tr>\n<td>DHA (dokosahexaensyra)<\/td>\n<td>660 mg<\/td>\n<\/tr>\n<tr>\n<td colspan=\"2\"><strong> \u00d6vriga ingredienser: <\/strong>kapsel gelatin (n\u00f6tkreatur), stabiliseringsmedel (glycerol)<\/td>\n<\/tr>\n<\/tbody>\n<\/table>\n<\/details>\n<p>&nbsp;<\/p>","protected":false},"featured_media":7038,"template":"","meta":[],"product_cat":[312,214],"product_tag":[314,258],"class_list":{"0":"post-6995","1":"product","2":"type-product","3":"status-publish","4":"has-post-thumbnail","6":"product_cat-health-and-wellness","7":"product_cat-vitamins-wellness","8":"product_tag-health-and-wellness","9":"product_tag-vitamins-wellness","11":"first","12":"instock","13":"taxable","14":"shipping-taxable","15":"purchasable","16":"product-type-simple"},"aioseo_notices":[],"_links":{"self":[{"href":"https:\/\/www.selfprotein.com\/sv\/wp-json\/wp\/v2\/product\/6995"}],"collection":[{"href":"https:\/\/www.selfprotein.com\/sv\/wp-json\/wp\/v2\/product"}],"about":[{"href":"https:\/\/www.selfprotein.com\/sv\/wp-json\/wp\/v2\/types\/product"}],"wp:featuredmedia":[{"embeddable":true,"href":"https:\/\/www.selfprotein.com\/sv\/wp-json\/wp\/v2\/media\/7038"}],"wp:attachment":[{"href":"https:\/\/www.selfprotein.com\/sv\/wp-json\/wp\/v2\/media?parent=6995"}],"wp:term":[{"taxonomy":"product_cat","embeddable":true,"href":"https:\/\/www.selfprotein.com\/sv\/wp-json\/wp\/v2\/product_cat?post=6995"},{"taxonomy":"product_tag","embeddable":true,"href":"https:\/\/www.selfprotein.com\/sv\/wp-json\/wp\/v2\/product_tag?post=6995"}],"curies":[{"name":"wp","href":"https:\/\/api.w.org\/{rel}","templated":true}]}}