{"id":6997,"date":"2024-06-19T17:54:57","date_gmt":"2024-06-19T15:54:57","guid":{"rendered":"https:\/\/www.selfprotein.com\/?post_type=product&#038;p=6997"},"modified":"2026-04-01T00:00:46","modified_gmt":"2026-03-31T22:00:46","slug":"nac-n-acetyl-l-cysteine","status":"publish","type":"product","link":"https:\/\/www.selfprotein.com\/sv\/produkt\/nac-n-acetyl-l-cysteine\/","title":{"rendered":"NAC N-Acetyl-Cystein"},"content":{"rendered":"<p><strong>NAC N-Acetyl-L-Cysteine<\/strong><\/p>\n<p>NAC (N-acetylcystein) \u00e4r ett kosttillskott som kan erbjuda olika f\u00f6rdelar f\u00f6r idrottare tack vare dess antioxidativa egenskaper och dess roll n\u00e4r det g\u00e4ller att f\u00f6rb\u00e4ttra andningsfunktionen och minska inflammation.<\/p>\n<p>H\u00e4r \u00e4r hur det kan vara anv\u00e4ndbart f\u00f6r idrottare:<\/p>\n<p><strong>F\u00f6rdelar:<\/strong><\/p>\n<p><strong>Kraftfull antioxidant<\/strong><\/p>\n<ul>\n<li>NAC hj\u00e4lper till att fylla p\u00e5 niv\u00e5erna av glutation, en av kroppens mest kraftfulla antioxidanter. Idrottare uts\u00e4tts ofta f\u00f6r h\u00f6g oxidativ stress p\u00e5 grund av intensiv fysisk tr\u00e4ning, och NAC kan bidra till att minska cellskador som orsakas av fria radikaler.<\/li>\n<\/ul>\n<p>&nbsp;<\/p>\n<p><strong>Muskel\u00e5terh\u00e4mtning<\/strong><\/p>\n<ul>\n<li>Genom att minska oxidativ stress och inflammation kan NAC underl\u00e4tta muskel\u00e5terh\u00e4mtningen efter tr\u00e4ningen. Detta kan leda till mindre muskel\u00f6mhet och snabbare \u00e5terh\u00e4mtning mellan tr\u00e4ningspassen.<\/li>\n<\/ul>\n<p>&nbsp;<\/p>\n<p><strong>H\u00e4lsa i andningsv\u00e4garna<\/strong><\/p>\n<ul>\n<li>NAC har sleml\u00f6sande egenskaper, vilket bidrar till att tunna ut slem och f\u00f6rb\u00e4ttra lungfunktionen. Detta kan vara s\u00e4rskilt anv\u00e4ndbart f\u00f6r idrottare som ut\u00f6var uth\u00e5llighetssporter som l\u00f6pning, cykling eller simning, eftersom det f\u00f6rb\u00e4ttrar andningen och syretillf\u00f6rseln.<\/li>\n<\/ul>\n<p>&nbsp;<\/p>\n<p><strong>Minska tr\u00f6tthet<\/strong><\/p>\n<ul>\n<li>Vissa studier tyder p\u00e5 att NAC kan bidra till att minska tr\u00f6tthet under l\u00e5ngvarig tr\u00e4ning och d\u00e4rmed f\u00f6rb\u00e4ttra uth\u00e5llighet och idrottsprestationer.<\/li>\n<\/ul>\n<p>&nbsp;<\/p>\n<p><strong>Skydd mot skador<\/strong><\/p>\n<ul>\n<li>De antiinflammatoriska egenskaperna hos NAC kan bidra till att minska risken f\u00f6r skador relaterade till kronisk inflammation, t.ex. tendinit eller annan ledinflammation.<\/li>\n<\/ul>\n<p>&nbsp;<\/p>\n<p><strong>Meddelande:<\/strong><\/p>\n<ul>\n<li>Endast f\u00f6r vuxna och b\u00f6r anv\u00e4ndas i samband med en varierad, balanserad kost och en h\u00e4lsosam livsstil.<\/li>\n<li>\u00d6verskrid inte den rekommenderade dosen.<\/li>\n<li>Rekommenderad daglig dos: 1 cps.<\/li>\n<li>Anv\u00e4nd inte under amning, graviditet eller l\u00e4ngre perioder utan att r\u00e5dg\u00f6ra med l\u00e4kare.<\/li>\n<li>F\u00f6rvara produkten p\u00e5 en sval, torr plats i en v\u00e4l tillsluten f\u00f6rpackning utom r\u00e4ckh\u00e5ll f\u00f6r barn under 3 \u00e5r.<\/li>\n<li>Kan inneh\u00e5lla sp\u00e5r av mj\u00f6lk, havre, \u00e4gg och soja.<\/li>\n<li>Laktosfri och Glutenfri.<\/li>\n<\/ul>","protected":false},"excerpt":{"rendered":"<details>\n<summary>Ingredienser<\/summary>\n<table style=\"text-align: center;\">\n<tbody>\n<tr>\n<th>Ingredienser<\/th>\n<th>per portion 1 kapsel<\/th>\n<\/tr>\n<tr>\n<td>N-Acetyl-L-cystein<\/td>\n<td>600 mg<\/td>\n<\/tr>\n<tr>\n<td colspan=\"2\"><strong> \u00d6vriga ingredienser: <\/strong>stabiliseringsmedel (E460, E470b, E551), vegansk kapsel (E1204)<\/td>\n<\/tr>\n<\/tbody>\n<\/table>\n<\/details>\n<p>&nbsp;<\/p>","protected":false},"featured_media":13936,"template":"","meta":[],"product_cat":[312,214],"product_tag":[314,228],"class_list":{"0":"post-6997","1":"product","2":"type-product","3":"status-publish","4":"has-post-thumbnail","6":"product_cat-health-and-wellness","7":"product_cat-vitamins-wellness","8":"product_tag-health-and-wellness","9":"product_tag-natural-extracts-wellness","11":"first","12":"instock","13":"sale","14":"taxable","15":"shipping-taxable","16":"purchasable","17":"product-type-simple"},"aioseo_notices":[],"_links":{"self":[{"href":"https:\/\/www.selfprotein.com\/sv\/wp-json\/wp\/v2\/product\/6997"}],"collection":[{"href":"https:\/\/www.selfprotein.com\/sv\/wp-json\/wp\/v2\/product"}],"about":[{"href":"https:\/\/www.selfprotein.com\/sv\/wp-json\/wp\/v2\/types\/product"}],"wp:featuredmedia":[{"embeddable":true,"href":"https:\/\/www.selfprotein.com\/sv\/wp-json\/wp\/v2\/media\/13936"}],"wp:attachment":[{"href":"https:\/\/www.selfprotein.com\/sv\/wp-json\/wp\/v2\/media?parent=6997"}],"wp:term":[{"taxonomy":"product_cat","embeddable":true,"href":"https:\/\/www.selfprotein.com\/sv\/wp-json\/wp\/v2\/product_cat?post=6997"},{"taxonomy":"product_tag","embeddable":true,"href":"https:\/\/www.selfprotein.com\/sv\/wp-json\/wp\/v2\/product_tag?post=6997"}],"curies":[{"name":"wp","href":"https:\/\/api.w.org\/{rel}","templated":true}]}}