{"id":7069,"date":"2024-10-26T11:18:46","date_gmt":"2024-10-26T09:18:46","guid":{"rendered":"https:\/\/www.selfprotein.com\/?post_type=product&#038;p=7069"},"modified":"2026-04-01T00:00:47","modified_gmt":"2026-03-31T22:00:47","slug":"carbohydrate-multilayer-monodose","status":"publish","type":"product","link":"https:\/\/www.selfprotein.com\/sv\/produkt\/carbohydrate-multilayer-monodose\/","title":{"rendered":"Kolhydrat Flerskiktad Monodos"},"content":{"rendered":"<p><strong>Kolhydrat Flerskiktad Monodos<\/strong><\/p>\n<p>H\u00f6j din energiniv\u00e5 med den exakta kombinationen av *D-Ribose* och *Cyclic Dextrin*, formulerad f\u00f6r att st\u00f6dja din prestation fr\u00e5n b\u00f6rjan till slut. Njut av den uppfriskande smaken av apelsinjuice samtidigt som du f\u00f6rser kroppen med viktiga n\u00e4rings\u00e4mnen.<\/p>\n<p>Till\u00e4gg f\u00f6r energiladdning och underh\u00e5ll<br \/>\nUtformad f\u00f6r anv\u00e4ndning f\u00f6re, under och efter fysisk aktivitet.<\/p>\n<p>H\u00f6gkoncentrerad formel<br \/>\nBerikad med MyoCell Energizer<br \/>\nKombination av D-Ribos och cykliskt dextrin<\/p>\n<p><strong>Meddelande:<\/strong><\/p>\n<ul>\n<li>B\u00f6r anv\u00e4ndas som en del av en varierad, balanserad kost och en h\u00e4lsosam livsstil.<\/li>\n<li>\u00d6verskrid inte den rekommenderade dosen.<\/li>\n<li>Rekommenderad daglig dos: Blanda 30 g (ca 1 skopa) med 400 ml vatten i en shaker.<\/li>\n<li>Ej l\u00e4mplig under amning, graviditet eller f\u00f6r barn.<\/li>\n<li>R\u00e5dg\u00f6r med l\u00e4kare f\u00f6re anv\u00e4ndning om du tar mediciner eller har ett medicinskt tillst\u00e5nd.<\/li>\n<li>F\u00f6rvaras torrt (2\u00b0C - 22\u00b0C), v\u00e4l tillslutet och o\u00e5tkomligt f\u00f6r barn under 3 \u00e5r.<\/li>\n<li>Kan inneh\u00e5lla sp\u00e5r av \u00e4gg, soja, havre, mj\u00f6lk.<\/li>\n<li>Laktosfri och Glutenfri.<\/li>\n<\/ul>","protected":false},"excerpt":{"rendered":"<details>\n<summary>N\u00e4ringsv\u00e4rde<\/summary>\n<table style=\"text-align: center;\">\n<tbody>\n<tr>\n<th>N\u00e4ringsv\u00e4rde<\/th>\n<th>per (100g)<\/th>\n<th>per portion (30 g)<\/th>\n<\/tr>\n<tr>\n<td>Energi<\/td>\n<td>376kcal\/1622kj<\/td>\n<td>112 kcal\/468 kJ<\/td>\n<\/tr>\n<tr>\n<td>Fetter<\/td>\n<td>0g<\/td>\n<td>0g<\/td>\n<\/tr>\n<tr>\n<td>Av vilka m\u00e4ttade<\/td>\n<td>0g<\/td>\n<td>0g<\/td>\n<\/tr>\n<tr>\n<td>Kolhydrater<\/td>\n<td>94g<\/td>\n<td>28g<\/td>\n<\/tr>\n<tr>\n<td>varav sockerarter<\/td>\n<td>44g<\/td>\n<td>13g<\/td>\n<\/tr>\n<tr>\n<td>Protein<\/td>\n<td>0g<\/td>\n<td>0g<\/td>\n<\/tr>\n<tr>\n<td>Salt<\/td>\n<td>0g<\/td>\n<td>0g<\/td>\n<\/tr>\n<\/tbody>\n<\/table>\n<\/details>\n<p>&nbsp;<\/p>\n<details>\n<summary>Ingredienser<\/summary>\n<table style=\"text-align: center;\">\n<tbody>\n<tr>\n<td colspan=\"2\"><strong>Ingredienser: <\/strong>maltodextrin DE19, h\u00f6gf\u00f6rgrenat cykliskt dextrin (15%), maltodextrin DE15, isomaltulos (15%), maltodextrin DE6, D-ribos (5%), surhetsreglerande medel (E330), arom, f\u00e4rg\u00e4mne (E160a), s\u00f6tningsmedel (E955).<\/td>\n<\/tr>\n<\/tbody>\n<\/table>\n<\/details>\n<p>&nbsp;<\/p>","protected":false},"featured_media":14024,"template":"","meta":[],"product_cat":[310,217],"product_tag":[315,230],"class_list":{"0":"post-7069","1":"product","2":"type-product","3":"status-publish","4":"has-post-thumbnail","6":"product_cat-performance-and-endurance","7":"product_cat-pre-workout-energy","8":"product_tag-performance-and-endurance","9":"product_tag-pre-workout-energy","11":"first","12":"instock","13":"taxable","14":"shipping-taxable","15":"purchasable","16":"product-type-simple"},"aioseo_notices":[],"_links":{"self":[{"href":"https:\/\/www.selfprotein.com\/sv\/wp-json\/wp\/v2\/product\/7069"}],"collection":[{"href":"https:\/\/www.selfprotein.com\/sv\/wp-json\/wp\/v2\/product"}],"about":[{"href":"https:\/\/www.selfprotein.com\/sv\/wp-json\/wp\/v2\/types\/product"}],"wp:featuredmedia":[{"embeddable":true,"href":"https:\/\/www.selfprotein.com\/sv\/wp-json\/wp\/v2\/media\/14024"}],"wp:attachment":[{"href":"https:\/\/www.selfprotein.com\/sv\/wp-json\/wp\/v2\/media?parent=7069"}],"wp:term":[{"taxonomy":"product_cat","embeddable":true,"href":"https:\/\/www.selfprotein.com\/sv\/wp-json\/wp\/v2\/product_cat?post=7069"},{"taxonomy":"product_tag","embeddable":true,"href":"https:\/\/www.selfprotein.com\/sv\/wp-json\/wp\/v2\/product_tag?post=7069"}],"curies":[{"name":"wp","href":"https:\/\/api.w.org\/{rel}","templated":true}]}}