{"id":717,"date":"2023-11-27T13:32:01","date_gmt":"2023-11-27T12:32:01","guid":{"rendered":"https:\/\/34.88.231.180\/product\/joint-cartilage\/"},"modified":"2026-05-01T00:23:54","modified_gmt":"2026-04-30T22:23:54","slug":"joint-cartilage","status":"publish","type":"product","link":"https:\/\/www.selfprotein.com\/sv\/produkt\/joint-cartilage\/","title":{"rendered":"Joint Cartilage"},"content":{"rendered":"<p style=\"text-align: left;\" align=\"center\"><strong><span lang=\"en-US\">Joint Cartilage<\/span><\/strong><\/p>\n<p><span lang=\"en-US\">Tillskottskomplexet f\u00f6r ledbrosk best\u00e5r av en kombination av MSM (metylsulfonylmetan), C-vitamin, avokado, kollagen, kondroitinsulfat och boswellia serrata, som alla \u00e4r utformade f\u00f6r att f\u00f6rb\u00e4ttra ledh\u00e4lsan och minska inflammation.<\/span><\/p>\n<p><span lang=\"en-US\">Ledbrosk erbjuder en helt\u00e4ckande l\u00f6sning f\u00f6r ledh\u00e4lsa, med en synergistisk kombination av n\u00e4rings\u00e4mnen och f\u00f6reningar som samverkar f\u00f6r att minska inflammation, f\u00f6rb\u00e4ttra flexibiliteten och lindra ledv\u00e4rk.<\/span><\/p>\n<p><span lang=\"en-US\">H\u00e4r \u00e4r f\u00f6rdelarna med varje komponent:<\/span><\/p>\n<ul>\n<li><strong><span lang=\"en-US\">MSM (Methylsulfonylmethane):<\/span><\/strong><span lang=\"en-US\"> MSM \u00e4r en svavelf\u00f6rening som har visat sig ha antiinflammatoriska effekter, vilket minskar sm\u00e4rta och stelhet i lederna.<\/span><\/li>\n<li><strong><span lang=\"en-US\">Vitamin C:<\/span><\/strong><span lang=\"en-US\"> Denna antioxidant st\u00f6der kollagensyntesen, som \u00e4r avg\u00f6rande f\u00f6r ledh\u00e4lsan, och minskar inflammation och oxidativ stress.<\/span><\/li>\n<li><strong><span lang=\"en-US\">Avokado:<\/span><\/strong><span lang=\"en-US\"> Avokado \u00e4r en k\u00e4lla till h\u00e4lsosamma fetter, fibrer, vitaminer och mineraler och inneh\u00e5ller ocks\u00e5 antiinflammatoriska f\u00f6reningar som kan minska ledv\u00e4rk och stelhet.<\/span><\/li>\n<li><strong><span lang=\"en-US\">Kollagen:<\/span><\/strong><span lang=\"en-US\"> Detta strukturella protein \u00e4r avg\u00f6rande f\u00f6r ledh\u00e4lsan och ger st\u00f6d och d\u00e4mpning. Kollagentillskott kan minska sm\u00e4rta och stelhet, s\u00e4rskilt hos personer med artros.<\/span><\/li>\n<li><strong><span lang=\"en-US\">Chondroitinsulfat:<\/span><\/strong><span lang=\"en-US\"> Denna glykosaminoglykan finns naturligt i brosk och st\u00f6der reparation och underh\u00e5ll av ledv\u00e4vnad, vilket minskar sm\u00e4rta och stelhet.<\/span><\/li>\n<li><strong><span lang=\"en-US\">Boswellia Serrata:<\/span><\/strong><span lang=\"en-US\"> Detta \u00f6rtextrakt har kraftiga antiinflammatoriska effekter som bidrar till att minska ledv\u00e4rk och stelhet och har anv\u00e4nts inom traditionell medicin f\u00f6r att behandla inflammatoriska tillst\u00e5nd.<\/span><\/li>\n<\/ul>\n<p>&nbsp;<\/p>\n<p><strong><span lang=\"en-US\">Rekommenderad anv\u00e4ndning<\/span><\/strong><\/p>\n<p><span lang=\"en-US\">Ta 3 kapslar under hela dagen.<\/span><\/p>\n<p><b>Meddelande:<\/b><\/p>\n<ul>\n<li>Endast f\u00f6r vuxna och ers\u00e4tter inte en varierad och balanserad kost och en h\u00e4lsosam livsstil.<\/li>\n<li>\u00d6verskrid inte den rekommenderade dosen.<\/li>\n<li>Anv\u00e4nd inte produkten under amning eller graviditet utan att r\u00e5dg\u00f6ra med l\u00e4kare.<\/li>\n<li>F\u00f6rvara produkten p\u00e5 en sval, torr plats i en v\u00e4l tillsluten f\u00f6rpackning utom r\u00e4ckh\u00e5ll f\u00f6r barn under 3 \u00e5r.<\/li>\n<li>Kan inneh\u00e5lla sp\u00e5r av \u00e4gg, soja, havre, mj\u00f6lk.<\/li>\n<li>Laktosfri och Glutenfri.<\/li>\n<\/ul>","protected":false},"excerpt":{"rendered":"<details>\n<summary>Ingredienser<\/summary>\n<table style=\"text-align: center;\">\n<tbody>\n<tr>\n<th>Ingredienser<\/th>\n<th>per 3cps (%NRV)<\/th>\n<\/tr>\n<tr>\n<td>MSM (Methylsulfonymethane)<\/td>\n<td>1200 mg<\/td>\n<\/tr>\n<tr>\n<td>Vitamin C (askorbinsyra)<\/td>\n<td>240 (300%)<\/td>\n<\/tr>\n<tr>\n<td>Avokadoextrakt 20:1 (Persea Americana mill. fructus)<\/td>\n<td>195 mg<\/td>\n<\/tr>\n<tr>\n<td>Extrakt av kollagen typ II (kollagen och sterilt brosk)<\/td>\n<td>195 mg<\/td>\n<\/tr>\n<tr>\n<td>Kondroitin (sulfat)<\/td>\n<td>195 mg<\/td>\n<\/tr>\n<tr>\n<td>Boswellia serrata extrakt resina, gummi (35% boswellinsyror)<\/td>\n<td>195 mg<\/td>\n<\/tr>\n<tr>\n<td>H.A. (hyaluronsyra)<\/td>\n<td>100 mg<\/td>\n<\/tr>\n<tr>\n<td colspan=\"2\"><strong>\u00d6vriga ingredienser: <\/strong>gelatinkapsel (n\u00f6tkreatur), stabiliseringsmedel (E953, E470b, E551)<\/td>\n<\/tr>\n<tr>\n<td colspan=\"2\"><strong>*%NRV <\/strong>dagligt referensv\u00e4rde f\u00f6r n\u00e4rings\u00e4mnen<\/td>\n<\/tr>\n<\/tbody>\n<\/table>\n<\/details>\n<p>&nbsp;<\/p>","protected":false},"featured_media":13888,"template":"","meta":[],"product_cat":[311,214],"product_tag":[317,258],"class_list":{"0":"post-717","1":"product","2":"type-product","3":"status-publish","4":"has-post-thumbnail","6":"product_cat-recovery-and-regeneration","7":"product_cat-vitamins-wellness","8":"product_tag-recovery-and-regeneration","9":"product_tag-vitamins-wellness","11":"first","12":"instock","13":"sale","14":"taxable","15":"shipping-taxable","16":"purchasable","17":"product-type-simple"},"aioseo_notices":[],"_links":{"self":[{"href":"https:\/\/www.selfprotein.com\/sv\/wp-json\/wp\/v2\/product\/717"}],"collection":[{"href":"https:\/\/www.selfprotein.com\/sv\/wp-json\/wp\/v2\/product"}],"about":[{"href":"https:\/\/www.selfprotein.com\/sv\/wp-json\/wp\/v2\/types\/product"}],"wp:featuredmedia":[{"embeddable":true,"href":"https:\/\/www.selfprotein.com\/sv\/wp-json\/wp\/v2\/media\/13888"}],"wp:attachment":[{"href":"https:\/\/www.selfprotein.com\/sv\/wp-json\/wp\/v2\/media?parent=717"}],"wp:term":[{"taxonomy":"product_cat","embeddable":true,"href":"https:\/\/www.selfprotein.com\/sv\/wp-json\/wp\/v2\/product_cat?post=717"},{"taxonomy":"product_tag","embeddable":true,"href":"https:\/\/www.selfprotein.com\/sv\/wp-json\/wp\/v2\/product_tag?post=717"}],"curies":[{"name":"wp","href":"https:\/\/api.w.org\/{rel}","templated":true}]}}