{"id":723,"date":"2023-11-27T13:42:11","date_gmt":"2023-11-27T12:42:11","guid":{"rendered":"https:\/\/34.88.231.180\/product\/real-glutamine\/"},"modified":"2026-05-01T00:23:57","modified_gmt":"2026-04-30T22:23:57","slug":"l-glutamine","status":"publish","type":"product","link":"https:\/\/www.selfprotein.com\/sv\/produkt\/l-glutamine\/","title":{"rendered":"L-Glutamine"},"content":{"rendered":"<p style=\"text-align: left;\" align=\"center\"><strong><span lang=\"en-US\">L-Glutamine<\/span><\/strong><\/p>\n<p><span lang=\"en-US\">Glutamin \u00e4r ett kosttillskott som inneh\u00e5ller en aminosyra som finns naturligt i m\u00e4nniskokroppen och som ocks\u00e5 kan erh\u00e5llas via livsmedelsk\u00e4llor som k\u00f6tt, fisk och mejeriprodukter. Glutamin klassificeras som en villkorligt essentiell aminosyra eftersom kroppens behov i vissa situationer, t.ex. under perioder av intensiv fysisk aktivitet eller sjukdom, kan \u00f6verstiga den naturliga produktionen, vilket g\u00f6r det n\u00f6dv\u00e4ndigt att anv\u00e4nda ett tillskott.<\/span><\/p>\n<p><span lang=\"en-US\">F\u00f6rdelar med Glutamin:<\/span><\/p>\n<ul>\n<li><strong><span lang=\"en-US\">Snabbare \u00e5terh\u00e4mtning<\/span><\/strong><span lang=\"en-US\"><strong>:<\/strong> Glutamin kan bidra till att p\u00e5skynda \u00e5terh\u00e4mtningen efter intensiv fysisk tr\u00e4ning genom att f\u00f6rse kroppen med de aminosyror som beh\u00f6vs f\u00f6r reparation och \u00e5teruppbyggnad av musklerna.<\/span><\/li>\n<li><strong><span lang=\"en-US\">F\u00f6rb\u00e4ttrad muskeltillv\u00e4xt:<\/span><\/strong><span lang=\"en-US\"> Att integrera glutamin i din kost kan fr\u00e4mja muskeltillv\u00e4xt genom att ge ytterligare st\u00f6d f\u00f6r proteinsyntes och reparation av skadade muskelv\u00e4vnader.<\/span><\/li>\n<li><strong><span lang=\"en-US\">Minskning av muskel\u00f6mhet efter tr\u00e4ning<\/span><\/strong><span lang=\"en-US\"><strong>:<\/strong> Glutaminpulver kan bidra till att minska muskelsm\u00e4rta och \u00f6mhet efter intensiv fysisk tr\u00e4ning genom att st\u00f6dja muskelreparation och minska inflammation.<\/span><\/li>\n<li><strong><span lang=\"en-US\">St\u00f6d f\u00f6r immunf\u00f6rsvaret och matsm\u00e4ltningssystemet<\/span><\/strong><span lang=\"en-US\"><strong>:<\/strong> Glutamin spelar en viktig roll f\u00f6r att st\u00f6dja immunf\u00f6rsvarets och matsm\u00e4ltningssystemets funktion och bidrar d\u00e4rmed till att uppr\u00e4tth\u00e5lla den allm\u00e4nna h\u00e4lsan och motst\u00e5ndskraften under perioder av fysisk stress eller sjukdom.<\/span><\/li>\n<\/ul>\n<p><\/p>\n<p><strong><span lang=\"en-US\">Rekommenderad anv\u00e4ndning<\/span><\/strong><\/p>\n<p><span lang=\"en-US\">1 portion direkt efter tr\u00e4ning eller under dagen.<\/span>\n<\/p>\n<p><b>Meddelande:<\/b><\/p>\n<ul>\n<li>Endast f\u00f6r vuxna och ers\u00e4tter inte en varierad och balanserad kost och en h\u00e4lsosam livsstil.<\/li>\n<li>\u00d6verskrid inte den rekommenderade dosen.<\/li>\n<li>Anv\u00e4nd inte produkten under amning eller graviditet utan att r\u00e5dg\u00f6ra med l\u00e4kare.<\/li>\n<li>F\u00f6rvara produkten p\u00e5 en sval, torr plats i en v\u00e4l tillsluten f\u00f6rpackning utom r\u00e4ckh\u00e5ll f\u00f6r barn under 3 \u00e5r.<\/li>\n<li>Kan inneh\u00e5lla sp\u00e5r av mj\u00f6lk, havre, \u00e4gg, soja.<\/li>\n<li>Laktosfri och Glutenfri.<\/li>\n<\/ul>","protected":false},"excerpt":{"rendered":"<p>L-Glutamin Glutamin \u00e4r ett kosttillskott som inneh\u00e5ller en aminosyra som f\u00f6rekommer naturligt i m\u00e4nniskokroppen och som ocks\u00e5 kan erh\u00e5llas via livsmedelsk\u00e4llor som k\u00f6tt, fisk och mejeriprodukter. Glutamin klassificeras som en villkorligt essentiell aminosyra eftersom det i vissa situationer, till exempel under perioder av intensiv fysisk aktivitet eller sjukdom, [...].<\/p>","protected":false},"featured_media":11994,"template":"","meta":[],"product_cat":[151,311],"product_tag":[161,317],"class_list":{"0":"post-723","1":"product","2":"type-product","3":"status-publish","4":"has-post-thumbnail","6":"product_cat-amino-acids-creatine","7":"product_cat-recovery-and-regeneration","8":"product_tag-amino-acids-creatine","9":"product_tag-recovery-and-regeneration","11":"first","12":"instock","13":"taxable","14":"shipping-taxable","15":"purchasable","16":"product-type-variable"},"aioseo_notices":[],"_links":{"self":[{"href":"https:\/\/www.selfprotein.com\/sv\/wp-json\/wp\/v2\/product\/723"}],"collection":[{"href":"https:\/\/www.selfprotein.com\/sv\/wp-json\/wp\/v2\/product"}],"about":[{"href":"https:\/\/www.selfprotein.com\/sv\/wp-json\/wp\/v2\/types\/product"}],"wp:featuredmedia":[{"embeddable":true,"href":"https:\/\/www.selfprotein.com\/sv\/wp-json\/wp\/v2\/media\/11994"}],"wp:attachment":[{"href":"https:\/\/www.selfprotein.com\/sv\/wp-json\/wp\/v2\/media?parent=723"}],"wp:term":[{"taxonomy":"product_cat","embeddable":true,"href":"https:\/\/www.selfprotein.com\/sv\/wp-json\/wp\/v2\/product_cat?post=723"},{"taxonomy":"product_tag","embeddable":true,"href":"https:\/\/www.selfprotein.com\/sv\/wp-json\/wp\/v2\/product_tag?post=723"}],"curies":[{"name":"wp","href":"https:\/\/api.w.org\/{rel}","templated":true}]}}