{"id":729,"date":"2023-11-27T13:42:24","date_gmt":"2023-11-27T12:42:24","guid":{"rendered":"https:\/\/34.88.231.180\/product\/leucine\/"},"modified":"2026-05-01T00:23:54","modified_gmt":"2026-04-30T22:23:54","slug":"l-leucine","status":"publish","type":"product","link":"https:\/\/www.selfprotein.com\/sv\/produkt\/l-leucine\/","title":{"rendered":"L-Leucine"},"content":{"rendered":"<p style=\"text-align: left\" align=\"center\"><strong><span lang=\"en-US\">Leucine<\/span><\/strong><\/p>\n<p><span lang=\"en-US\">Leucin \u00e4r en essentiell aminosyra, vilket inneb\u00e4r att m\u00e4nniskokroppen inte kan producera den p\u00e5 egen hand och att den m\u00e5ste erh\u00e5llas genom kosten. Den anses vara en nyckelspelare i muskelproteinsyntesen och \u00e4r en av de tre grenade aminosyrorna (BCAA), tillsammans med isoleucin och valin. Dessa BCAA \u00e4r s\u00e4rskilt viktiga f\u00f6r idrottare och aktiva individer eftersom de hj\u00e4lper till att bevara muskelmassan och minska muskelnedbrytningen under tr\u00e4ning.<\/span><\/p>\n<p><span lang=\"en-US\">F\u00f6rdelar med leucin:<\/span><\/p>\n<ul>\n<li><strong><span lang=\"en-US\">Bevarande av muskelmassa:<\/span><\/strong><span lang=\"en-US\"> Leucin, tillsammans med de andra BCAA, \u00e4r k\u00e4nt f\u00f6r sin roll n\u00e4r det g\u00e4ller att bevara muskelmassan under fysisk aktivitet, vilket bidrar till att motverka muskelnedbrytning.<\/span><\/li>\n<li><strong><span lang=\"en-US\">Muskelproteinsyntes:<\/span><\/strong><span lang=\"en-US\"> Leucin \u00e4r viktigt f\u00f6r muskelproteinsyntesen, den process genom vilken musklerna v\u00e4xer och repareras efter tr\u00e4ning, vilket bidrar till att bygga starkare och mer motst\u00e5ndskraftiga muskler.<\/span><\/li>\n<li><strong><span lang=\"en-US\">St\u00f6d f\u00f6r idrottare och aktiva individer<\/span><\/strong><span lang=\"en-US\"><strong>:<\/strong> P\u00e5 grund av sin f\u00f6rm\u00e5ga att fr\u00e4mja muskeltillv\u00e4xt och skydda musklerna under tr\u00e4ning \u00e4r leucin s\u00e4rskilt f\u00f6rdelaktigt f\u00f6r idrottare och aktiva personer som vill maximera sina tr\u00e4ningsresultat.<\/span><\/li>\n<li><strong><span lang=\"en-US\">Olika livsmedelsk\u00e4llor<\/span><\/strong><span lang=\"en-US\"><strong>:<\/strong> Leucin finns i m\u00e5nga olika livsmedel, bland annat mejeriprodukter, k\u00f6tt, f\u00e5gel och fisk, vilket g\u00f6r det l\u00e4tt att f\u00e5 i sig i den dagliga kosten f\u00f6r att st\u00f6dja muskelh\u00e4lsa och fysisk prestation.<\/span><\/li>\n<\/ul>\n<p>&nbsp;<\/p>\n<p><strong><span lang=\"en-US\">Rekommenderad anv\u00e4ndning<\/span><\/strong><\/p>\n<p><span lang=\"en-US\">1 portion 30-45 minuter f\u00f6re fysisk aktivitet eller direkt efter fysisk aktivitet.<\/span><\/p>\n<p class=\"xmprfx_MsoNormal\"><b>Meddelande:<\/b><\/p>\n<ul>\n<li>Endast f\u00f6r vuxna och ers\u00e4tter inte en varierad och balanserad kost och en h\u00e4lsosam livsstil.<\/li>\n<li>\u00d6verskrid inte den rekommenderade dosen.<\/li>\n<li>Anv\u00e4nd inte produkten under amning eller graviditet utan att r\u00e5dg\u00f6ra med l\u00e4kare.<\/li>\n<li>F\u00f6rvara produkten p\u00e5 en sval, torr plats i en v\u00e4l tillsluten f\u00f6rpackning utom r\u00e4ckh\u00e5ll f\u00f6r barn under 3 \u00e5r.<\/li>\n<li>Kan inneh\u00e5lla sp\u00e5r av mj\u00f6lk, havre, \u00e4gg, soja.<\/li>\n<li>Laktosfri och Glutenfri.<\/li>\n<\/ul>","protected":false},"excerpt":{"rendered":"<details>\n<summary>Ingredienser<\/summary>\n<table style=\"text-align: center\">\n<tbody>\n<tr>\n<th>Ingredienser<\/th>\n<th>per portion<\/th>\n<\/tr>\n<tr>\n<td>L-Leucine<\/td>\n<td>3g<\/td>\n<\/tr>\n<\/tbody>\n<\/table>\n<\/details>\n<p>&nbsp;<\/p>","protected":false},"featured_media":14403,"template":"","meta":[],"product_cat":[151,311],"product_tag":[161,317],"class_list":{"0":"post-729","1":"product","2":"type-product","3":"status-publish","4":"has-post-thumbnail","6":"product_cat-amino-acids-creatine","7":"product_cat-recovery-and-regeneration","8":"product_tag-amino-acids-creatine","9":"product_tag-recovery-and-regeneration","11":"first","12":"instock","13":"taxable","14":"shipping-taxable","15":"purchasable","16":"product-type-simple"},"aioseo_notices":[],"_links":{"self":[{"href":"https:\/\/www.selfprotein.com\/sv\/wp-json\/wp\/v2\/product\/729"}],"collection":[{"href":"https:\/\/www.selfprotein.com\/sv\/wp-json\/wp\/v2\/product"}],"about":[{"href":"https:\/\/www.selfprotein.com\/sv\/wp-json\/wp\/v2\/types\/product"}],"wp:featuredmedia":[{"embeddable":true,"href":"https:\/\/www.selfprotein.com\/sv\/wp-json\/wp\/v2\/media\/14403"}],"wp:attachment":[{"href":"https:\/\/www.selfprotein.com\/sv\/wp-json\/wp\/v2\/media?parent=729"}],"wp:term":[{"taxonomy":"product_cat","embeddable":true,"href":"https:\/\/www.selfprotein.com\/sv\/wp-json\/wp\/v2\/product_cat?post=729"},{"taxonomy":"product_tag","embeddable":true,"href":"https:\/\/www.selfprotein.com\/sv\/wp-json\/wp\/v2\/product_tag?post=729"}],"curies":[{"name":"wp","href":"https:\/\/api.w.org\/{rel}","templated":true}]}}