{"id":732,"date":"2023-11-27T13:42:29","date_gmt":"2023-11-27T12:42:29","guid":{"rendered":"https:\/\/34.88.231.180\/product\/light-legs\/"},"modified":"2026-04-01T00:00:21","modified_gmt":"2026-03-31T22:00:21","slug":"light-legs","status":"publish","type":"product","link":"https:\/\/www.selfprotein.com\/sv\/produkt\/light-legs\/","title":{"rendered":"Light Legs"},"content":{"rendered":"<p style=\"text-align: left;\" align=\"center\"><strong><span lang=\"en-US\">Light Legs<\/span><\/strong><\/p>\n<p><span lang=\"en-US\">Light Legs presenterar sig som ett tillskott som \u00e4r formulerat f\u00f6r att motverka k\u00e4nslan av tyngd och tr\u00f6tthet i benen, berikat med kalium, vilket utg\u00f6r en m\u00e5linriktad l\u00f6sning f\u00f6r att f\u00f6rb\u00e4ttra cirkulationen och fr\u00e4mja benens v\u00e4lbefinnande. Dess kombination av riktade ingredienser fungerar synergistiskt f\u00f6r att ta itu med utmaningar relaterade till cirkulation och benh\u00e4lsa, vilket ger l\u00e4ttnad f\u00f6r dem som lider av tunga ben p\u00e5 grund av olika faktorer.<\/span><\/p>\n<p><span lang=\"en-US\">F\u00f6rdelar med l\u00e4tta ben:<\/span><\/p>\n<ul>\n<li><strong><span lang=\"en-US\">F\u00f6rb\u00e4ttrad blodcirkulation i benen:<\/span><\/strong><span lang=\"en-US\"> De utvalda ingredienserna verkar f\u00f6r att f\u00f6rb\u00e4ttra blodcirkulationen i benen och bidrar till att minska k\u00e4nslan av tyngd och tr\u00f6tthet.<\/span><\/li>\n<li><strong><span lang=\"en-US\">Minskning av tyngdk\u00e4nsla och svullnad i benen<\/span><\/strong><span lang=\"en-US\"><strong>:<\/strong> Tack vare n\u00e4rvaron av flavonoider som diosmin och hesperidin hj\u00e4lper tillskottet till att minska blodk\u00e4rlens permeabilitet och lindra k\u00e4nslan av svullnad och tyngd i benen.<\/span><\/li>\n<li><strong><span lang=\"en-US\">St\u00f6d f\u00f6r blodk\u00e4rlens h\u00e4lsa:<\/span><\/strong><span lang=\"en-US\"> Ingredienser som Centella Asiatica och extrakt av bl\u00e5b\u00e4r och druvk\u00e4rnor fr\u00e4mjar blodk\u00e4rlens h\u00e4lsa och hj\u00e4lper till att bibeh\u00e5lla deras integritet och funktionalitet.<\/span><\/li>\n<li><strong><span lang=\"en-US\">Reglering av elektrolytvattenbalansen genom kalium:<\/span><\/strong><span lang=\"en-US\"> Kalium \u00e4r involverat i regleringen av vattenbalansen och muskelfunktionen, st\u00f6der muskelsammandragning och -avslappning och bidrar till benens allm\u00e4nna v\u00e4lbefinnande.<\/span><\/li>\n<li><strong><span lang=\"en-US\">Tillf\u00f6rsel av antioxidanter f\u00f6r att skydda blodk\u00e4rlen fr\u00e5n oxidativ skada:<\/span><\/strong><span lang=\"en-US\"> Vitamin C och E, tillsammans med andra antioxidanter som finns i tillskottet, hj\u00e4lper till att skydda blodk\u00e4rlen fr\u00e5n oxidativ skada, vilket bibeh\u00e5ller deras h\u00e4lsa och funktionalitet.<\/span><\/li>\n<li><strong><span lang=\"en-US\">F\u00f6rb\u00e4ttring av mikrocirkulationen:<\/span><\/strong><span lang=\"en-US\"> F\u00f6rekomsten av vitamin B3 bidrar till att f\u00f6rb\u00e4ttra mikrocirkulationen, vilket underl\u00e4ttar blodfl\u00f6det genom sm\u00e5 k\u00e4rl som kapill\u00e4rer, vilket s\u00e4kerst\u00e4ller en effektivare f\u00f6rdelning av syre och n\u00e4rings\u00e4mnen till v\u00e4vnaderna.<\/span><\/li>\n<\/ul>\n<p>&nbsp;<\/p>\n<p><strong><span lang=\"en-US\">Rekommenderad anv\u00e4ndning<\/span><\/strong><\/p>\n<p><span lang=\"en-US\">Ta 3 kapslar under hela dagen.<\/span><\/p>\n<p><b>Meddelande:<\/b><\/p>\n<ul>\n<li>Endast f\u00f6r vuxna och ers\u00e4tter inte en varierad och balanserad kost och en h\u00e4lsosam livsstil.<\/li>\n<li>\u00d6verskrid inte den rekommenderade dosen.<\/li>\n<li>Anv\u00e4nd inte produkten under amning eller graviditet utan att r\u00e5dg\u00f6ra med l\u00e4kare.<\/li>\n<li>F\u00f6rvara produkten p\u00e5 en sval, torr plats i en v\u00e4l tillsluten f\u00f6rpackning utom r\u00e4ckh\u00e5ll f\u00f6r barn under 3 \u00e5r.<\/li>\n<li>Kan inneh\u00e5lla sp\u00e5r av mj\u00f6lk, havre, \u00e4gg, soja.<\/li>\n<li>Laktosfri och Glutenfri.<\/li>\n<\/ul>","protected":false},"excerpt":{"rendered":"<details>\n<summary>Ingredienser<\/summary>\n<table style=\"text-align: center;\">\n<tbody>\n<tr>\n<th>Ingredienser<\/th>\n<th>per 3cps<\/th>\n<th>%NRV*<\/th>\n<\/tr>\n<tr>\n<td>Kalium (kaliumklorid)<\/td>\n<td>390 mg<\/td>\n<td>20<\/td>\n<\/tr>\n<tr>\n<td>Bl\u00e5b\u00e4r (Vaccinum corymbosum (L) fructus)<\/td>\n<td>450 mg<\/td>\n<td><\/td>\n<\/tr>\n<tr>\n<td>Diosmin (fr\u00e5n Citrus aurantium-extrakt-fructus)<\/td>\n<td>400 mg<\/td>\n<td><\/td>\n<\/tr>\n<tr>\n<td>Gotu Kola (Centella Asiatica (L.) Urb e.s. folium)<\/td>\n<td>201 mg<\/td>\n<td><\/td>\n<\/tr>\n<tr>\n<td>Druvk\u00e4rna (Vitis vinifera, sperma)<\/td>\n<td>100 mg<\/td>\n<td><\/td>\n<\/tr>\n<tr>\n<td>Hesperidin (fr\u00e5n Citrus aurantium-extrakt-fructus)<\/td>\n<td>50 mg<\/td>\n<td><\/td>\n<\/tr>\n<tr>\n<td>Vitamin C (L-askorbinsyra)<\/td>\n<td>80 mg<\/td>\n<td>100<\/td>\n<\/tr>\n<tr>\n<td>Vitamin E (D-alfa-tokoperol)<\/td>\n<td>12 mg<\/td>\n<td>100<\/td>\n<\/tr>\n<tr>\n<td>Vitamin B3 (nikotinamid)<\/td>\n<td>16 mg<\/td>\n<td>100<\/td>\n<\/tr>\n<tr>\n<td colspan=\"3\"><strong>\u00d6vriga ingredienser: <\/strong>maltodextrin, stabiliseringsmedel (E470b), vegansk kapsel (E1204)<\/td>\n<\/tr>\n<tr>\n<td colspan=\"3\"><strong>*%NRV:<\/strong>n\u00e4ringsm\u00e4ssigt referensv\u00e4rde<\/td>\n<\/tr>\n<\/tbody>\n<\/table>\n<\/details>\n<p>&nbsp;<\/p>","protected":false},"featured_media":733,"template":"","meta":[],"product_cat":[312,214],"product_tag":[314,258],"class_list":{"0":"post-732","1":"product","2":"type-product","3":"status-publish","4":"has-post-thumbnail","6":"product_cat-health-and-wellness","7":"product_cat-vitamins-wellness","8":"product_tag-health-and-wellness","9":"product_tag-vitamins-wellness","11":"first","12":"instock","13":"taxable","14":"shipping-taxable","15":"purchasable","16":"product-type-simple"},"aioseo_notices":[],"_links":{"self":[{"href":"https:\/\/www.selfprotein.com\/sv\/wp-json\/wp\/v2\/product\/732"}],"collection":[{"href":"https:\/\/www.selfprotein.com\/sv\/wp-json\/wp\/v2\/product"}],"about":[{"href":"https:\/\/www.selfprotein.com\/sv\/wp-json\/wp\/v2\/types\/product"}],"wp:featuredmedia":[{"embeddable":true,"href":"https:\/\/www.selfprotein.com\/sv\/wp-json\/wp\/v2\/media\/733"}],"wp:attachment":[{"href":"https:\/\/www.selfprotein.com\/sv\/wp-json\/wp\/v2\/media?parent=732"}],"wp:term":[{"taxonomy":"product_cat","embeddable":true,"href":"https:\/\/www.selfprotein.com\/sv\/wp-json\/wp\/v2\/product_cat?post=732"},{"taxonomy":"product_tag","embeddable":true,"href":"https:\/\/www.selfprotein.com\/sv\/wp-json\/wp\/v2\/product_tag?post=732"}],"curies":[{"name":"wp","href":"https:\/\/api.w.org\/{rel}","templated":true}]}}