{"id":735,"date":"2023-11-27T13:42:33","date_gmt":"2023-11-27T12:42:33","guid":{"rendered":"https:\/\/34.88.231.180\/product\/lipofit-advance\/"},"modified":"2026-05-01T00:23:54","modified_gmt":"2026-04-30T22:23:54","slug":"lipofit-advance","status":"publish","type":"product","link":"https:\/\/www.selfprotein.com\/sv\/produkt\/lipofit-advance\/","title":{"rendered":"Lipofit Advance"},"content":{"rendered":"<p style=\"text-align: left;\" align=\"center\"><strong><span lang=\"en-US\">Lipofit avancerad<\/span><\/strong><\/p>\n<p><span lang=\"en-US\">Lipofit Advanced \u00e4r ett kosttillskott som inneh\u00e5ller en rad olika n\u00e4rings\u00e4mnen som syftar till att st\u00f6dja allm\u00e4n h\u00e4lsa och v\u00e4lbefinnande. Var och en av dessa ingredienser har studerats f\u00f6r sina potentiella h\u00e4lsof\u00f6rdelar, vilket ger ett m\u00e5ngsidigt st\u00f6d f\u00f6r olika aspekter av kropp och sj\u00e4l.<\/span><\/p>\n<p><span lang=\"en-US\">F\u00f6rdelar med Lipofit Advanced:<\/span><\/p>\n<ul>\n<li><strong><span lang=\"en-US\">CLA (konjugerad linolsyra):<\/span><\/strong><span lang=\"en-US\"> CLA \u00e4r k\u00e4nt f\u00f6r att st\u00f6dja viktminskning och f\u00f6rb\u00e4ttra kroppssammans\u00e4ttningen, med vissa studier som tyder p\u00e5 en minskning av kroppsfett och en \u00f6kning av mager massa.<\/span><\/li>\n<li><strong><span lang=\"en-US\">Wakame: <\/span><\/strong><span lang=\"en-US\">Tillsatsen av wakame, en t\u00e5ng som \u00e4r rik p\u00e5 jod och andra n\u00e4rings\u00e4mnen, kan fr\u00e4mja sk\u00f6ldk\u00f6rtelns h\u00e4lsa och potentiellt st\u00f6dja kardiovaskul\u00e4r h\u00e4lsa och viktminskning.<\/span><\/li>\n<li><strong><span lang=\"en-US\">Natriumhyaluronat:<\/span><\/strong><span lang=\"en-US\"> Detta tillskott \u00e4r viktigt f\u00f6r att uppr\u00e4tth\u00e5lla friska leder och hud, och vissa studier tyder p\u00e5 f\u00f6rb\u00e4ttrad \u00e5terfuktning och hudelasticitet samt minskad ledv\u00e4rk.<\/span><\/li>\n<li><strong><span lang=\"en-US\">Vitamin C:<\/span><\/strong><span lang=\"en-US\"> C-vitamin \u00e4r avg\u00f6rande f\u00f6r immunf\u00f6rsvaret, hudens h\u00e4lsa och s\u00e5rl\u00e4kning samt fungerar som en antioxidant f\u00f6r att skydda kroppen mot oxidativ stress.<\/span><\/li>\n<li><strong><span lang=\"en-US\">Acai:<\/span><\/strong><span lang=\"en-US\"> Acai \u00e4r k\u00e4nt f\u00f6r sitt h\u00f6ga inneh\u00e5ll av antioxidanter, som kan bidra till att minska inflammation, f\u00f6rb\u00e4ttra kolesterolniv\u00e5erna och st\u00f6dja viktminskning.<\/span><\/li>\n<li><strong><span lang=\"en-US\">Vitamin B3 (Niacin):<\/span><\/strong><span lang=\"en-US\"> Niacin \u00e4r viktigt f\u00f6r energiproduktion, nervsystemets och hudens h\u00e4lsa och kan \u00e4ven bidra till att f\u00f6rb\u00e4ttra kolesterolniv\u00e5erna och minska risken f\u00f6r hj\u00e4rt- och k\u00e4rlsjukdomar.<\/span><\/li>\n<li><strong><span lang=\"en-US\">Biotin<\/span><\/strong><span lang=\"en-US\"><strong>:<\/strong> Detta B-vitamin \u00e4r viktigt f\u00f6r h\u00e5rets, hudens och naglarnas h\u00e4lsa och ger ett viktigt st\u00f6d f\u00f6r sk\u00f6nhet och vitalitet.<\/span><\/li>\n<\/ul>\n<p>&nbsp;<\/p>\n<p><strong><span lang=\"en-US\">Rekommenderad anv\u00e4ndning<\/span><\/strong><\/p>\n<p><span lang=\"en-US\">Max 3 kapslar per dag.<\/span><\/p>\n<p><b>Meddelande:<\/b><\/p>\n<ul>\n<li>Endast f\u00f6r vuxna och ers\u00e4tter inte en varierad och balanserad kost och en h\u00e4lsosam livsstil.<\/li>\n<li>\u00d6verskrid inte den rekommenderade dosen.<\/li>\n<li>Anv\u00e4nd inte produkten under amning eller graviditet utan att r\u00e5dg\u00f6ra med l\u00e4kare.<\/li>\n<li>F\u00f6rvara produkten p\u00e5 en sval, torr plats i en v\u00e4l tillsluten f\u00f6rpackning utom r\u00e4ckh\u00e5ll f\u00f6r barn under 3 \u00e5r.<\/li>\n<li>Kan inneh\u00e5lla sp\u00e5r av mj\u00f6lk, havre, \u00e4gg, soja.<\/li>\n<li>Laktosfri och Glutenfri.<\/li>\n<\/ul>","protected":false},"excerpt":{"rendered":"<details>\n<summary>Ingredienser<\/summary>\n<table style=\"text-align: center;\">\n<tbody>\n<tr>\n<th>Ingredienser<\/th>\n<th>per 3cps<\/th>\n<th>%NRV*<\/th>\n<\/tr>\n<tr>\n<td>Konjugerad linolsyra<\/td>\n<td>300 mg<\/td>\n<td><\/td>\n<\/tr>\n<tr>\n<td>Wakame e.s (30% Fucoxanthin)(Undaria pinnatifida, thallus)<\/td>\n<td>150 mg<\/td>\n<td><\/td>\n<\/tr>\n<tr>\n<td>Natriumhyaluronat<\/td>\n<td>150 mg<\/td>\n<td><\/td>\n<\/tr>\n<tr>\n<td>Vitamin C (L-askorbinsyra)<\/td>\n<td>120 mg<\/td>\n<td>150<\/td>\n<\/tr>\n<tr>\n<td>Acai (Euterpe olaracea Mart. fructus) e.s<\/td>\n<td>60 mg<\/td>\n<td><\/td>\n<\/tr>\n<tr>\n<td>Vitamin B3 (nikotinacid)<\/td>\n<td>10 mg<\/td>\n<td>63<\/td>\n<\/tr>\n<tr>\n<td>Biotin (D-biotin)<\/td>\n<td>450 \u03bcg<\/td>\n<td>900<\/td>\n<\/tr>\n<tr>\n<td colspan=\"3\"><strong>\u00d6vriga ingredienser: <\/strong>stabiliseringsmedel (E470b, E551), vegansk kapsel (E1204)<\/td>\n<\/tr>\n<tr>\n<td colspan=\"3\"><strong>*%NRV <\/strong>n\u00e4ringsm\u00e4ssigt referensv\u00e4rde<\/td>\n<\/tr>\n<\/tbody>\n<\/table>\n<\/details>\n<p>&nbsp;<\/p>","protected":false},"featured_media":736,"template":"","meta":[],"product_cat":[155,309],"product_tag":[163,319],"class_list":{"0":"post-735","1":"product","2":"type-product","3":"status-publish","4":"has-post-thumbnail","6":"product_cat-weight-control-metabolism","7":"product_cat-weight-management-and-definition","8":"product_tag-weight-control-metabolism","9":"product_tag-weight-management-and-definition","11":"first","12":"instock","13":"sale","14":"taxable","15":"shipping-taxable","16":"purchasable","17":"product-type-simple"},"aioseo_notices":[],"_links":{"self":[{"href":"https:\/\/www.selfprotein.com\/sv\/wp-json\/wp\/v2\/product\/735"}],"collection":[{"href":"https:\/\/www.selfprotein.com\/sv\/wp-json\/wp\/v2\/product"}],"about":[{"href":"https:\/\/www.selfprotein.com\/sv\/wp-json\/wp\/v2\/types\/product"}],"wp:featuredmedia":[{"embeddable":true,"href":"https:\/\/www.selfprotein.com\/sv\/wp-json\/wp\/v2\/media\/736"}],"wp:attachment":[{"href":"https:\/\/www.selfprotein.com\/sv\/wp-json\/wp\/v2\/media?parent=735"}],"wp:term":[{"taxonomy":"product_cat","embeddable":true,"href":"https:\/\/www.selfprotein.com\/sv\/wp-json\/wp\/v2\/product_cat?post=735"},{"taxonomy":"product_tag","embeddable":true,"href":"https:\/\/www.selfprotein.com\/sv\/wp-json\/wp\/v2\/product_tag?post=735"}],"curies":[{"name":"wp","href":"https:\/\/api.w.org\/{rel}","templated":true}]}}