{"id":741,"date":"2023-11-27T13:42:41","date_gmt":"2023-11-27T12:42:41","guid":{"rendered":"https:\/\/34.88.231.180\/product\/magnesium\/"},"modified":"2026-05-01T00:23:57","modified_gmt":"2026-04-30T22:23:57","slug":"magnesium","status":"publish","type":"product","link":"https:\/\/www.selfprotein.com\/sv\/produkt\/magnesium\/","title":{"rendered":"Magnesium"},"content":{"rendered":"<p style=\"text-align: left\" align=\"center\"><strong><span lang=\"en-US\">Magnesiumpulver<\/span><\/strong><\/p>\n<p><span lang=\"en-US\">Magnesium spelar en avg\u00f6rande roll inom idrott, eftersom det \u00e4r involverat i en rad grundl\u00e4ggande biologiska processer f\u00f6r idrottsprestationer. Mineralet spelar en nyckelroll i energiproduktion, muskelfunktion, elektrolytbalans och benh\u00e4lsa, vilket direkt p\u00e5verkar idrottarnas uth\u00e5llighet, styrka och muskelflexibilitet.<\/span><\/p>\n<p><span lang=\"en-US\">F\u00f6rdelar med magnesiumpulver:<\/span><\/p>\n<ul>\n<li><strong><span lang=\"en-US\">Produktion av energi:<\/span><\/strong><\/li>\n<\/ul>\n<p><span lang=\"en-US\">- Magnesium \u00e4r viktigt f\u00f6r ATP-produktionen, den prim\u00e4ra energik\u00e4llan f\u00f6r muskelkontraktion.<\/span><br \/>\n<span lang=\"en-US\">- Tillr\u00e4ckliga magnesiumniv\u00e5er \u00e4r avg\u00f6rande f\u00f6r att f\u00f6rhindra tr\u00f6tthet och s\u00e4kerst\u00e4lla tillr\u00e4cklig uth\u00e5llighet under tr\u00e4ning.<\/span><\/p>\n<ul>\n<li><strong><span lang=\"en-US\">Musklernas funktion:<\/span><\/strong><\/li>\n<\/ul>\n<p><span lang=\"en-US\">- Det bidrar till att reglera muskelsammandragningar och muskelavslappning, vilket \u00e4r viktigt f\u00f6r att bibeh\u00e5lla muskelstyrka och flexibilitet.<\/span><br \/>\n<span lang=\"en-US\">- Magnesium kan hj\u00e4lpa idrottare att f\u00f6rb\u00e4ttra sin prestation och f\u00f6rebygga muskelrelaterade skador.<\/span><\/p>\n<ul>\n<li><strong><span lang=\"en-US\">Elektrolytbalans:<\/span><\/strong><\/li>\n<\/ul>\n<p><span lang=\"en-US\">- Magnesium fungerar som en elektrolyt och bidrar till att uppr\u00e4tth\u00e5lla balansen mellan v\u00e4tskor och mineraler i kroppen.<\/span><br \/>\n<span lang=\"en-US\">- Det \u00e4r s\u00e4rskilt viktigt f\u00f6r idrottare som f\u00f6rlorar v\u00e4tska och elektrolyter genom svettning under tr\u00e4ning, vilket bidrar till att f\u00f6rhindra uttorkning och elektrolytobalanser.<\/span><\/p>\n<ul>\n<li><strong><span lang=\"en-US\">Benh\u00e4lsa:<\/span><\/strong><\/li>\n<\/ul>\n<p><span lang=\"en-US\">- Magnesium \u00e4r avg\u00f6rande f\u00f6r ben- och tandh\u00e4lsan, vilket minskar risken f\u00f6r stressfrakturer och andra benskador hos idrottare.<\/span><br \/>\n<span lang=\"en-US\">- Att uppr\u00e4tth\u00e5lla optimala magnesiumniv\u00e5er kan bidra till att s\u00e4kerst\u00e4lla en solid och motst\u00e5ndskraftig benstruktur, vilket \u00e4r viktigt f\u00f6r att st\u00f6dja intensiv och l\u00e5ngvarig fysisk aktivitet.<\/span><\/p>\n<p><strong><span lang=\"en-US\">Rekommenderad anv\u00e4ndning<\/span><\/strong><\/p>\n<p><span lang=\"en-US\">1 portion per dag.<\/span><\/p>\n<p><b>Meddelande:<\/b><\/p>\n<ul>\n<li>Endast f\u00f6r vuxna och ers\u00e4tter inte en varierad och balanserad kost och en h\u00e4lsosam livsstil.<\/li>\n<li>\u00d6verskrid inte den rekommenderade dosen.<\/li>\n<li>Anv\u00e4nd inte produkten under amning eller graviditet utan att r\u00e5dg\u00f6ra med l\u00e4kare.<\/li>\n<li>F\u00f6rvara produkten p\u00e5 en sval, torr plats i en v\u00e4l tillsluten f\u00f6rpackning utom r\u00e4ckh\u00e5ll f\u00f6r barn under 3 \u00e5r.<\/li>\n<li>Kan inneh\u00e5lla sp\u00e5r av mj\u00f6lk, havre, \u00e4gg, soja.<\/li>\n<li>Laktosfri och Glutenfri.<\/li>\n<\/ul>","protected":false},"excerpt":{"rendered":"<p>Magnesiumpulver Magnesium spelar en avg\u00f6rande roll inom idrott, eftersom det \u00e4r involverat i en rad grundl\u00e4ggande biologiska processer f\u00f6r atletisk prestation. Detta mineral spelar en nyckelroll i energiproduktion, muskelfunktion, elektrolytbalans och benh\u00e4lsa, vilket direkt p\u00e5verkar idrottarnas uth\u00e5llighet, styrka och muskelflexibilitet. F\u00f6rdelar med magnesiumpulver: Energiproduktion: - Magnesium \u00e4r viktigt [...]<\/p>","protected":false},"featured_media":12757,"template":"","meta":[],"product_cat":[311,214],"product_tag":[317,258],"class_list":{"0":"post-741","1":"product","2":"type-product","3":"status-publish","4":"has-post-thumbnail","6":"product_cat-recovery-and-regeneration","7":"product_cat-vitamins-wellness","8":"product_tag-recovery-and-regeneration","9":"product_tag-vitamins-wellness","11":"first","12":"instock","13":"taxable","14":"shipping-taxable","15":"purchasable","16":"product-type-variable"},"aioseo_notices":[],"_links":{"self":[{"href":"https:\/\/www.selfprotein.com\/sv\/wp-json\/wp\/v2\/product\/741"}],"collection":[{"href":"https:\/\/www.selfprotein.com\/sv\/wp-json\/wp\/v2\/product"}],"about":[{"href":"https:\/\/www.selfprotein.com\/sv\/wp-json\/wp\/v2\/types\/product"}],"wp:featuredmedia":[{"embeddable":true,"href":"https:\/\/www.selfprotein.com\/sv\/wp-json\/wp\/v2\/media\/12757"}],"wp:attachment":[{"href":"https:\/\/www.selfprotein.com\/sv\/wp-json\/wp\/v2\/media?parent=741"}],"wp:term":[{"taxonomy":"product_cat","embeddable":true,"href":"https:\/\/www.selfprotein.com\/sv\/wp-json\/wp\/v2\/product_cat?post=741"},{"taxonomy":"product_tag","embeddable":true,"href":"https:\/\/www.selfprotein.com\/sv\/wp-json\/wp\/v2\/product_tag?post=741"}],"curies":[{"name":"wp","href":"https:\/\/api.w.org\/{rel}","templated":true}]}}