{"id":747,"date":"2023-11-27T13:42:58","date_gmt":"2023-11-27T12:42:58","guid":{"rendered":"https:\/\/34.88.231.180\/product\/maltodextrin\/"},"modified":"2026-05-01T00:23:57","modified_gmt":"2026-04-30T22:23:57","slug":"maltodextrin","status":"publish","type":"product","link":"https:\/\/www.selfprotein.com\/sv\/produkt\/maltodextrin\/","title":{"rendered":"Maltodextrin"},"content":{"rendered":"<p style=\"text-align: left;\" align=\"center\"><strong><span lang=\"en-US\">Maltodextrin<\/span><\/strong><\/p>\n<p><span lang=\"en-US\">Maltodextriner \u00e4r kosttillskott som ofta anv\u00e4nds f\u00f6r att s\u00e4kerst\u00e4lla snabb energip\u00e5fyllning, tack vare sin sammans\u00e4ttning av enkla sockerarter som \u00e4r sammanl\u00e4nkade och m\u00f6jligg\u00f6r snabb assimilering i kroppen. De \u00e4r s\u00e4rskilt popul\u00e4ra bland idrottare och personer som \u00e4gnar sig \u00e5t intensiva fysiska aktiviteter, eftersom de erbjuder en rad viktiga f\u00f6rdelar:<\/span><\/p>\n<p><span lang=\"en-US\">F\u00f6rdelar med maltodextriner:<\/span><\/p>\n<ul>\n<li><strong><span lang=\"en-US\">Snabb energip\u00e5fyllning:<\/span><\/strong><span lang=\"en-US\"> Maltodextriner ger en omedelbar energik\u00e4lla under intensiv eller l\u00e5ngvarig fysisk tr\u00e4ning, vilket bidrar till att uppr\u00e4tth\u00e5lla optimala prestationsniv\u00e5er och f\u00f6rhindra tidig tr\u00f6tthet.<\/span><\/li>\n<li><strong><span lang=\"en-US\">St\u00f6d f\u00f6r muskel\u00e5terh\u00e4mtning:<\/span><\/strong><span lang=\"en-US\"> Efter intensiv tr\u00e4ning kan maltodextrintillskott anv\u00e4ndas tillsammans med proteiner eller andra n\u00e4rings\u00e4mnen f\u00f6r att fr\u00e4mja muskel\u00e5terh\u00e4mtning, hj\u00e4lpa till att fylla p\u00e5 t\u00f6mda glykogenreserver och fr\u00e4mja \u00e5teruppbyggnad av v\u00e4vnad.<\/span><\/li>\n<li><strong><span lang=\"en-US\">\u00d6kat kaloriintag:<\/span><\/strong><span lang=\"en-US\"> Maltodextriner \u00e4r ett effektivt s\u00e4tt att \u00f6ka det dagliga kaloriintaget, vilket g\u00f6r dem anv\u00e4ndbara f\u00f6r dem med stort energibehov eller f\u00f6r dem som vill g\u00e5 upp i vikt p\u00e5 ett h\u00e4lsosamt och kontrollerat s\u00e4tt.<\/span><\/li>\n<li><strong><span lang=\"en-US\">Enkel konsumtion:<\/span><\/strong><span lang=\"en-US\"> Maltodextrintillskott finns i olika former, inklusive pulver och drycker, och kan enkelt inf\u00f6rlivas i den dagliga kosten, vilket m\u00f6jligg\u00f6r en bekv\u00e4m och praktisk konsumtion.<\/span><\/li>\n<li><strong><span lang=\"en-US\">M\u00e5ngsidighet i anv\u00e4ndningen:<\/span><\/strong><span lang=\"en-US\"> Maltodextriner kan konsumeras ensamma eller kombineras med andra kosttillskott eller livsmedel f\u00f6r att passa varje individs specifika behov, vilket ger flexibilitet i n\u00e4rings- och tillskottsmetoden.<\/span><\/li>\n<\/ul>\n<p><\/p>\n<p><span lang=\"en-US\">Med sin f\u00f6rm\u00e5ga att ge omedelbar energi och st\u00f6dja muskel\u00e5terh\u00e4mtning har maltodextriner blivit ett popul\u00e4rt alternativ f\u00f6r idrottare och aktiva personer som vill maximera sin prestation och fr\u00e4mja snabb muskelregenerering.<\/span><\/p>\n<p><strong><span lang=\"en-US\">Rekommenderad anv\u00e4ndning<\/span><\/strong><\/p>\n<p><span lang=\"en-US\">1 portion f\u00f6re och under tr\u00e4ningspasset f\u00f6r att st\u00f6dja den atletiska prestationen. Direkt efter fysisk aktivitet f\u00f6r att \u00e5terst\u00e4lla musklernas glykogenreserver.<\/span><\/p>\n<p><b>Meddelande:<\/b><\/p>\n<ul>\n<li>Endast f\u00f6r vuxna och ers\u00e4tter inte en varierad och balanserad kost och en h\u00e4lsosam livsstil.<\/li>\n<li>\u00d6verskrid inte den rekommenderade dosen.<\/li>\n<li>Anv\u00e4nd inte produkten under amning eller graviditet utan att r\u00e5dg\u00f6ra med l\u00e4kare.<\/li>\n<li>F\u00f6rvara produkten p\u00e5 en sval, torr plats i en v\u00e4l tillsluten f\u00f6rpackning.<\/li>\n<li>Kan inneh\u00e5lla sp\u00e5r av mj\u00f6lk, havre, \u00e4gg, soja.<\/li>\n<li>Laktosfri och Glutenfri.<\/li>\n<\/ul>","protected":false},"excerpt":{"rendered":"<p>Maltodextrin Maltodextrin \u00e4r ett vanligt kosttillskott som ger snabb energip\u00e5fyllning tack vare sin sammans\u00e4ttning av enkla sockerarter som \u00e4r sammanl\u00e4nkade och snabbt kan tas upp av kroppen. De \u00e4r s\u00e4rskilt popul\u00e4ra bland idrottare och personer som \u00e4gnar sig \u00e5t intensiva fysiska aktiviteter, eftersom de erbjuder en rad viktiga f\u00f6rdelar: F\u00f6rdelar med maltodextriner: Snabb energip\u00e5fyllning: Maltodextriner [...]<\/p>","protected":false},"featured_media":6229,"template":"","meta":[],"product_cat":[310,217],"product_tag":[315,230],"class_list":{"0":"post-747","1":"product","2":"type-product","3":"status-publish","4":"has-post-thumbnail","6":"product_cat-performance-and-endurance","7":"product_cat-pre-workout-energy","8":"product_tag-performance-and-endurance","9":"product_tag-pre-workout-energy","11":"first","12":"instock","13":"taxable","14":"shipping-taxable","15":"purchasable","16":"product-type-variable"},"aioseo_notices":[],"_links":{"self":[{"href":"https:\/\/www.selfprotein.com\/sv\/wp-json\/wp\/v2\/product\/747"}],"collection":[{"href":"https:\/\/www.selfprotein.com\/sv\/wp-json\/wp\/v2\/product"}],"about":[{"href":"https:\/\/www.selfprotein.com\/sv\/wp-json\/wp\/v2\/types\/product"}],"wp:featuredmedia":[{"embeddable":true,"href":"https:\/\/www.selfprotein.com\/sv\/wp-json\/wp\/v2\/media\/6229"}],"wp:attachment":[{"href":"https:\/\/www.selfprotein.com\/sv\/wp-json\/wp\/v2\/media?parent=747"}],"wp:term":[{"taxonomy":"product_cat","embeddable":true,"href":"https:\/\/www.selfprotein.com\/sv\/wp-json\/wp\/v2\/product_cat?post=747"},{"taxonomy":"product_tag","embeddable":true,"href":"https:\/\/www.selfprotein.com\/sv\/wp-json\/wp\/v2\/product_tag?post=747"}],"curies":[{"name":"wp","href":"https:\/\/api.w.org\/{rel}","templated":true}]}}