{"id":753,"date":"2023-11-27T13:43:10","date_gmt":"2023-11-27T12:43:10","guid":{"rendered":"https:\/\/34.88.231.180\/product\/mass-active-gainer\/"},"modified":"2026-04-01T16:50:52","modified_gmt":"2026-04-01T14:50:52","slug":"mass-active-gainer","status":"publish","type":"product","link":"https:\/\/www.selfprotein.com\/sv\/produkt\/mass-active-gainer\/","title":{"rendered":"Mass Active Gainer"},"content":{"rendered":"<p style=\"text-align: left;\" align=\"center\"><strong><span lang=\"en-US\">Mass Active Gainer<\/span><\/strong><\/p>\n<p><span lang=\"en-US\">Mass Active Gainer \u00e4r ett kosttillskott speciellt utformat f\u00f6r att st\u00f6dja dem som k\u00e4mpar f\u00f6r att g\u00e5 upp i vikt eller muskelmassa. Med en balanserad kombination av proteiner, kolhydrater, fetter, vitaminer och mineraler syftar denna produkt till att ge omfattande st\u00f6d f\u00f6r muskeltillv\u00e4xt och \u00e5terh\u00e4mtning. Dess proteinbas, som h\u00e4rr\u00f6r fr\u00e5n vassleprotein, ger snabb absorption f\u00f6r att fr\u00e4mja muskelproteinsyntesen.<\/span><\/p>\n<p><span lang=\"en-US\">F\u00f6rdelar med Mass Active Gainer:<\/span><\/p>\n<ul>\n<li><strong><span lang=\"en-US\">H\u00f6gkvalitativa proteiner f\u00f6r muskeluppbyggnad:<\/span><\/strong><span lang=\"en-US\"> N\u00e4rvaron av vassleprotein fr\u00e4mjar snabb muskelproteinsyntes, vilket bidrar till processen f\u00f6r muskeltillv\u00e4xt och \u00e5terh\u00e4mtning.<\/span><\/li>\n<li><strong><span lang=\"en-US\">Snabbt sm\u00e4ltbara kolhydrater f\u00f6r energi:<\/span><\/strong><span lang=\"en-US\"> Kolhydrater fr\u00e5n maltodextriner s\u00e4kerst\u00e4ller snabb matsm\u00e4ltning, fyller effektivt p\u00e5 glykogenreserverna och ger n\u00f6dv\u00e4ndig energi f\u00f6r intensiva tr\u00e4ningspass.<\/span><\/li>\n<li><strong><span lang=\"en-US\">Optimal balans av n\u00e4rings\u00e4mnen: <\/span><\/strong><span lang=\"en-US\">Mass Active Whey Gainer erbjuder en v\u00e4lbalanserad kombination av proteiner, kolhydrater och fetter, vilket ger ett omfattande st\u00f6d f\u00f6r h\u00e4lsosam vikt\u00f6kning.<\/span><\/li>\n<li><strong><span lang=\"en-US\">Integrering av viktiga vitaminer och mineraler:<\/span><\/strong><span lang=\"en-US\"> F\u00f6rutom makron\u00e4rings\u00e4mnen inneh\u00e5ller detta tillskott vitaminer som C och E, B-vitaminer och zink, vilket bidrar till allm\u00e4n h\u00e4lsa och v\u00e4lbefinnande.<\/span><\/li>\n<li><strong><span lang=\"en-US\">St\u00f6d f\u00f6r muskel\u00e5terh\u00e4mtning:<\/span><\/strong><span lang=\"en-US\"> N\u00e4rvaron av viktiga n\u00e4rings\u00e4mnen fr\u00e4mjar muskel\u00e5terh\u00e4mtningen efter tr\u00e4ningen, vilket minskar risken f\u00f6r tr\u00f6tthet och f\u00f6rb\u00e4ttrar f\u00f6rm\u00e5gan att ta itu med efterf\u00f6ljande tr\u00e4ningspass.<\/span><\/li>\n<\/ul>\n<p>&nbsp;<\/p>\n<p><strong><span lang=\"en-US\">Rekommenderad anv\u00e4ndning<\/span><\/strong><\/p>\n<p><span lang=\"en-US\">En portion direkt efter sportaktivitet eller 1-2 portioner under dagen f\u00f6r dem som k\u00e4mpar f\u00f6r att g\u00e5 upp i vikt.<\/span><\/p>\n<p><b>Meddelande:<\/b><\/p>\n<ul>\n<li>Endast f\u00f6r vuxna och ers\u00e4tter inte en varierad och balanserad kost och en h\u00e4lsosam livsstil.<\/li>\n<li>\u00d6verskrid inte den rekommenderade dosen.<\/li>\n<li>Anv\u00e4nd inte produkten under amning eller graviditet utan att r\u00e5dg\u00f6ra med l\u00e4kare.<\/li>\n<li>F\u00f6rvara produkten p\u00e5 en sval, torr plats i en v\u00e4l tillsluten f\u00f6rpackning utom r\u00e4ckh\u00e5ll f\u00f6r barn under 3 \u00e5r.<\/li>\n<li>Kan inneh\u00e5lla sp\u00e5r av havre, \u00e4gg, soja.<\/li>\n<li>Glutenfri.<\/li>\n<\/ul>","protected":false},"excerpt":{"rendered":"<p>Mass Active Gainer Mass Active Gainer \u00e4r ett kosttillskott speciellt utformat f\u00f6r att st\u00f6dja dem som k\u00e4mpar f\u00f6r att g\u00e5 upp i vikt eller muskelmassa. Med en balanserad kombination av proteiner, kolhydrater, fetter, vitaminer och mineraler syftar denna produkt till att ge omfattande st\u00f6d f\u00f6r muskeltillv\u00e4xt och \u00e5terh\u00e4mtning. Dess proteinbas, som h\u00e4rr\u00f6r fr\u00e5n vassleprotein, erbjuder snabb absorption [...]<\/p>","protected":false},"featured_media":755,"template":"","meta":[],"product_cat":[154,308],"product_tag":[162,318],"class_list":{"0":"post-753","1":"product","2":"type-product","3":"status-publish","4":"has-post-thumbnail","6":"product_cat-gain-performance","7":"product_cat-strength-and-muscle-mass","8":"product_tag-gain-performance","9":"product_tag-strength-and-muscle-mass","11":"first","12":"instock","13":"taxable","14":"shipping-taxable","15":"purchasable","16":"product-type-variable"},"aioseo_notices":[],"_links":{"self":[{"href":"https:\/\/www.selfprotein.com\/sv\/wp-json\/wp\/v2\/product\/753"}],"collection":[{"href":"https:\/\/www.selfprotein.com\/sv\/wp-json\/wp\/v2\/product"}],"about":[{"href":"https:\/\/www.selfprotein.com\/sv\/wp-json\/wp\/v2\/types\/product"}],"wp:featuredmedia":[{"embeddable":true,"href":"https:\/\/www.selfprotein.com\/sv\/wp-json\/wp\/v2\/media\/755"}],"wp:attachment":[{"href":"https:\/\/www.selfprotein.com\/sv\/wp-json\/wp\/v2\/media?parent=753"}],"wp:term":[{"taxonomy":"product_cat","embeddable":true,"href":"https:\/\/www.selfprotein.com\/sv\/wp-json\/wp\/v2\/product_cat?post=753"},{"taxonomy":"product_tag","embeddable":true,"href":"https:\/\/www.selfprotein.com\/sv\/wp-json\/wp\/v2\/product_tag?post=753"}],"curies":[{"name":"wp","href":"https:\/\/api.w.org\/{rel}","templated":true}]}}