{"id":771,"date":"2023-11-27T13:44:03","date_gmt":"2023-11-27T12:44:03","guid":{"rendered":"https:\/\/34.88.231.180\/product\/mct-oil\/"},"modified":"2026-04-01T00:00:24","modified_gmt":"2026-03-31T22:00:24","slug":"mct-oil","status":"publish","type":"product","link":"https:\/\/www.selfprotein.com\/sv\/produkt\/mct-oil\/","title":{"rendered":"MCT Oil"},"content":{"rendered":"<p style=\"text-align: left;\" align=\"center\"><strong><span lang=\"en-US\">MCT Oil<\/span><\/strong><\/p>\n<p><span lang=\"en-US\">MCT-olja h\u00e4rr\u00f6r fr\u00e5n triglycerider med medelh\u00f6g kedja (MCT) och \u00e4r ett m\u00e5ngsidigt och f\u00f6rdelaktigt kostalternativ f\u00f6r m\u00e5nga olika \u00e4ndam\u00e5l. MCT-olja utvinns fr\u00e4mst ur kokosn\u00f6tsolja och andra naturliga k\u00e4llor och \u00e4r k\u00e4nd f\u00f6r sin snabba metabolism i kroppen och sin f\u00f6rm\u00e5ga att ge omedelbar energi, vilket g\u00f6r den till ett v\u00e4rdefullt tillskott i flera kostsammanhang och f\u00f6r allm\u00e4nt v\u00e4lbefinnande.<\/span><\/p>\n<p><span lang=\"en-US\">F\u00f6rdelar med MCT-olja:<\/span><\/p>\n<ul>\n<li><strong><span lang=\"en-US\">Snabb \u00e4mnesoms\u00e4ttning:<\/span><\/strong><\/li>\n<\/ul>\n<p><span lang=\"en-US\">- Tack vare sin medelkedjiga struktur metaboliseras MCT snabbt av kroppen, vilket ger omedelbar energi och st\u00f6djer \u00e4mnesoms\u00e4ttningen.<\/span><\/p>\n<ul>\n<li><strong><span lang=\"en-US\">Energik\u00e4lla f\u00f6r den ketogena dieten:<\/span><\/strong><\/li>\n<\/ul>\n<p><span lang=\"en-US\">- I den ketogena dieten anv\u00e4nds MCT-olja ofta eftersom triglycerider med medelh\u00f6g kedja snabbt omvandlas till ketoner, som fungerar som en alternativ energik\u00e4lla f\u00f6r kroppen.<\/span><\/p>\n<ul>\n<li><strong><span lang=\"en-US\">M\u00e5ngsidighet i anv\u00e4ndning:<\/span><\/strong><\/li>\n<\/ul>\n<p><span lang=\"en-US\">- MCT-olja kan anv\u00e4ndas p\u00e5 olika s\u00e4tt, t.ex. som matolja f\u00f6r stekning eller som tillsats i drycker som kaffe, smoothies och te f\u00f6r att \u00f6ka energin och f\u00f6rb\u00e4ttra m\u00e4ttnadsk\u00e4nslan.<\/span><\/p>\n<ul>\n<li><strong><span lang=\"en-US\">Viktkontroll:<\/span><\/strong><\/li>\n<\/ul>\n<p><span lang=\"en-US\">- MCT-olja kan bidra till en l\u00e5ngvarig m\u00e4ttnadsk\u00e4nsla, vilket hj\u00e4lper till att kontrollera aptiten och st\u00f6dja viktminskning n\u00e4r den integreras i en balanserad kost.<\/span><\/p>\n<p><strong><span lang=\"en-US\">Rekommenderad anv\u00e4ndning<\/span><\/strong><\/p>\n<p><span lang=\"en-US\">En dos (15 ml) per dag.<\/span><\/p>\n<p><b>Meddelande:<\/b><\/p>\n<ul>\n<li>\u00a0Endast f\u00f6r vuxna och ers\u00e4tter inte en varierad och balanserad kost och en h\u00e4lsosam livsstil.<\/li>\n<li>\u00a0\u00d6verskrid inte den rekommenderade dosen.<\/li>\n<li>\u00a0Anv\u00e4nd inte produkten under amning eller graviditet utan att r\u00e5dg\u00f6ra med l\u00e4kare.<\/li>\n<li>\u00a0F\u00f6rvara produkten p\u00e5 en sval, torr plats i en v\u00e4l tillsluten f\u00f6rpackning.<\/li>\n<li>Laktosfri och Glutenfri.<\/li>\n<\/ul>","protected":false},"excerpt":{"rendered":"<details>\n<summary>N\u00e4ringsv\u00e4rde<\/summary>\n<table style=\"text-align: center;\">\n<tbody>\n<tr>\n<th>N\u00e4ringsv\u00e4rde<\/th>\n<th>100ML<\/th>\n<th>15 ml<\/th>\n<\/tr>\n<tr>\n<td>Energi<\/td>\n<td>900 kcal\/3762 kj<\/td>\n<td>135 kcal\/546kj<\/td>\n<\/tr>\n<tr>\n<td>Fetter<\/td>\n<td>100g<\/td>\n<td>15g<\/td>\n<\/tr>\n<tr>\n<td>varav m\u00e4ttad<\/td>\n<td>100g<\/td>\n<td>15g<\/td>\n<\/tr>\n<tr>\n<td>Kolhydrater<\/td>\n<td>0g<\/td>\n<td>0g<\/td>\n<\/tr>\n<tr>\n<td>varav sockerarter<\/td>\n<td>0g<\/td>\n<td>0g<\/td>\n<\/tr>\n<tr>\n<td>Protein<\/td>\n<td>0g<\/td>\n<td>0g<\/td>\n<\/tr>\n<tr>\n<td>Salt<\/td>\n<td>0g<\/td>\n<td>0g<\/td>\n<\/tr>\n<tr>\n<td>Fettsyraf\u00f6rdelning per 100 g:<br \/>\nTotalt antal m\u00e4ttade fettsyror (mct):100g<\/td>\n<td colspan=\"2\">varav kaprylsyra (C8:0): 50-65g<br \/>\nvarav kaprinsyra (C10:0): 30-45g<br \/>\nvarav kapronsyra (C6:0): 2g<br \/>\nvarav laurinsyra (C12:0): 2g<br \/>\nvarav myristinsyra (C14:0): 1g<br \/>\nvarav palmitinsyra (C16:0): 1g<\/td>\n<\/tr>\n<\/tbody>\n<\/table>\n<\/details>\n<p>&nbsp;<\/p>\n<details>\n<summary>Ingredienser<\/summary>\n<table style=\"text-align: center;\">\n<tbody>\n<tr>\n<td><strong>Ingredienser: <\/strong>100% vegetabilisk kokosn\u00f6tsolja (triglycerider med medelh\u00f6g kedja, mct)<\/td>\n<\/tr>\n<\/tbody>\n<\/table>\n<\/details>\n<p>&nbsp;<\/p>","protected":false},"featured_media":772,"template":"","meta":[],"product_cat":[155,309],"product_tag":[163,319],"class_list":{"0":"post-771","1":"product","2":"type-product","3":"status-publish","4":"has-post-thumbnail","6":"product_cat-weight-control-metabolism","7":"product_cat-weight-management-and-definition","8":"product_tag-weight-control-metabolism","9":"product_tag-weight-management-and-definition","11":"first","12":"instock","13":"taxable","14":"shipping-taxable","15":"purchasable","16":"product-type-simple"},"aioseo_notices":[],"_links":{"self":[{"href":"https:\/\/www.selfprotein.com\/sv\/wp-json\/wp\/v2\/product\/771"}],"collection":[{"href":"https:\/\/www.selfprotein.com\/sv\/wp-json\/wp\/v2\/product"}],"about":[{"href":"https:\/\/www.selfprotein.com\/sv\/wp-json\/wp\/v2\/types\/product"}],"wp:featuredmedia":[{"embeddable":true,"href":"https:\/\/www.selfprotein.com\/sv\/wp-json\/wp\/v2\/media\/772"}],"wp:attachment":[{"href":"https:\/\/www.selfprotein.com\/sv\/wp-json\/wp\/v2\/media?parent=771"}],"wp:term":[{"taxonomy":"product_cat","embeddable":true,"href":"https:\/\/www.selfprotein.com\/sv\/wp-json\/wp\/v2\/product_cat?post=771"},{"taxonomy":"product_tag","embeddable":true,"href":"https:\/\/www.selfprotein.com\/sv\/wp-json\/wp\/v2\/product_tag?post=771"}],"curies":[{"name":"wp","href":"https:\/\/api.w.org\/{rel}","templated":true}]}}