{"id":774,"date":"2023-11-27T13:44:07","date_gmt":"2023-11-27T12:44:07","guid":{"rendered":"https:\/\/34.88.231.180\/product\/mega-tribulus\/"},"modified":"2026-05-01T00:23:59","modified_gmt":"2026-04-30T22:23:59","slug":"tribulus-terrestris","status":"publish","type":"product","link":"https:\/\/www.selfprotein.com\/sv\/produkt\/tribulus-terrestris\/","title":{"rendered":"Tribulus Terrestris"},"content":{"rendered":"<p style=\"text-align: left\" align=\"center\"><strong><span lang=\"en-US\">Tribulus Terrestris<\/span><\/strong><\/p>\n<p><span lang=\"en-US\">Tribulus terrestris \u00e4r en v\u00e4xt som i \u00e5rhundraden har anv\u00e4nts inom traditionell medicin, s\u00e5som ayurveda och traditionell kinesisk medicin, f\u00f6r ett brett spektrum av h\u00e4lsof\u00f6rdelar.<\/span><\/p>\n<p><span lang=\"en-US\">Att \u00f6verv\u00e4ga att anv\u00e4nda Tribulus terrestris-tillskott kan vara ett val f\u00f6r dem som vill f\u00f6rb\u00e4ttra sin sexuella h\u00e4lsa, \u00f6ka energiniv\u00e5erna och f\u00f6rb\u00e4ttra den fysiska prestationen, men det \u00e4r viktigt att alltid r\u00e5dfr\u00e5ga en sjukv\u00e5rdspersonal innan du p\u00e5b\u00f6rjar en tillskottsregim.<\/span><\/p>\n<p><span lang=\"en-US\">H\u00e4r \u00e4r n\u00e5gra av de f\u00f6rdelar som f\u00f6rknippas med Tribulus terrestris:<\/span><\/p>\n<ul>\n<li><strong><span lang=\"en-US\">\u00d6kade testosteronniv\u00e5er:<\/span><\/strong><span lang=\"en-US\"> Tribulus terrestris-tillskott marknadsf\u00f6rs ofta som naturliga testosteronf\u00f6rst\u00e4rkare p\u00e5 grund av de saponiner som finns i v\u00e4xten, som tros stimulera produktionen av detta viktiga hormon.<\/span><\/li>\n<li><strong><span lang=\"en-US\">F\u00f6rb\u00e4ttrad atletisk prestation:<\/span><\/strong><span lang=\"en-US\"> Studier har antytt att Tribulus terrestris kan f\u00f6rb\u00e4ttra den fysiska prestationsf\u00f6rm\u00e5gan genom att minska tr\u00f6ttheten och \u00f6ka uth\u00e5lligheten under tr\u00e4ning, vilket kan vara s\u00e4rskilt f\u00f6rdelaktigt f\u00f6r idrottare och sportentusiaster.<\/span><\/li>\n<li><strong><span lang=\"en-US\">F\u00f6rb\u00e4ttrad sexuell funktion:<\/span><\/strong><span lang=\"en-US\"> Tribulus terrestris har i vissa studier f\u00f6rknippats med f\u00f6rb\u00e4ttrad sexuell funktion och libido, vilket ger potentiella f\u00f6rdelar f\u00f6r dem som vill f\u00f6rb\u00e4ttra sin sexuella h\u00e4lsa och sitt allm\u00e4nna v\u00e4lbefinnande.<\/span><\/li>\n<li><strong><span lang=\"en-US\">St\u00f6d f\u00f6r allm\u00e4n h\u00e4lsa:<\/span><\/strong><span lang=\"en-US\"> F\u00f6rutom de p\u00e5st\u00e5dda effekterna p\u00e5 testosteron kan Tribulus terrestris ocks\u00e5 erbjuda andra h\u00e4lsof\u00f6rdelar tack vare dess antioxidativa och antiinflammatoriska egenskaper, vilket kan bidra till det allm\u00e4nna v\u00e4lbefinnandet.<\/span><\/li>\n<\/ul>\n<p><\/p>\n<p><strong><span lang=\"en-US\">Rekommenderad anv\u00e4ndning<\/span><\/strong><\/p>\n<p><span lang=\"en-US\">Ta 3 tabletter f\u00f6re s\u00e4ngg\u00e5endet eller 30-45 minuter f\u00f6re tr\u00e4ning.<\/span><\/p>\n<p class=\"xmprfx_MsoNormal\"><b>Meddelande:<\/b><\/p>\n<ul>\n<li>\u00a0Endast f\u00f6r vuxna och ers\u00e4tter inte en varierad och balanserad kost och en h\u00e4lsosam livsstil.<\/li>\n<li>\u00a0\u00d6verskrid inte den rekommenderade dosen.<\/li>\n<li>\u00a0Anv\u00e4nd inte produkten under amning eller graviditet utan att r\u00e5dg\u00f6ra med l\u00e4kare.<\/li>\n<li>\u00a0F\u00f6rvara produkten p\u00e5 en sval, torr plats i en v\u00e4l tillsluten f\u00f6rpackning utom r\u00e4ckh\u00e5ll f\u00f6r barn under 3 \u00e5r.<\/li>\n<li>Kan inneh\u00e5lla sp\u00e5r av mj\u00f6lk, havre, \u00e4gg, soja.<\/li>\n<li>Laktosfri och Glutenfri.<\/li>\n<\/ul>","protected":false},"excerpt":{"rendered":"<details>\n<summary>Ingredienser<\/summary>\n<table style=\"text-align: center\">\n<tbody>\n<tr>\n<th>Ingredienser<\/th>\n<th>per portion 3tabs<\/th>\n<\/tr>\n<tr>\n<td>Tribulus Terrestris e.s. fructus (90% Saponiner)<\/td>\n<td>2400 mg<\/td>\n<\/tr>\n<tr>\n<td colspan=\"2\"><strong>\u00d6vriga ingredienser: <\/strong>stabiliseringsmedel (E460, E470b, E551)<\/td>\n<\/tr>\n<\/tbody>\n<\/table>\n<\/details>\n<p>&nbsp;<\/p>","protected":false},"featured_media":13894,"template":"","meta":[],"product_cat":[154,308],"product_tag":[162,318],"class_list":{"0":"post-774","1":"product","2":"type-product","3":"status-publish","4":"has-post-thumbnail","6":"product_cat-gain-performance","7":"product_cat-strength-and-muscle-mass","8":"product_tag-gain-performance","9":"product_tag-strength-and-muscle-mass","11":"first","12":"instock","13":"taxable","14":"shipping-taxable","15":"purchasable","16":"product-type-simple"},"aioseo_notices":[],"_links":{"self":[{"href":"https:\/\/www.selfprotein.com\/sv\/wp-json\/wp\/v2\/product\/774"}],"collection":[{"href":"https:\/\/www.selfprotein.com\/sv\/wp-json\/wp\/v2\/product"}],"about":[{"href":"https:\/\/www.selfprotein.com\/sv\/wp-json\/wp\/v2\/types\/product"}],"wp:featuredmedia":[{"embeddable":true,"href":"https:\/\/www.selfprotein.com\/sv\/wp-json\/wp\/v2\/media\/13894"}],"wp:attachment":[{"href":"https:\/\/www.selfprotein.com\/sv\/wp-json\/wp\/v2\/media?parent=774"}],"wp:term":[{"taxonomy":"product_cat","embeddable":true,"href":"https:\/\/www.selfprotein.com\/sv\/wp-json\/wp\/v2\/product_cat?post=774"},{"taxonomy":"product_tag","embeddable":true,"href":"https:\/\/www.selfprotein.com\/sv\/wp-json\/wp\/v2\/product_tag?post=774"}],"curies":[{"name":"wp","href":"https:\/\/api.w.org\/{rel}","templated":true}]}}