{"id":822,"date":"2023-11-27T13:45:44","date_gmt":"2023-11-27T12:45:44","guid":{"rendered":"https:\/\/34.88.231.180\/product\/mind-focus\/"},"modified":"2026-05-01T00:23:59","modified_gmt":"2026-04-30T22:23:59","slug":"mind-focus","status":"publish","type":"product","link":"https:\/\/www.selfprotein.com\/sv\/produkt\/mind-focus\/","title":{"rendered":"Mind Focus"},"content":{"rendered":"<p style=\"text-align: left\" align=\"center\"><strong><span lang=\"en-US\">Mind Focus<\/span><\/strong><\/p>\n<p><span lang=\"en-US\">Mind Focus Booster \u00e4r ett stort steg fram\u00e5t n\u00e4r det g\u00e4ller kosttillskott som \u00e4r utformade f\u00f6r att optimera mental klarhet, koncentration och fokus. Detta avancerade kosttillskott v\u00e4nder sig till en m\u00e4ngd olika individer, inklusive studenter, yrkesverksamma, idrottare och alla som \u00e4r angel\u00e4gna om att f\u00f6rb\u00e4ttra sina kognitiva f\u00f6rm\u00e5gor f\u00f6r att maximera mental produktivitet.<\/span><\/p>\n<p><span lang=\"en-US\">F\u00f6rdelar med Mind Focus Booster:<\/span><\/p>\n<ul>\n<li><strong><span lang=\"en-US\">F\u00f6rb\u00e4ttrad koncentrationsf\u00f6rm\u00e5ga och mental klarhet:<\/span><\/strong><span lang=\"en-US\"> Dess unika formel, berikad med nootropiska ingredienser, fr\u00e4mjar h\u00f6g mental koncentration och \u00f6verl\u00e4gsen tankeklarhet.<\/span><\/li>\n<li><strong><span lang=\"en-US\">F\u00f6rb\u00e4ttrat minne och kognitiv funktion:<\/span><\/strong><span lang=\"en-US\"> Med det viktigaste bidraget fr\u00e5n Bacopa Monnieri, en v\u00e4lk\u00e4nd v\u00e4xt som anv\u00e4nds f\u00f6r att f\u00f6rb\u00e4ttra minnet, st\u00f6der produkten avsev\u00e4rt kognitiv funktion.<\/span><\/li>\n<li><strong><span lang=\"en-US\">Minskning av stress och mental utmattning:<\/span><\/strong><span lang=\"en-US\"> Inneh\u00e5llet av L-Theanine har en avslappnande effekt som minskar stress och bidrar till ett lugnare och mer motst\u00e5ndskraftigt sinne.<\/span><\/li>\n<li><strong><span lang=\"en-US\">\u00d6kad mental vakenhet och vaksamhet:<\/span><\/strong><span lang=\"en-US\"> Tack vare de stimulerande effekterna av Guarana f\u00f6rb\u00e4ttrar Mind Focus Booster den mentala vakenheten, \u00f6kar vaksamheten och reaktionsf\u00f6rm\u00e5gan.<\/span><\/li>\n<li><strong><span lang=\"en-US\">L\u00e5ngsiktigt st\u00f6d f\u00f6r hj\u00e4rnans h\u00e4lsa:<\/span><\/strong><span lang=\"en-US\"> Viktiga kosttillskott som vitamin B6, B9 (folsyra) och B12 bidrar till nervsystemets h\u00e4lsa och ger ett l\u00e5ngsiktigt st\u00f6d f\u00f6r den kognitiva funktionen.<\/span><\/li>\n<\/ul>\n<p>&nbsp;<\/p>\n<p><strong><span lang=\"en-US\">Rekommenderad anv\u00e4ndning<\/span><\/strong><\/p>\n<p><span lang=\"en-US\">Det rekommenderas att ta 2 kapslar under stunder av mental tr\u00f6tthet.<\/span><\/p>\n<p><strong>Meddelande:<\/strong><\/p>\n<ul>\n<li>Endast f\u00f6r vuxna och ers\u00e4tter inte en varierad och balanserad kost och en h\u00e4lsosam livsstil.<\/li>\n<li>\u00d6verskrid inte den rekommenderade dosen.<\/li>\n<li>Anv\u00e4nd inte produkten under amning eller graviditet utan att r\u00e5dg\u00f6ra med l\u00e4kare.<\/li>\n<li>F\u00f6rvara produkten p\u00e5 en sval, torr plats i en v\u00e4l tillsluten f\u00f6rpackning utom r\u00e4ckh\u00e5ll f\u00f6r barn under 3 \u00e5r.<\/li>\n<li>Kan inneh\u00e5lla sp\u00e5r av mj\u00f6lk, havre, \u00e4gg, soja.<\/li>\n<li>Laktosfri och Glutenfri.<\/li>\n<\/ul>","protected":false},"excerpt":{"rendered":"<details>\n<summary>Ingredienser<\/summary>\n<table style=\"text-align: center\">\n<tbody>\n<tr>\n<th>N\u00e4ringsv\u00e4rde<\/th>\n<th>per 2 cps<\/th>\n<th>%NRV*<\/th>\n<\/tr>\n<tr>\n<td>Guaran\u00e0 (Paullinia Cupana Kunth) sperma e.s tit 22% koffein<\/td>\n<td>400 mg<\/td>\n<td><\/td>\n<\/tr>\n<tr>\n<td>varav koffein<\/td>\n<td>88 mg<\/td>\n<td><\/td>\n<\/tr>\n<tr>\n<td>L-Theanin<\/td>\n<td>300 mg<\/td>\n<td><\/td>\n<\/tr>\n<tr>\n<td>Rhodiola Rosea, L. radix) e.s. tit 3% I rosavin<\/td>\n<td>300 mg<\/td>\n<td><\/td>\n<\/tr>\n<tr>\n<td>varav Rosavin<\/td>\n<td>9g<\/td>\n<td><\/td>\n<\/tr>\n<tr>\n<td>Bacopa Monnieri (L.) Pennel herba e.s tit 55% Bacosid<\/td>\n<td>200g<\/td>\n<td><\/td>\n<\/tr>\n<tr>\n<td>varav Bacoside<\/td>\n<td>110 mg<\/td>\n<td><\/td>\n<\/tr>\n<tr>\n<td>Vitamin B6 (Pyridoxin Hcl)<\/td>\n<td>1,4 mg<\/td>\n<td>100<\/td>\n<\/tr>\n<tr>\n<td>Folsyra<\/td>\n<td>200 \u03bcg<\/td>\n<td>100<\/td>\n<\/tr>\n<tr>\n<td>Vitamin B12 (Mecobalamin)<\/td>\n<td>2,5 \u03bcg<\/td>\n<td>100<\/td>\n<\/tr>\n<tr>\n<td colspan=\"3\"><strong>\u00d6vriga ingredienser: <\/strong>maltodextrin, stabiliseringsmedel E470b, vegansk kapsel (E1204)<\/td>\n<\/tr>\n<tr>\n<td colspan=\"3\"><strong>*%NRV: <\/strong>n\u00e4ringsm\u00e4ssigt referensv\u00e4rde<\/td>\n<\/tr>\n<\/tbody>\n<\/table>\n<\/details>\n<p>&nbsp;<\/p>","protected":false},"featured_media":15302,"template":"","meta":[],"product_cat":[312,214],"product_tag":[314,258],"class_list":{"0":"post-822","1":"product","2":"type-product","3":"status-publish","4":"has-post-thumbnail","6":"product_cat-health-and-wellness","7":"product_cat-vitamins-wellness","8":"product_tag-health-and-wellness","9":"product_tag-vitamins-wellness","11":"first","12":"instock","13":"taxable","14":"shipping-taxable","15":"purchasable","16":"product-type-simple"},"aioseo_notices":[],"_links":{"self":[{"href":"https:\/\/www.selfprotein.com\/sv\/wp-json\/wp\/v2\/product\/822"}],"collection":[{"href":"https:\/\/www.selfprotein.com\/sv\/wp-json\/wp\/v2\/product"}],"about":[{"href":"https:\/\/www.selfprotein.com\/sv\/wp-json\/wp\/v2\/types\/product"}],"wp:featuredmedia":[{"embeddable":true,"href":"https:\/\/www.selfprotein.com\/sv\/wp-json\/wp\/v2\/media\/15302"}],"wp:attachment":[{"href":"https:\/\/www.selfprotein.com\/sv\/wp-json\/wp\/v2\/media?parent=822"}],"wp:term":[{"taxonomy":"product_cat","embeddable":true,"href":"https:\/\/www.selfprotein.com\/sv\/wp-json\/wp\/v2\/product_cat?post=822"},{"taxonomy":"product_tag","embeddable":true,"href":"https:\/\/www.selfprotein.com\/sv\/wp-json\/wp\/v2\/product_tag?post=822"}],"curies":[{"name":"wp","href":"https:\/\/api.w.org\/{rel}","templated":true}]}}