{"id":825,"date":"2023-11-27T13:45:48","date_gmt":"2023-11-27T12:45:48","guid":{"rendered":"https:\/\/34.88.231.180\/product\/multivitamin\/"},"modified":"2026-04-01T00:00:27","modified_gmt":"2026-03-31T22:00:27","slug":"multivitamin-pro","status":"publish","type":"product","link":"https:\/\/www.selfprotein.com\/sv\/produkt\/multivitamin-pro\/","title":{"rendered":"Multivitamin Pro"},"content":{"rendered":"<p><strong>Produkt\u00f6versikt:<\/strong><\/p>\n<p>MULTIVITAMIN PRO inneh\u00e5ller vitaminer och mineraler som din kropp beh\u00f6ver f\u00f6r att fungera optimalt, precis som namnet antyder. Perfekt f\u00f6r personer med minskat kaloriintag eller \u00f6kat behov av dessa n\u00e4rings\u00e4mnen. Mycket anv\u00e4ndbart vid fysisk och mental tr\u00f6tthet som orsakas av \u00f6kad tr\u00e4ningsbelastning, stressig fysisk aktivitet, feber eller extrem v\u00e4rme.<\/p>\n<p><strong>Viktiga f\u00f6rdelar:<\/strong><\/p>\n<ul>\n<li>S\u00e4kerst\u00e4ller den rekommenderade dagliga dosen av vitaminer och mineraler<\/li>\n<li>St\u00f6djer immunf\u00f6rsvaret<\/li>\n<li>Bidrar till normal energioms\u00e4ttning<\/li>\n<li>Skyddar cellerna fr\u00e5n oxidativ stress<\/li>\n<\/ul>\n<p>&nbsp;<\/p>\n<p><b>Meddelande:<\/b><\/p>\n<ul>\n<li>Endast f\u00f6r vuxna och ers\u00e4tter inte en varierad och balanserad kost och en h\u00e4lsosam livsstil.<\/li>\n<li>\u00d6verskrid inte den rekommenderade dosen.<\/li>\n<li>Rekommenderad dos: 1 kapsel per dag.<\/li>\n<li>Anv\u00e4nd inte produkten under amning eller graviditet utan att r\u00e5dg\u00f6ra med l\u00e4kare.<\/li>\n<li>F\u00f6rvara produkten p\u00e5 en sval, torr plats i en v\u00e4l tillsluten f\u00f6rpackning utom r\u00e4ckh\u00e5ll f\u00f6r barn under 3 \u00e5r.<\/li>\n<li>Kan inneh\u00e5lla sp\u00e5r av mj\u00f6lk, havre, \u00e4gg, soja.<\/li>\n<li>Laktosfri och Glutenfri.<\/li>\n<\/ul>","protected":false},"excerpt":{"rendered":"<p>Produkt\u00f6versikt: MULTIVITAMIN PRO inneh\u00e5ller vitaminer och mineraler som din kropp beh\u00f6ver f\u00f6r att fungera optimalt, precis som namnet antyder. Perfekt f\u00f6r personer med minskat kaloriintag eller \u00f6kat behov av dessa n\u00e4rings\u00e4mnen. Mycket anv\u00e4ndbart vid fysisk och mental tr\u00f6tthet som orsakas av \u00f6kad tr\u00e4ningsbelastning, stressig fysisk aktivitet, feber eller extrem v\u00e4rme. Viktiga f\u00f6rdelar: [...]<\/p>","protected":false},"featured_media":13881,"template":"","meta":[],"product_cat":[312,214],"product_tag":[314,258],"class_list":{"0":"post-825","1":"product","2":"type-product","3":"status-publish","4":"has-post-thumbnail","6":"product_cat-health-and-wellness","7":"product_cat-vitamins-wellness","8":"product_tag-health-and-wellness","9":"product_tag-vitamins-wellness","11":"first","12":"instock","13":"taxable","14":"shipping-taxable","15":"purchasable","16":"product-type-variable"},"aioseo_notices":[],"_links":{"self":[{"href":"https:\/\/www.selfprotein.com\/sv\/wp-json\/wp\/v2\/product\/825"}],"collection":[{"href":"https:\/\/www.selfprotein.com\/sv\/wp-json\/wp\/v2\/product"}],"about":[{"href":"https:\/\/www.selfprotein.com\/sv\/wp-json\/wp\/v2\/types\/product"}],"wp:featuredmedia":[{"embeddable":true,"href":"https:\/\/www.selfprotein.com\/sv\/wp-json\/wp\/v2\/media\/13881"}],"wp:attachment":[{"href":"https:\/\/www.selfprotein.com\/sv\/wp-json\/wp\/v2\/media?parent=825"}],"wp:term":[{"taxonomy":"product_cat","embeddable":true,"href":"https:\/\/www.selfprotein.com\/sv\/wp-json\/wp\/v2\/product_cat?post=825"},{"taxonomy":"product_tag","embeddable":true,"href":"https:\/\/www.selfprotein.com\/sv\/wp-json\/wp\/v2\/product_tag?post=825"}],"curies":[{"name":"wp","href":"https:\/\/api.w.org\/{rel}","templated":true}]}}