{"id":831,"date":"2023-11-27T13:47:49","date_gmt":"2023-11-27T12:47:49","guid":{"rendered":"https:\/\/34.88.231.180\/product\/multivitamin-liquid\/"},"modified":"2026-04-01T00:00:25","modified_gmt":"2026-03-31T22:00:25","slug":"multivitamin-liquid","status":"publish","type":"product","link":"https:\/\/www.selfprotein.com\/sv\/produkt\/multivitamin-liquid\/","title":{"rendered":"Multivitamin Liquid"},"content":{"rendered":"<p style=\"text-align: left\" align=\"center\"><strong><span lang=\"en-US\">Multivitamin Liquid<\/span><\/strong><\/p>\n<p><span lang=\"en-US\">Multivitamin Liquid \u00e4r ett kosttillskott formulerat f\u00f6r att ge en kombination av viktiga vitaminer och mineraler. Denna produkt \u00e4r utformad f\u00f6r att komplettera en persons kost, hj\u00e4lpa till att fylla eventuella n\u00e4ringsluckor och s\u00e4kerst\u00e4lla ett tillr\u00e4ckligt intag av viktiga n\u00e4rings\u00e4mnen f\u00f6r h\u00e4lsan.<\/span><\/p>\n<p><span lang=\"en-US\">F\u00f6rdelar med multivitaminv\u00e4tska:<\/span><\/p>\n<ul>\n<li><strong><span lang=\"en-US\">Fyller n\u00e4ringsm\u00e4ssiga luckor:<\/span><\/strong><span lang=\"en-US\"> Multivitamin Liquid \u00e4r ett bekv\u00e4mt s\u00e4tt att se till att du f\u00e5r i dig alla viktiga vitaminer och mineraler som din kropp beh\u00f6ver och hj\u00e4lper till att fylla eventuella brister i din dagliga kost.<\/span><\/li>\n<li><strong><span lang=\"en-US\">Tillf\u00f6rsel av viktiga n\u00e4rings\u00e4mnen:<\/span><\/strong><span lang=\"en-US\"> Detta tillskott ger ett brett spektrum av vitaminer, inklusive A, C, D, E och B-gruppens vitaminer, tillsammans med mineraler som kalcium, j\u00e4rn och zink, som \u00e4r avg\u00f6rande f\u00f6r att kroppen ska fungera korrekt.<\/span><\/li>\n<li><strong><span lang=\"en-US\">St\u00f6d f\u00f6r allm\u00e4n h\u00e4lsa:<\/span><\/strong><span lang=\"en-US\"> Vitaminerna och mineralerna i Multivitamin Liquid bidrar till att st\u00f6dja en rad vitala kroppsfunktioner, fr\u00e5n immunsystemet till ben- och hudh\u00e4lsa, och fr\u00e5n hj\u00e4rth\u00e4lsa till allm\u00e4nt v\u00e4lbefinnande.<\/span><\/li>\n<li><strong><span lang=\"en-US\">Bekv\u00e4mlighet i konsumtion:<\/span><\/strong><span lang=\"en-US\"> Den flytande formen av multivitaminet erbjuder ett enkelt och snabbt konsumtionss\u00e4tt, perfekt f\u00f6r dem som f\u00f6redrar att undvika piller eller har sv\u00e5rt att sv\u00e4lja dem.<\/span><\/li>\n<\/ul>\n<p>&nbsp;<\/p>\n<p><span lang=\"en-US\">Det \u00e4r viktigt att komma ih\u00e5g att Multivitamin Liquid inte ers\u00e4tter en balanserad och varierad kost. Det \u00e4r viktigt att forts\u00e4tta f\u00f6lja en kost som \u00e4r rik p\u00e5 frukt, gr\u00f6nsaker, proteiner och fullkorn f\u00f6r att s\u00e4kerst\u00e4lla ett tillr\u00e4ckligt intag av n\u00e4rings\u00e4mnen och fr\u00e4mja l\u00e5ngsiktig h\u00e4lsa.<\/span><\/p>\n<p><strong><span lang=\"en-US\">Rekommenderad anv\u00e4ndning<\/span><\/strong><\/p>\n<p><span lang=\"en-US\">1 dos (15 ml) per dag.<\/span><\/p>\n<p class=\"xmprfx_MsoNormal\"><b>Meddelande:<\/b><\/p>\n<ul>\n<li>Endast f\u00f6r vuxna och ers\u00e4tter inte en varierad och balanserad kost och en h\u00e4lsosam livsstil.<\/li>\n<li>\u00d6verskrid inte den rekommenderade dosen.<\/li>\n<li>Anv\u00e4nd inte produkten under amning eller graviditet utan att r\u00e5dg\u00f6ra med l\u00e4kare.<\/li>\n<li>F\u00f6rvara produkten p\u00e5 en sval, torr plats i en v\u00e4l tillsluten f\u00f6rpackning utom r\u00e4ckh\u00e5ll f\u00f6r barn under 3 \u00e5r.<\/li>\n<li>Kan inneh\u00e5lla sp\u00e5r av mj\u00f6lk, havre, \u00e4gg, soja.<\/li>\n<li>Laktosfri och Glutenfri.<\/li>\n<\/ul>","protected":false},"excerpt":{"rendered":"<details>\n<summary>Ingredienser<\/summary>\n<table style=\"text-align: center\">\n<tbody>\n<tr>\n<th>Ingredienser<\/th>\n<th>per 100 ml<\/th>\n<th>per portion 15ml<\/th>\n<th>NRV* per portion<\/th>\n<\/tr>\n<tr>\n<td>Vitamin A (retinylacetat)<\/td>\n<td>5328\u03bcg<\/td>\n<td>800 \u03bcg<\/td>\n<td>100<\/td>\n<\/tr>\n<tr>\n<td>Vitamin D (kolekalciferol)<\/td>\n<td>33,3 \u03bcg<\/td>\n<td>5\u03bcg<\/td>\n<td>100<\/td>\n<\/tr>\n<tr>\n<td>Vitamin E (D-ALfa-tokoferol)<\/td>\n<td>79,92 mg<\/td>\n<td>12 mg<\/td>\n<td>100<\/td>\n<\/tr>\n<tr>\n<td>Vitamin C (askorbinsyra)<\/td>\n<td>532,8 mg<\/td>\n<td>80 mg<\/td>\n<td>100<\/td>\n<\/tr>\n<tr>\n<td>Vitamin B1 (Tiamin Hcl)<\/td>\n<td>7,33 mg<\/td>\n<td>1,1 mg<\/td>\n<td>100<\/td>\n<\/tr>\n<tr>\n<td>Vitamin B2 (Riboflavin)<\/td>\n<td>9,32 mg<\/td>\n<td>1,4 mg<\/td>\n<td>100<\/td>\n<\/tr>\n<tr>\n<td>Vitamin B3 (nikotinamid)<\/td>\n<td>105,6 mg<\/td>\n<td>16 mg<\/td>\n<td>100<\/td>\n<\/tr>\n<tr>\n<td>Vitamin B6 (Pyridoxin Hcl)<\/td>\n<td>9,32 mg<\/td>\n<td>1,4 mg<\/td>\n<td>100<\/td>\n<\/tr>\n<tr>\n<td>Folsyra<\/td>\n<td>1320 \u03bcg<\/td>\n<td>200 \u03bcg<\/td>\n<td>100<\/td>\n<\/tr>\n<tr>\n<td>Vitamin B12 (Mecobalamin)<\/td>\n<td>16,65 \u03bcg<\/td>\n<td>2,5 \u03bcg<\/td>\n<td>100<\/td>\n<\/tr>\n<tr>\n<td>Biotin (D-biotin)<\/td>\n<td>333\u03bcg<\/td>\n<td>50 \u03bcg<\/td>\n<td>100<\/td>\n<\/tr>\n<tr>\n<td>Pantotensyra (kalcium-D-pantothenat)<\/td>\n<td>39,96 mg<\/td>\n<td>6 mg<\/td>\n<td>100<\/td>\n<\/tr>\n<tr>\n<td>J\u00e4rn (fumaratj\u00e4rn)<\/td>\n<td>92,4 mg<\/td>\n<td>14 mg<\/td>\n<td>100<\/td>\n<\/tr>\n<tr>\n<td>Zink (zinkglukonat)<\/td>\n<td>66,6 mg<\/td>\n<td>10 mg<\/td>\n<td>100<\/td>\n<\/tr>\n<tr>\n<td>Koppar (kopparglukonat)<\/td>\n<td>6,6 mg<\/td>\n<td>1 mg<\/td>\n<td>100<\/td>\n<\/tr>\n<tr>\n<td>Mangan (manganglukonat)<\/td>\n<td>13,32 mg<\/td>\n<td>2 mg<\/td>\n<td>100<\/td>\n<\/tr>\n<tr>\n<td>Selen (natriumselenat)<\/td>\n<td>366,3\u03bcg<\/td>\n<td>55 \u03bcg<\/td>\n<td>100<\/td>\n<\/tr>\n<tr>\n<td>Krom (kromklorid)<\/td>\n<td>266,4 \u03bcg<\/td>\n<td>40 \u03bcg<\/td>\n<td>100<\/td>\n<\/tr>\n<tr>\n<td>Jod (kaliumjodat)<\/td>\n<td>999\u03bcg<\/td>\n<td>150 \u03bcg<\/td>\n<td>100<\/td>\n<\/tr>\n<tr>\n<td colspan=\"4\"><strong>\u00d6vriga ingredienser: <\/strong>vatten, surhetsreglerande medel (E296), konserveringsmedel (E211,E202), smak\u00e4mnen, s\u00f6tningsmedel (E955)<\/td>\n<\/tr>\n<tr>\n<td colspan=\"4\"><strong>*%NRV: <\/strong>n\u00e4ringsm\u00e4ssigt referensv\u00e4rde<\/td>\n<\/tr>\n<\/tbody>\n<\/table>\n<\/details>\n<p>&nbsp;<\/p>","protected":false},"featured_media":832,"template":"","meta":[],"product_cat":[214],"product_tag":[258],"class_list":{"0":"post-831","1":"product","2":"type-product","3":"status-publish","4":"has-post-thumbnail","6":"product_cat-vitamins-wellness","7":"product_tag-vitamins-wellness","9":"first","10":"instock","11":"taxable","12":"shipping-taxable","13":"purchasable","14":"product-type-simple"},"aioseo_notices":[],"_links":{"self":[{"href":"https:\/\/www.selfprotein.com\/sv\/wp-json\/wp\/v2\/product\/831"}],"collection":[{"href":"https:\/\/www.selfprotein.com\/sv\/wp-json\/wp\/v2\/product"}],"about":[{"href":"https:\/\/www.selfprotein.com\/sv\/wp-json\/wp\/v2\/types\/product"}],"wp:featuredmedia":[{"embeddable":true,"href":"https:\/\/www.selfprotein.com\/sv\/wp-json\/wp\/v2\/media\/832"}],"wp:attachment":[{"href":"https:\/\/www.selfprotein.com\/sv\/wp-json\/wp\/v2\/media?parent=831"}],"wp:term":[{"taxonomy":"product_cat","embeddable":true,"href":"https:\/\/www.selfprotein.com\/sv\/wp-json\/wp\/v2\/product_cat?post=831"},{"taxonomy":"product_tag","embeddable":true,"href":"https:\/\/www.selfprotein.com\/sv\/wp-json\/wp\/v2\/product_tag?post=831"}],"curies":[{"name":"wp","href":"https:\/\/api.w.org\/{rel}","templated":true}]}}