{"id":845,"date":"2023-11-27T13:48:08","date_gmt":"2023-11-27T12:48:08","guid":{"rendered":"https:\/\/34.88.231.180\/product\/omega-3-fish-oil\/"},"modified":"2026-05-01T00:24:01","modified_gmt":"2026-04-30T22:24:01","slug":"omega-3-fish-oil","status":"publish","type":"product","link":"https:\/\/www.selfprotein.com\/sv\/produkt\/omega-3-fish-oil\/","title":{"rendered":"Omega 3 Fish Oil"},"content":{"rendered":"<p style=\"text-align: left;\" align=\"center\"><strong><span lang=\"en-US\">Omega 3<\/span><\/strong><\/p>\n<p><span lang=\"en-US\">Omega-3-fettsyror \u00e4r en kategori av flerom\u00e4ttade fetter som \u00e4r k\u00e4nda f\u00f6r sina m\u00e5nga h\u00e4lsof\u00f6rdelar, inklusive de som \u00e4r specifika f\u00f6r idrottare.<\/span><\/p>\n<p><span lang=\"en-US\">Att integrera omega-3-fettsyror i kosten kan vara s\u00e4rskilt f\u00f6rdelaktigt f\u00f6r idrottare, eftersom det fr\u00e4mjar deras allm\u00e4nna h\u00e4lsa, muskel\u00e5terh\u00e4mtning och optimala fysiska och kognitiva prestanda.<\/span><\/p>\n<p><span lang=\"en-US\">F\u00f6rdelarna med omega-3 inkluderar:<\/span><\/p>\n<ul>\n<li><strong><span lang=\"en-US\">Minskning av inflammation<\/span><\/strong><span lang=\"en-US\"><strong>:<\/strong> Omega-3 har antiinflammatoriska egenskaper som kan bidra till att minska inflammation och sm\u00e4rta i samband med intensiv fysisk aktivitet, vilket bidrar till snabb \u00e5terh\u00e4mtning efter tr\u00e4ning.<\/span><\/li>\n<li><strong><span lang=\"en-US\">F\u00f6rb\u00e4ttrad kardiovaskul\u00e4r h\u00e4lsa:<\/span><\/strong><span lang=\"en-US\"> Omega-3 kan fr\u00e4mja hj\u00e4rt- och blodk\u00e4rlsh\u00e4lsan, vilket \u00e4r viktigt f\u00f6r idrottare som \u00e4gnar sig \u00e5t uth\u00e5llighetssporter, vilket leder till b\u00e4ttre uth\u00e5llighet och prestation.<\/span><\/li>\n<li><strong><span lang=\"en-US\">St\u00f6d f\u00f6r muskelproteinsyntesen:<\/span><\/strong><span lang=\"en-US\"> Omega-3 kan f\u00f6rb\u00e4ttra muskelproteinsyntesen, vilket fr\u00e4mjar muskeltillv\u00e4xt och \u00e5terh\u00e4mtning efter intensiv fysisk aktivitet, vilket g\u00f6r det m\u00f6jligt f\u00f6r idrottare att bibeh\u00e5lla optimal muskelmassa.<\/span><\/li>\n<li><strong><span lang=\"en-US\">F\u00f6rb\u00e4ttring av den kognitiva funktionen:<\/span><\/strong><span lang=\"en-US\"> Omega-3 f\u00f6rknippas med f\u00f6rb\u00e4ttrad kognitiv funktion, inklusive minne, uppm\u00e4rksamhet och koncentration, vilket ger idrottare en mental f\u00f6rdel under tr\u00e4ning och t\u00e4vling.<\/span><\/li>\n<\/ul>\n<p>&nbsp;<\/p>\n<p><strong><span lang=\"en-US\">Rekommenderad anv\u00e4ndning<\/span><\/strong><\/p>\n<p><span lang=\"en-US\">Ta 3 kapslar under hela dagen.<\/span><\/p>\n<p><b>Meddelande:<\/b><\/p>\n<ul>\n<li>Endast f\u00f6r vuxna och ers\u00e4tter inte en varierad och balanserad kost och en h\u00e4lsosam livsstil.<\/li>\n<li>\u00d6verskrid inte den rekommenderade dosen.<\/li>\n<li>Anv\u00e4nd inte produkten under amning eller graviditet utan att r\u00e5dg\u00f6ra med l\u00e4kare.<\/li>\n<li>F\u00f6rvara produkten p\u00e5 en sval, torr plats i en v\u00e4l tillsluten f\u00f6rpackning utom r\u00e4ckh\u00e5ll f\u00f6r barn under 3 \u00e5r.<\/li>\n<li>Kan inneh\u00e5lla sp\u00e5r av mj\u00f6lk, havre, \u00e4gg, soja.<\/li>\n<li>Laktosfri och Glutenfri.<\/li>\n<\/ul>","protected":false},"excerpt":{"rendered":"<p>Omega 3 Omega-3-fettsyror \u00e4r en kategori av flerom\u00e4ttade fetter som \u00e4r k\u00e4nda f\u00f6r sina m\u00e5nga h\u00e4lsof\u00f6rdelar, inklusive de som \u00e4r specifika f\u00f6r idrottare. Att integrera omega-3-fettsyror i kosten kan vara s\u00e4rskilt f\u00f6rdelaktigt f\u00f6r idrottare, eftersom det fr\u00e4mjar deras allm\u00e4nna h\u00e4lsa, muskel\u00e5terh\u00e4mtning och optimala fysiska och kognitiva prestationer. F\u00f6rdelarna med omega-3 \u00e4r bland annat Minskning av inflammation: Omega-3-fettsyror har [...]<\/p>","protected":false},"featured_media":12761,"template":"","meta":[],"product_cat":[312,214],"product_tag":[314,258],"class_list":{"0":"post-845","1":"product","2":"type-product","3":"status-publish","4":"has-post-thumbnail","6":"product_cat-health-and-wellness","7":"product_cat-vitamins-wellness","8":"product_tag-health-and-wellness","9":"product_tag-vitamins-wellness","11":"first","12":"instock","13":"taxable","14":"shipping-taxable","15":"purchasable","16":"product-type-variable"},"aioseo_notices":[],"_links":{"self":[{"href":"https:\/\/www.selfprotein.com\/sv\/wp-json\/wp\/v2\/product\/845"}],"collection":[{"href":"https:\/\/www.selfprotein.com\/sv\/wp-json\/wp\/v2\/product"}],"about":[{"href":"https:\/\/www.selfprotein.com\/sv\/wp-json\/wp\/v2\/types\/product"}],"wp:featuredmedia":[{"embeddable":true,"href":"https:\/\/www.selfprotein.com\/sv\/wp-json\/wp\/v2\/media\/12761"}],"wp:attachment":[{"href":"https:\/\/www.selfprotein.com\/sv\/wp-json\/wp\/v2\/media?parent=845"}],"wp:term":[{"taxonomy":"product_cat","embeddable":true,"href":"https:\/\/www.selfprotein.com\/sv\/wp-json\/wp\/v2\/product_cat?post=845"},{"taxonomy":"product_tag","embeddable":true,"href":"https:\/\/www.selfprotein.com\/sv\/wp-json\/wp\/v2\/product_tag?post=845"}],"curies":[{"name":"wp","href":"https:\/\/api.w.org\/{rel}","templated":true}]}}