{"id":877,"date":"2023-11-27T13:49:11","date_gmt":"2023-11-27T12:49:11","guid":{"rendered":"https:\/\/34.88.231.180\/product\/probiotic-lactospore\/"},"modified":"2026-05-01T00:24:01","modified_gmt":"2026-04-30T22:24:01","slug":"probiotic-lactospore","status":"publish","type":"product","link":"https:\/\/www.selfprotein.com\/sv\/produkt\/probiotic-lactospore\/","title":{"rendered":"Probiotiska laktosporer"},"content":{"rendered":"<p><strong>Produkt\u00f6versikt:<\/strong><\/p>\n<p>Inneh\u00e5ller probiotika av mycket h\u00f6g kvalitet (Bacillus coagulans) s\u00e5 m\u00e5nga som 1 miljard sporer per kapsel, produkten har formulerats f\u00f6r att motst\u00e5 magsyra. Probiotic Lactospore\u00ae har f\u00f6rm\u00e5gan att st\u00e4rka immunf\u00f6rsvaret, st\u00f6dja matsm\u00e4ltningen och absorptionen av n\u00e4rings\u00e4mnen.<\/p>\n<p><strong>Viktiga f\u00f6rdelar:<\/strong><\/p>\n<ul>\n<li>H\u00f6gkvalitativ probiotika (Bacillus coagulans) 1 miljard sporer per kapsel<\/li>\n<li>Formulerad f\u00f6r att motst\u00e5 magsyror<\/li>\n<li>Produkten kr\u00e4ver ingen kylning och \u00e4r stabil vid rumstemperatur.<\/li>\n<li>St\u00e4rker immunf\u00f6rsvaret<\/li>\n<li>Det underl\u00e4ttar matsm\u00e4ltningen och upptaget av n\u00e4rings\u00e4mnen<\/li>\n<li>Gynnar den naturliga balansen i tarmfloran<\/li>\n<\/ul>\n<p>&nbsp;<\/p>\n<p><b>Meddelande:<\/b><\/p>\n<ul>\n<li>Endast f\u00f6r vuxna och ers\u00e4tter inte en varierad och balanserad kost och en h\u00e4lsosam livsstil.<\/li>\n<li>\u00d6verskrid inte den rekommenderade dosen.<\/li>\n<li>Rekommenderad dos: 1 cps per dag.<\/li>\n<li>Anv\u00e4nd inte produkten under amning eller graviditet utan att r\u00e5dg\u00f6ra med l\u00e4kare.<\/li>\n<li>F\u00f6rvara produkten p\u00e5 en sval, torr plats i en v\u00e4l tillsluten f\u00f6rpackning utom r\u00e4ckh\u00e5ll f\u00f6r barn under 3 \u00e5r.<\/li>\n<li>Kan inneh\u00e5lla sp\u00e5r av mj\u00f6lk, havre, \u00e4gg, soja.<\/li>\n<li>Laktosfri och Glutenfri.<\/li>\n<\/ul>","protected":false},"excerpt":{"rendered":"<details>\n<summary>Ingredienser<\/summary>\n<table style=\"text-align: center;\">\n<tbody>\n<tr>\n<th>Ingredienser<\/th>\n<th>per 1cps<\/th>\n<\/tr>\n<tr>\n<td>Lactospore\u00ae (Bacillus Coagulans-MTCC 5856)<\/td>\n<td>1.000.000.000<\/td>\n<\/tr>\n<tr>\n<td colspan=\"3\"><strong>\u00d6vriga ingredienser: <\/strong>inulin, maltodextrin, vegansk kapsel (E1204)<\/td>\n<\/tr>\n<\/tbody>\n<\/table>\n<\/details>\n<p>&nbsp;<\/p>","protected":false},"featured_media":13885,"template":"","meta":[],"product_cat":[312,214],"product_tag":[314,258],"class_list":{"0":"post-877","1":"product","2":"type-product","3":"status-publish","4":"has-post-thumbnail","6":"product_cat-health-and-wellness","7":"product_cat-vitamins-wellness","8":"product_tag-health-and-wellness","9":"product_tag-vitamins-wellness","11":"first","12":"instock","13":"taxable","14":"shipping-taxable","15":"purchasable","16":"product-type-simple"},"aioseo_notices":[],"_links":{"self":[{"href":"https:\/\/www.selfprotein.com\/sv\/wp-json\/wp\/v2\/product\/877"}],"collection":[{"href":"https:\/\/www.selfprotein.com\/sv\/wp-json\/wp\/v2\/product"}],"about":[{"href":"https:\/\/www.selfprotein.com\/sv\/wp-json\/wp\/v2\/types\/product"}],"wp:featuredmedia":[{"embeddable":true,"href":"https:\/\/www.selfprotein.com\/sv\/wp-json\/wp\/v2\/media\/13885"}],"wp:attachment":[{"href":"https:\/\/www.selfprotein.com\/sv\/wp-json\/wp\/v2\/media?parent=877"}],"wp:term":[{"taxonomy":"product_cat","embeddable":true,"href":"https:\/\/www.selfprotein.com\/sv\/wp-json\/wp\/v2\/product_cat?post=877"},{"taxonomy":"product_tag","embeddable":true,"href":"https:\/\/www.selfprotein.com\/sv\/wp-json\/wp\/v2\/product_tag?post=877"}],"curies":[{"name":"wp","href":"https:\/\/api.w.org\/{rel}","templated":true}]}}