{"id":883,"date":"2023-11-27T13:51:31","date_gmt":"2023-11-27T12:51:31","guid":{"rendered":"https:\/\/34.88.231.180\/product\/protein-pancake\/"},"modified":"2026-04-22T16:11:23","modified_gmt":"2026-04-22T14:11:23","slug":"protein-pancake","status":"publish","type":"product","link":"https:\/\/www.selfprotein.com\/sv\/produkt\/protein-pancake\/","title":{"rendered":"Protein Pancake"},"content":{"rendered":"<p style=\"text-align: left;\" align=\"center\" class=\" translation-block\"><strong><span lang=\"en-US\">\u00a0Protein <\/span>Pancake<\/strong><\/p>\n<p><span lang=\"en-US\">Proteinpannkakspulver \u00e4r ett specialdesignat proteinpulver som \u00e4r avsett att berika pannkakssmeten och erbjuda ett proteinrikt alternativ till traditionella pannkakor. Den h\u00e4r innovativa blandningen inneh\u00e5ller ofta proteink\u00e4llor som vassleprotein och \u00e4ggprotein, tillsammans med andra ingredienser som ger en konsistens och smak som liknar traditionella pannkakor.<\/span><\/p>\n<p><span lang=\"en-US\">F\u00f6rdelar med proteinpannkaka:<\/span><\/p>\n<ul>\n<li><strong><span lang=\"en-US\">\u00d6kat proteinintag:<\/span><\/strong><span lang=\"en-US\"> Proteinpannkakor \u00e4r en bekv\u00e4m l\u00f6sning f\u00f6r att \u00f6ka det dagliga proteinintaget, s\u00e4rskilt f\u00f6r dem som tycker att det \u00e4r sv\u00e5rt att tillgodose sitt proteinbehov enbart genom mat.<\/span><\/li>\n<li><strong><span lang=\"en-US\">Muskeltillv\u00e4xt och -reparation:<\/span><\/strong><span lang=\"en-US\"> Med sitt h\u00f6ga proteininneh\u00e5ll kan proteinpannkakor effektivt st\u00f6dja muskeltillv\u00e4xt och -reparation. Den h\u00e4r f\u00f6rdelen \u00e4r s\u00e4rskilt viktig f\u00f6r idrottare och personer med en aktiv livsstil.<\/span><\/li>\n<li><strong><span lang=\"en-US\">H\u00e5llbar energi:<\/span><\/strong><span lang=\"en-US\"> Blandningen av proteiner och kolhydrater i proteinpannkakor ger en k\u00e4lla till l\u00e5ngvarig energi, vilket bidrar till att bibeh\u00e5lla en j\u00e4mn energiniv\u00e5 \u00f6ver tid.<\/span><\/li>\n<li><strong><span lang=\"en-US\">Viktkontroll<\/span><\/strong><span lang=\"en-US\"><strong>:<\/strong> Proteinpannkakor \u00e4r ett bra val f\u00f6r dem som vill kontrollera sin vikt, eftersom de fr\u00e4mjar en k\u00e4nsla av m\u00e4ttnad och fyllighet. Detta kan vara s\u00e4rskilt anv\u00e4ndbart f\u00f6r att kontrollera det totala kaloriintaget och fr\u00e4mja en balanserad kost.<\/span><\/li>\n<\/ul>\n<p>&nbsp;<\/p>\n<p><strong><span lang=\"en-US\">Rekommenderad anv\u00e4ndning<\/span><\/strong><\/p>\n<p><span lang=\"en-US\">1 till 2 portioner under hela dagen.<\/span><\/p>\n<p><strong>Meddelande:<\/strong><\/p>\n<ul>\n<li>F\u00f6rvara produkten p\u00e5 en sval, torr plats i en v\u00e4l tillsluten f\u00f6rpackning.<\/li>\n<li>Laktosfri och Glutenfri.<\/li>\n<\/ul>","protected":false},"excerpt":{"rendered":"<details>\n<summary>N\u00e4ringsv\u00e4rde<\/summary>\n<table style=\"text-align: center;\">\n<tbody>\n<tr>\n<th>N\u00e4ringsv\u00e4rde<\/th>\n<th>per 40 g pulver<\/th>\n<\/tr>\n<tr>\n<td>Energi<\/td>\n<td>159kcal(666kj)<\/td>\n<\/tr>\n<tr>\n<td>Fetter<\/td>\n<td>3,9g<\/td>\n<\/tr>\n<tr>\n<td>varav m\u00e4ttad<\/td>\n<td>1g<\/td>\n<\/tr>\n<tr>\n<td>Kolhydrater<\/td>\n<td>13,2g<\/td>\n<\/tr>\n<tr>\n<td>varav sockerarter<\/td>\n<td>2,3g<\/td>\n<\/tr>\n<tr>\n<td>Protein<\/td>\n<td>16,4g<\/td>\n<\/tr>\n<tr>\n<td>Fiber<\/td>\n<td>2,84g<\/td>\n<\/tr>\n<tr>\n<td>Salt<\/td>\n<td>0,36g<\/td>\n<\/tr>\n<\/tbody>\n<\/table>\n<\/details>\n<p>&nbsp;<\/p>\n<details>\n<summary>Ingredienser<\/summary>\n<table style=\"text-align: center;\">\n<tbody>\n<tr>\n<td colspan=\"3\"><strong>Ingredienser: <\/strong>vassleprotein laktosfritt (mj\u00f6lk), glutenfri vetest\u00e4rkelse, linfr\u00f6mj\u00f6l, \u00e4ggvita, hel\u00e4ggspulver, psylliumfr\u00f6mj\u00f6l, bakpulver, dinatriumpyrofosfat (E450a), majsst\u00e4rkelse, natriumbikabornat (E500), salt, emulgeringsmedel (E471), f\u00f6rtjockningsmedel (E412).<\/td>\n<\/tr>\n<\/tbody>\n<\/table>\n<\/details>\n<p>&nbsp;<\/p>","protected":false},"featured_media":11231,"template":"","meta":[],"product_cat":[313,210],"product_tag":[316,223],"class_list":{"0":"post-883","1":"product","2":"type-product","3":"status-publish","4":"has-post-thumbnail","6":"product_cat-protein-snacks-and-fit-food","7":"product_cat-snacks-meal-solutions","8":"product_tag-protein-snacks-fit-food","9":"product_tag-snacks-meal-solutions","11":"first","12":"instock","13":"taxable","14":"shipping-taxable","15":"purchasable","16":"product-type-simple"},"aioseo_notices":[],"_links":{"self":[{"href":"https:\/\/www.selfprotein.com\/sv\/wp-json\/wp\/v2\/product\/883"}],"collection":[{"href":"https:\/\/www.selfprotein.com\/sv\/wp-json\/wp\/v2\/product"}],"about":[{"href":"https:\/\/www.selfprotein.com\/sv\/wp-json\/wp\/v2\/types\/product"}],"wp:featuredmedia":[{"embeddable":true,"href":"https:\/\/www.selfprotein.com\/sv\/wp-json\/wp\/v2\/media\/11231"}],"wp:attachment":[{"href":"https:\/\/www.selfprotein.com\/sv\/wp-json\/wp\/v2\/media?parent=883"}],"wp:term":[{"taxonomy":"product_cat","embeddable":true,"href":"https:\/\/www.selfprotein.com\/sv\/wp-json\/wp\/v2\/product_cat?post=883"},{"taxonomy":"product_tag","embeddable":true,"href":"https:\/\/www.selfprotein.com\/sv\/wp-json\/wp\/v2\/product_tag?post=883"}],"curies":[{"name":"wp","href":"https:\/\/api.w.org\/{rel}","templated":true}]}}