{"id":889,"date":"2024-10-26T11:18:44","date_gmt":"2024-10-26T09:18:44","guid":{"rendered":"https:\/\/34.88.231.180\/?post_type=product&#038;p=889"},"modified":"2026-04-01T00:00:37","modified_gmt":"2026-03-31T22:00:37","slug":"proti-snack-protein-bar","status":"publish","type":"product","link":"https:\/\/www.selfprotein.com\/sv\/produkt\/proti-snack-protein-bar\/","title":{"rendered":"Proti Snack Protein Bar"},"content":{"rendered":"<p style=\"text-align: left;\" align=\"center\"><strong><span lang=\"en-US\">Proti Snack Protein Bar<\/span><\/strong><\/p>\n<p><span lang=\"en-US\">Proti Snack \u00e4r en proteinbar som \u00e4r utformad f\u00f6r att ge en betydande dos protein, formulerad f\u00f6r att komplettera det dagliga proteinintaget eller ge en n\u00e4ringsrik proteink\u00e4lla f\u00f6re eller efter fysisk tr\u00e4ning. Detta mellanm\u00e5l har blivit ett popul\u00e4rt val bland idrottare, fitnessentusiaster och de som vill \u00f6ka proteinintaget i sin kost.<\/span><\/p>\n<p><span lang=\"en-US\">F\u00f6rdelar med Proti Snack Protein Bar:<\/span><\/p>\n<ul>\n<li><strong><span lang=\"en-US\">H\u00f6gt proteininneh\u00e5ll:<\/span><\/strong><span lang=\"en-US\"> Proti Snack bars ger en betydande m\u00e4ngd h\u00f6gkvalitativt protein, vilket \u00e4r viktigt f\u00f6r muskel\u00e5terh\u00e4mtning, tillv\u00e4xt och allm\u00e4n h\u00e4lsa.<\/span><\/li>\n<li><strong><span lang=\"en-US\">St\u00f6d f\u00f6r fysisk aktivitet:<\/span><\/strong><span lang=\"en-US\"> Med sitt proteininneh\u00e5ll \u00e4r Proti Snack bars ett utm\u00e4rkt val f\u00f6re eller efter fysisk aktivitet, vilket bidrar till att st\u00f6dja muskel\u00e5terh\u00e4mtning och minska tr\u00f6tthet.<\/span><\/li>\n<li><strong><span lang=\"en-US\">Bekv\u00e4mlighet<\/span><\/strong><span lang=\"en-US\"><strong>:<\/strong> Proti Snack \u00e4r ett bekv\u00e4mt och b\u00e4rbart mellanm\u00e5l, perfekt f\u00f6r dem som \u00e4r p\u00e5 spr\u00e5ng och beh\u00f6ver en snabb proteink\u00e4lla under dagen.<\/span><\/li>\n<li><strong><span lang=\"en-US\">Olika alternativ:<\/span><\/strong><span lang=\"en-US\"> Med ett brett utbud av smaker erbjuder Proti Snack bars ett personligt val f\u00f6r att passa individuella smaker, vilket g\u00f6r det l\u00e4ttare att integrera protein i den dagliga kosten med njutning.<\/span><\/li>\n<\/ul>\n<p>&nbsp;<\/p>\n<p><strong><span lang=\"en-US\">Rekommenderad anv\u00e4ndning<\/span><\/strong><\/p>\n<p><span lang=\"en-US\">1-2 bars per dag vid behov.<\/span><\/p>\n<p><strong>Meddelande:<\/strong><\/p>\n<ul>\n<li>Tillverkad i en anl\u00e4ggning som anv\u00e4nder \u00e4gg, jordn\u00f6tter och andra n\u00f6tter.<\/li>\n<\/ul>\n<p>&nbsp;<\/p>","protected":false},"excerpt":{"rendered":"<p>Proti Snack Protein Bar Proti Snack \u00e4r en proteinbar som \u00e4r utformad f\u00f6r att ge en betydande dos protein, formulerad f\u00f6r att komplettera det dagliga proteinintaget eller ge en n\u00e4ringsrik proteink\u00e4lla f\u00f6re eller efter fysisk tr\u00e4ning. Detta mellanm\u00e5l har blivit ett popul\u00e4rt val bland idrottare, fitnessentusiaster och de som vill \u00f6ka proteinintaget i sin [...].<\/p>","protected":false},"featured_media":891,"template":"","meta":[],"product_cat":[313,210],"product_tag":[316,223],"class_list":{"0":"post-889","1":"product","2":"type-product","3":"status-publish","4":"has-post-thumbnail","6":"product_cat-protein-snacks-and-fit-food","7":"product_cat-snacks-meal-solutions","8":"product_tag-protein-snacks-fit-food","9":"product_tag-snacks-meal-solutions","11":"first","12":"instock","13":"taxable","14":"shipping-taxable","15":"purchasable","16":"product-type-variable"},"aioseo_notices":[],"_links":{"self":[{"href":"https:\/\/www.selfprotein.com\/sv\/wp-json\/wp\/v2\/product\/889"}],"collection":[{"href":"https:\/\/www.selfprotein.com\/sv\/wp-json\/wp\/v2\/product"}],"about":[{"href":"https:\/\/www.selfprotein.com\/sv\/wp-json\/wp\/v2\/types\/product"}],"wp:featuredmedia":[{"embeddable":true,"href":"https:\/\/www.selfprotein.com\/sv\/wp-json\/wp\/v2\/media\/891"}],"wp:attachment":[{"href":"https:\/\/www.selfprotein.com\/sv\/wp-json\/wp\/v2\/media?parent=889"}],"wp:term":[{"taxonomy":"product_cat","embeddable":true,"href":"https:\/\/www.selfprotein.com\/sv\/wp-json\/wp\/v2\/product_cat?post=889"},{"taxonomy":"product_tag","embeddable":true,"href":"https:\/\/www.selfprotein.com\/sv\/wp-json\/wp\/v2\/product_tag?post=889"}],"curies":[{"name":"wp","href":"https:\/\/api.w.org\/{rel}","templated":true}]}}