{"id":913,"date":"2024-01-24T16:00:04","date_gmt":"2024-01-24T15:00:04","guid":{"rendered":"https:\/\/34.88.231.180\/?post_type=product&#038;p=913"},"modified":"2026-05-01T00:24:04","modified_gmt":"2026-04-30T22:24:04","slug":"pure-vitargo","status":"publish","type":"product","link":"https:\/\/www.selfprotein.com\/sv\/produkt\/pure-vitargo\/","title":{"rendered":"Pure Vitargo"},"content":{"rendered":"<p style=\"text-align: left;\" align=\"center\"><strong><span lang=\"en-US\">Pure Vitargo<\/span><\/strong><\/p>\n<p><span lang=\"en-US\">Vitargo \u00e4r ett sporttillskott som inneh\u00e5ller en s\u00e4rskild typ av kolhydrater med h\u00f6g molekylvikt, utformade f\u00f6r att ge snabb och l\u00e5ngvarig energi till idrottare och aktiva personer under fysisk aktivitet. Vitargo \u00e4r k\u00e4nt f\u00f6r sin snabba absorberbarhet och f\u00f6rm\u00e5ga att f\u00f6rb\u00e4ttra prestationen och har blivit popul\u00e4rt bland dem som s\u00f6ker optimalt energist\u00f6d f\u00f6r sina sport- och fitnessaktiviteter.<\/span><\/p>\n<p><span lang=\"en-US\">F\u00f6rdelar med Vitargo:<\/span><\/p>\n<ul>\n<li><strong><span lang=\"en-US\">Ger snabb och ih\u00e5llande energi:<\/span><\/strong><span lang=\"en-US\"> Tack vare sin formulering med h\u00f6gmolekyl\u00e4r st\u00e4rkelse ger Vitargo en snabb och l\u00e5ngvarig energik\u00e4lla, perfekt f\u00f6r att tillgodose energibehovet under intensiva tr\u00e4ningspass och t\u00e4vlingar.<\/span><\/li>\n<li><strong><span lang=\"en-US\">Snabb och effektiv absorption:<\/span><\/strong><span lang=\"en-US\"> Vitargo \u00e4r k\u00e4nt f\u00f6r att absorberas snabbare och effektivare \u00e4n andra kolhydrater, vilket g\u00f6r att idrottare snabbt kan fylla p\u00e5 energi utan att orsaka gastrointestinala obehag under tr\u00e4ning.<\/span><\/li>\n<li><strong><span lang=\"en-US\">F\u00f6rb\u00e4ttrar den atletiska prestationen:<\/span><\/strong><span lang=\"en-US\"> Att ta Vitargo kan bidra till att f\u00f6rb\u00e4ttra den atletiska prestationen genom att ge en snabb energik\u00e4lla, vilket g\u00f6r det m\u00f6jligt f\u00f6r idrottare att uppr\u00e4tth\u00e5lla intensiva och l\u00e5ngvariga anstr\u00e4ngningar med \u00f6kad kraft och uth\u00e5llighet.<\/span><\/li>\n<li><strong><span lang=\"en-US\">Minskar \u00e5terh\u00e4mtningstiderna:<\/span><\/strong><span lang=\"en-US\"> Studier har visat att anv\u00e4ndning av Vitargo kan bidra till att minska \u00e5terh\u00e4mtningstiden efter tr\u00e4ning, vilket g\u00f6r att musklerna kan \u00e5terh\u00e4mta sig snabbare och f\u00f6rbereda dem f\u00f6r efterf\u00f6ljande tr\u00e4ningspass.<\/span><\/li>\n<li><strong><span lang=\"en-US\">Minimerar muskelskador:<\/span><\/strong><span lang=\"en-US\"> Tillskott med Vitargo kan ocks\u00e5 bidra till att minska muskelskador som orsakas av intensiv tr\u00e4ning, vilket fr\u00e4mjar b\u00e4ttre muskelreparation och regenerering under perioden efter tr\u00e4ningen.<\/span><\/li>\n<\/ul>\n<p><\/p>\n<p><strong><span lang=\"en-US\">Rekommenderad anv\u00e4ndning<\/span><\/strong><\/p>\n<p><span lang=\"en-US\">Konsumera en portion omedelbart efter fysisk aktivitet.<\/span>\n<\/p>\n<p><\/p>\n<p><strong>Meddelande:<\/strong><\/p>\n<ul>\n<li>F\u00f6rvara produkten p\u00e5 en sval och torr plats i en v\u00e4l tillsluten f\u00f6rpackning.<\/li>\n<li>Kan inneh\u00e5lla sp\u00e5r av havre, \u00e4gg, soja och mj\u00f6lk.<\/li>\n<li>Laktosfri och Glutenfri.<\/li>\n<\/ul>","protected":false},"excerpt":{"rendered":"<details>\n<summary>N\u00e4ringsv\u00e4rde<\/summary>\n<table style=\"text-align: center;\">\n<tbody>\n<tr>\n<th>N\u00e4ringsv\u00e4rde<\/th>\n<th>per 100 g<\/th>\n<th>per 75 g<\/th>\n<\/tr>\n<tr>\n<td>Energi<\/td>\n<td>371kcal\/(1581kj)<\/td>\n<td>278kcal\/(1186kj)<\/td>\n<\/tr>\n<tr>\n<td>Fetter<\/td>\n<td>0g<\/td>\n<td>0g<\/td>\n<\/tr>\n<tr>\n<td>varav m\u00e4ttad<\/td>\n<td>0g<\/td>\n<td>0g<\/td>\n<\/tr>\n<tr>\n<td>Kolhydrater<\/td>\n<td>93g<\/td>\n<td>69,75g<\/td>\n<\/tr>\n<tr>\n<td>varav sockerarter<\/td>\n<td>0g<\/td>\n<td>0g<\/td>\n<\/tr>\n<tr>\n<td>Protein<\/td>\n<td>0g<\/td>\n<td>0g<\/td>\n<\/tr>\n<tr>\n<td>Kostfibrer<\/td>\n<td>0g<\/td>\n<td>0g<\/td>\n<\/tr>\n<tr>\n<td>Salt<\/td>\n<td>0,1g<\/td>\n<td>0,075g<\/td>\n<\/tr>\n<\/tbody>\n<\/table>\n<\/details>\n<p><\/p>\n<details>\n<summary>Ingredienser<\/summary>\n<table style=\"text-align: center;\">\n<tbody>\n<tr>\n<td><strong>Ingredienser: <\/strong>100% vitargo\u00ae (men)<\/td>\n<\/tr>\n<\/tbody>\n<\/table>\n<\/details>\n<p><\/p>","protected":false},"featured_media":914,"template":"","meta":[],"product_cat":[310,217],"product_tag":[315,230],"class_list":{"0":"post-913","1":"product","2":"type-product","3":"status-publish","4":"has-post-thumbnail","6":"product_cat-performance-and-endurance","7":"product_cat-pre-workout-energy","8":"product_tag-performance-and-endurance","9":"product_tag-pre-workout-energy","11":"first","12":"instock","13":"taxable","14":"shipping-taxable","15":"purchasable","16":"product-type-simple"},"aioseo_notices":[],"_links":{"self":[{"href":"https:\/\/www.selfprotein.com\/sv\/wp-json\/wp\/v2\/product\/913"}],"collection":[{"href":"https:\/\/www.selfprotein.com\/sv\/wp-json\/wp\/v2\/product"}],"about":[{"href":"https:\/\/www.selfprotein.com\/sv\/wp-json\/wp\/v2\/types\/product"}],"wp:featuredmedia":[{"embeddable":true,"href":"https:\/\/www.selfprotein.com\/sv\/wp-json\/wp\/v2\/media\/914"}],"wp:attachment":[{"href":"https:\/\/www.selfprotein.com\/sv\/wp-json\/wp\/v2\/media?parent=913"}],"wp:term":[{"taxonomy":"product_cat","embeddable":true,"href":"https:\/\/www.selfprotein.com\/sv\/wp-json\/wp\/v2\/product_cat?post=913"},{"taxonomy":"product_tag","embeddable":true,"href":"https:\/\/www.selfprotein.com\/sv\/wp-json\/wp\/v2\/product_tag?post=913"}],"curies":[{"name":"wp","href":"https:\/\/api.w.org\/{rel}","templated":true}]}}