{"id":916,"date":"2023-11-27T13:52:32","date_gmt":"2023-11-27T12:52:32","guid":{"rendered":"https:\/\/34.88.231.180\/product\/real-creatine\/"},"modified":"2026-05-04T09:19:07","modified_gmt":"2026-05-04T07:19:07","slug":"creatine","status":"publish","type":"product","link":"https:\/\/www.selfprotein.com\/sv\/produkt\/creatine\/","title":{"rendered":"Creatine"},"content":{"rendered":"<p style=\"text-align: left;\" align=\"center\"><strong><span lang=\"en-US\">Creatine<\/span><\/strong><\/p>\n<p><span lang=\"en-US\">Uppt\u00e4ck kraften i kreatin, en naturlig f\u00f6rening som finns i sm\u00e5 m\u00e4ngder i livsmedel som k\u00f6tt och fisk och som finns tillg\u00e4nglig som kosttillskott. Kreatin, som lagras i musklerna som fosfokreatin, \u00e4r en viktig energik\u00e4lla vid h\u00f6gintensiva och kortvariga aktiviteter som tyngdlyftning och sprint. Det \u00e4r ingen \u00f6verraskning att det har blivit ett popul\u00e4rt tillskott bland idrottare som vill maximera sin styrka och fysiska prestanda.<\/span><\/p>\n<p><span lang=\"en-US\">Med sina m\u00e5nga f\u00f6rdelar har kreatin f\u00e5tt ett v\u00e4lf\u00f6rtj\u00e4nt rykte som ett av de mest effektiva kosttillskotten f\u00f6r att f\u00f6rb\u00e4ttra styrka, prestanda och kroppssammans\u00e4ttning, vilket ger idrottare en betydande f\u00f6rdel n\u00e4r det g\u00e4ller att uppn\u00e5 sina fysiska och atletiska m\u00e5l.<\/span><\/p>\n<p><span lang=\"en-US\">F\u00f6rdelar med kreatin:<\/span><\/p>\n<ul>\n<li><strong><span lang=\"en-US\">\u00d6kad muskelstyrka:<\/span><\/strong><span lang=\"en-US\"> Att inf\u00f6rliva kreatin i din kost kan leda till \u00f6kad muskelstyrka, s\u00e5 att du kan lyfta tyngre vikter och utf\u00f6ra h\u00f6gintensiva \u00f6vningar l\u00e4ttare.<\/span><\/li>\n<li><strong><span lang=\"en-US\">F\u00f6rb\u00e4ttring av idrottsliga prestationer:<\/span><\/strong><span lang=\"en-US\"> Idrottare som tar kreatin upplever ofta betydande f\u00f6rb\u00e4ttringar i sin prestation, s\u00e4rskilt i anaeroba aktiviteter som tyngdlyftning och sprint.<\/span><\/li>\n<li><strong><span lang=\"en-US\">P\u00e5skyndad \u00e5terh\u00e4mtning:<\/span><\/strong><span lang=\"en-US\"> Kreatin kan bidra till att p\u00e5skynda muskel\u00e5terh\u00e4mtningsprocessen genom att minska muskelv\u00e4rk och tr\u00f6tthet efter tr\u00e4ning, vilket g\u00f6r att du kan \u00e5terg\u00e5 till intensiva tr\u00e4ningspass snabbare.<\/span><\/li>\n<li><strong><span lang=\"en-US\">\u00d6kning av muskelmassan:<\/span><\/strong><span lang=\"en-US\"> Genom att integrera kreatin i din tr\u00e4ningsrutin kan du stimulera muskeltillv\u00e4xt och uppn\u00e5 mer synliga och betydande resultat i magert muskelmassa.<\/span><\/li>\n<li><strong><span lang=\"en-US\">L\u00e4tt att anv\u00e4nda:<\/span><\/strong><span lang=\"en-US\"> Kreatin \u00e4r l\u00e4tt att inf\u00f6rliva i din kost, oavsett om det \u00e4r genom naturliga livsmedel eller kosttillskott som finns i olika former, vilket g\u00f6r det till ett bekv\u00e4mt val f\u00f6r idrottare p\u00e5 alla erfarenhetsniv\u00e5er.<\/span><\/li>\n<\/ul>\n<p>&nbsp;<\/p>\n<p><strong><span lang=\"en-US\">Rekommenderad anv\u00e4ndning<\/span><\/strong><\/p>\n<p><span lang=\"en-US\">1 portion 30-45 minuter f\u00f6re tr\u00e4ningspasset eller under dagen.<\/span><\/p>\n<p><b>Meddelande:<\/b><\/p>\n<ul>\n<li>Endast f\u00f6r vuxna och ers\u00e4tter inte en varierad och balanserad kost och en h\u00e4lsosam livsstil.<\/li>\n<li>\u00d6verskrid inte den rekommenderade dosen.<\/li>\n<li>Anv\u00e4nd inte produkten under amning eller graviditet utan att r\u00e5dg\u00f6ra med l\u00e4kare.<\/li>\n<li>F\u00f6rvara produkten p\u00e5 en sval, torr plats i en v\u00e4l tillsluten f\u00f6rpackning utom r\u00e4ckh\u00e5ll f\u00f6r barn under 3 \u00e5r.<\/li>\n<li>Kan inneh\u00e5lla sp\u00e5r av mj\u00f6lk, havre, \u00e4gg och soja.<\/li>\n<li>Laktosfri och Glutenfri.<\/li>\n<\/ul>","protected":false},"excerpt":{"rendered":"<p>Kreatin Uppt\u00e4ck kraften i kreatin, en naturlig f\u00f6rening som finns i sm\u00e5 m\u00e4ngder i livsmedel som k\u00f6tt och fisk och som finns tillg\u00e4nglig som kosttillskott. Kreatin, som lagras i musklerna som fosfokreatin, \u00e4r en viktig energik\u00e4lla under h\u00f6gintensiva, kortvariga aktiviteter som tyngdlyftning och sprint. Det \u00e4r ingen \u00f6verraskning att det har blivit ett popul\u00e4rt [...]<\/p>","protected":false},"featured_media":5631,"template":"","meta":[],"product_cat":[151,308],"product_tag":[161,318],"class_list":{"0":"post-916","1":"product","2":"type-product","3":"status-publish","4":"has-post-thumbnail","6":"product_cat-amino-acids-creatine","7":"product_cat-strength-and-muscle-mass","8":"product_tag-amino-acids-creatine","9":"product_tag-strength-and-muscle-mass","11":"first","12":"instock","13":"sale","14":"taxable","15":"shipping-taxable","16":"purchasable","17":"product-type-variable"},"aioseo_notices":[],"_links":{"self":[{"href":"https:\/\/www.selfprotein.com\/sv\/wp-json\/wp\/v2\/product\/916"}],"collection":[{"href":"https:\/\/www.selfprotein.com\/sv\/wp-json\/wp\/v2\/product"}],"about":[{"href":"https:\/\/www.selfprotein.com\/sv\/wp-json\/wp\/v2\/types\/product"}],"wp:featuredmedia":[{"embeddable":true,"href":"https:\/\/www.selfprotein.com\/sv\/wp-json\/wp\/v2\/media\/5631"}],"wp:attachment":[{"href":"https:\/\/www.selfprotein.com\/sv\/wp-json\/wp\/v2\/media?parent=916"}],"wp:term":[{"taxonomy":"product_cat","embeddable":true,"href":"https:\/\/www.selfprotein.com\/sv\/wp-json\/wp\/v2\/product_cat?post=916"},{"taxonomy":"product_tag","embeddable":true,"href":"https:\/\/www.selfprotein.com\/sv\/wp-json\/wp\/v2\/product_tag?post=916"}],"curies":[{"name":"wp","href":"https:\/\/api.w.org\/{rel}","templated":true}]}}