{"id":923,"date":"2023-11-27T13:52:49","date_gmt":"2023-11-27T12:52:49","guid":{"rendered":"https:\/\/34.88.231.180\/product\/ripped-burn\/"},"modified":"2026-05-01T00:24:04","modified_gmt":"2026-04-30T22:24:04","slug":"ripped-burn","status":"publish","type":"product","link":"https:\/\/www.selfprotein.com\/sv\/produkt\/ripped-burn\/","title":{"rendered":"Ripped Burn"},"content":{"rendered":"<p style=\"text-align: left\" align=\"center\"><strong><span lang=\"en-US\">Ripped Burn<\/span><\/strong><\/p>\n<p><span lang=\"en-US\">Ripped Burn \u00e4r ett tillskott som \u00e4r utformat f\u00f6r att fr\u00e4mja viktminskning och bantning genom en serie riktade \u00e5tg\u00e4rder p\u00e5 \u00e4mnesoms\u00e4ttning och aptit. Formulerad f\u00f6r att \u00f6ka fettmetabolismen, minska absorptionen av fetter och kolhydrater, fr\u00e4mja eliminering av \u00f6verfl\u00f6diga v\u00e4tskor och minska aptiten, presenterar Ripped Burn sig som en omfattande l\u00f6sning f\u00f6r dem som vill uppn\u00e5 sina viktminskningsm\u00e5l effektivt.<\/span><\/p>\n<p><span lang=\"en-US\">F\u00f6rdelar med Ripped Burn:<\/span><\/p>\n<ul>\n<li><strong><span lang=\"en-US\">\u00d6kad fettmetabolism:<\/span><\/strong><span lang=\"en-US\"> Ripped Burn \u00e4r utformad f\u00f6r att \u00f6ka fettmetabolismen, vilket hj\u00e4lper kroppen att br\u00e4nna fler kalorier och anv\u00e4nda fettlager som energik\u00e4lla.<\/span><\/li>\n<li><strong><span lang=\"en-US\">Minskad absorption av fett och kolhydrater:<\/span><\/strong><span lang=\"en-US\"> Detta tillskott hj\u00e4lper till att minska absorptionen av fetter och kolhydrater under matsm\u00e4ltningen, vilket begr\u00e4nsar ansamlingen av kroppsfett.<\/span><\/li>\n<li><strong><span lang=\"en-US\">Eliminering av \u00f6verfl\u00f6diga v\u00e4tskor:<\/span><\/strong><span lang=\"en-US\"> Ripped Burn fr\u00e4mjar eliminering av \u00f6verfl\u00f6diga v\u00e4tskor, minskar uppsv\u00e4lldhet och f\u00f6rb\u00e4ttrar muskeldefinitionen.<\/span><\/li>\n<li><strong><span lang=\"en-US\">\u00d6kad kalorif\u00f6rbrukning:<\/span><\/strong><span lang=\"en-US\"> Tack vare sin formulering \u00f6kar Ripped Burn kalorif\u00f6rbrukningen, vilket bidrar till st\u00f6rre viktminskning och \u00f6kad energi.<\/span><\/li>\n<li><strong><span lang=\"en-US\">Minskning av aptiten:<\/span><\/strong><span lang=\"en-US\"> Detta tillskott bidrar till att minska aptiten, vilket g\u00f6r det l\u00e4ttare att kontrollera portionerna och uppr\u00e4tth\u00e5lla en balanserad kost.<\/span><\/li>\n<li><strong><span lang=\"en-US\">Gluten- och laktosfri:<\/span><\/strong><span lang=\"en-US\"> Ripped Burn \u00e4r fri fr\u00e5n gluten och laktos, vilket g\u00f6r den l\u00e4mplig f\u00f6r dem som f\u00f6ljer en diet utan dessa komponenter.<\/span><\/li>\n<\/ul>\n<p>&nbsp;<\/p>\n<p><strong><span lang=\"en-US\">Rekommenderad anv\u00e4ndning<\/span><\/strong><\/p>\n<p><span lang=\"en-US\">H\u00f6g koffeinhalt, 200 mg per portion.<\/span><\/p>\n<p><span lang=\"en-US\">1 portion f\u00f6re frukost och 1 f\u00f6re lunch.<\/span><\/p>\n<p><b>Meddelande:<\/b><\/p>\n<ul>\n<li>Endast f\u00f6r vuxna och ers\u00e4tter inte en varierad och balanserad kost och en h\u00e4lsosam livsstil.<\/li>\n<li>\u00d6verskrid inte den rekommenderade dosen.<\/li>\n<li>Anv\u00e4nd inte produkten under amning eller graviditet utan att r\u00e5dg\u00f6ra med l\u00e4kare.<\/li>\n<li>F\u00f6rvara produkten p\u00e5 en sval, torr plats i en v\u00e4l tillsluten f\u00f6rpackning utom r\u00e4ckh\u00e5ll f\u00f6r barn under 3 \u00e5r.<\/li>\n<li>Kan inneh\u00e5lla sp\u00e5r av mj\u00f6lk, havre, \u00e4gg, soja.<\/li>\n<li>Laktosfri och Glutenfri.<\/li>\n<\/ul>","protected":false},"excerpt":{"rendered":"<details>\n<summary>Ingredienser<\/summary>\n<table style=\"text-align: center\">\n<tbody>\n<tr>\n<th>Ingredienser<\/th>\n<th>per portion 2 cps<\/th>\n<th>%NRV<\/th>\n<\/tr>\n<tr>\n<td>Yerba Mate e.s (Ilex Paraguanensis, folium)<\/td>\n<td>300 mg<\/td>\n<td><\/td>\n<\/tr>\n<tr>\n<td>Inositol<\/td>\n<td>200 mg<\/td>\n<td><\/td>\n<\/tr>\n<tr>\n<td>Kolin (bitartrat)<\/td>\n<td>200 mg<\/td>\n<td><\/td>\n<\/tr>\n<tr>\n<td>Koffein (totalt)<\/td>\n<td>200 mg<\/td>\n<td><\/td>\n<\/tr>\n<tr>\n<td>Coleus Forskohlii e.s (30% Forskolin) (Plectranthus Barbatus, radix)<\/td>\n<td>150 mg<\/td>\n<td><\/td>\n<\/tr>\n<tr>\n<td>Garcinia Cambogia e.s (40% HCA) frukt<\/td>\n<td>100 mg<\/td>\n<td><\/td>\n<\/tr>\n<tr>\n<td>Svart te (Camellia Sinensis, folium)<\/td>\n<td>100 mg<\/td>\n<td><\/td>\n<\/tr>\n<tr>\n<td>Rhodiola Rosea e.s (2% Rosavin) (Rhodiola Rosea, radix)<\/td>\n<td>100 mg<\/td>\n<td><\/td>\n<\/tr>\n<tr>\n<td>Gr\u00f6nt te e.s (Camellia Sinensis, folium)<\/td>\n<td>80 mg<\/td>\n<td><\/td>\n<\/tr>\n<tr>\n<td>Capsicum Annum Fructus e.s<\/td>\n<td>50 mg<\/td>\n<td><\/td>\n<\/tr>\n<tr>\n<td>Gr\u00f6n kaffeb\u00f6na e.s. (Coffea Arabica, sperma)<\/td>\n<td>25 mg<\/td>\n<td><\/td>\n<\/tr>\n<tr>\n<td>Wakame e.s (30% Fucoxanthin) (Undaria Pinnatifida, thallus)<\/td>\n<td>20 mg<\/td>\n<td><\/td>\n<\/tr>\n<tr>\n<td>Piper Nigrum fructus e.s. (95% Piperin)<\/td>\n<td>4 mg<\/td>\n<td><\/td>\n<\/tr>\n<tr>\n<td>Vitamin B6 (Pyridoxin Hcl)<\/td>\n<td>1,4 mg<\/td>\n<td>(100%*)<\/td>\n<\/tr>\n<tr>\n<td>Folsyra<\/td>\n<td>200 \u03bcg<\/td>\n<td>(50%*)<\/td>\n<\/tr>\n<tr>\n<td colspan=\"3\"><strong>\u00d6vriga ingredienser: <\/strong>stabiliseringsmedel (E953, E470b, E551), vegansk kapsel (E1204)<\/td>\n<\/tr>\n<tr>\n<td colspan=\"3\"><strong>*NRV: <\/strong>n\u00e4ringsm\u00e4ssigt referensv\u00e4rde<\/td>\n<\/tr>\n<\/tbody>\n<\/table>\n<\/details>\n<p>&nbsp;<\/p>","protected":false},"featured_media":15309,"template":"","meta":[],"product_cat":[155,309],"product_tag":[163,319],"class_list":{"0":"post-923","1":"product","2":"type-product","3":"status-publish","4":"has-post-thumbnail","6":"product_cat-weight-control-metabolism","7":"product_cat-weight-management-and-definition","8":"product_tag-weight-control-metabolism","9":"product_tag-weight-management-and-definition","11":"first","12":"instock","13":"taxable","14":"shipping-taxable","15":"purchasable","16":"product-type-simple"},"aioseo_notices":[],"_links":{"self":[{"href":"https:\/\/www.selfprotein.com\/sv\/wp-json\/wp\/v2\/product\/923"}],"collection":[{"href":"https:\/\/www.selfprotein.com\/sv\/wp-json\/wp\/v2\/product"}],"about":[{"href":"https:\/\/www.selfprotein.com\/sv\/wp-json\/wp\/v2\/types\/product"}],"wp:featuredmedia":[{"embeddable":true,"href":"https:\/\/www.selfprotein.com\/sv\/wp-json\/wp\/v2\/media\/15309"}],"wp:attachment":[{"href":"https:\/\/www.selfprotein.com\/sv\/wp-json\/wp\/v2\/media?parent=923"}],"wp:term":[{"taxonomy":"product_cat","embeddable":true,"href":"https:\/\/www.selfprotein.com\/sv\/wp-json\/wp\/v2\/product_cat?post=923"},{"taxonomy":"product_tag","embeddable":true,"href":"https:\/\/www.selfprotein.com\/sv\/wp-json\/wp\/v2\/product_tag?post=923"}],"curies":[{"name":"wp","href":"https:\/\/api.w.org\/{rel}","templated":true}]}}