{"id":936,"date":"2023-11-27T13:53:04","date_gmt":"2023-11-27T12:53:04","guid":{"rendered":"https:\/\/34.88.231.180\/product\/soy-protein-isolate\/"},"modified":"2026-05-01T00:24:07","modified_gmt":"2026-04-30T22:24:07","slug":"soy-protein-isolate","status":"publish","type":"product","link":"https:\/\/www.selfprotein.com\/sv\/produkt\/soy-protein-isolate\/","title":{"rendered":"Soy Protein Isolate"},"content":{"rendered":"<p style=\"text-align: left;\" align=\"center\"><strong><span lang=\"en-US\">Sojaprotein<\/span><\/strong><\/p>\n<p><span lang=\"en-US\">Sojaproteinisolat \u00e4r ett proteinkoncentrat som extraheras fr\u00e5n sojab\u00f6nor, k\u00e4nda f\u00f6r sin rikedom p\u00e5 n\u00e4rings\u00e4mnen och sin m\u00e5ngsidighet i kosttillskott. Detta proteinextrakt erh\u00e5lls genom en process som tar bort de flesta icke-proteinkomponenterna i sojab\u00f6nor, s\u00e5som fiber och kolhydrater, vilket l\u00e4mnar ett mycket koncentrerat pulver av proteiner. Den h\u00e4r artikeln kommer att utforska h\u00e4lso- och n\u00e4ringsf\u00f6rdelarna med sojaproteinisolat.<\/span><\/p>\n<p><span lang=\"en-US\">Produktens f\u00f6rdelar:<\/span><\/p>\n<ul>\n<li><strong><span lang=\"en-US\">Komplett proteink\u00e4lla<\/span><\/strong><span lang=\"en-US\"><strong>:<\/strong> Sojaproteinisolat inneh\u00e5ller alla de essentiella aminosyror som kr\u00e4vs f\u00f6r att m\u00e4nniskokroppen ska fungera korrekt. Eftersom det \u00e4r ett komplett protein kan det vara ett perfekt alternativ f\u00f6r dem som f\u00f6ljer vegetariska eller veganska dieter.<\/span><\/li>\n<li><strong><span lang=\"en-US\">Rik p\u00e5 n\u00e4rings\u00e4mnen<\/span><\/strong><span lang=\"en-US\"><strong>:<\/strong> F\u00f6rutom proteiner \u00e4r sojaproteinisolat en betydande k\u00e4lla till andra viktiga n\u00e4rings\u00e4mnen, s\u00e5som j\u00e4rn och kalcium. Dessa n\u00e4rings\u00e4mnen \u00e4r avg\u00f6rande f\u00f6r benh\u00e4lsan, blodbildningen och m\u00e5nga andra vitala funktioner i kroppen.<\/span><\/li>\n<li><strong><span lang=\"en-US\">F\u00f6rdelar f\u00f6r hj\u00e4rth\u00e4lsa:<\/span><\/strong><span lang=\"en-US\"> Nya studier tyder p\u00e5 att sojaprotein i kosten kan bidra till att minska risken f\u00f6r hj\u00e4rtsjukdomar. Sojaproteinisolat inneh\u00e5ller nyttiga f\u00f6reningar, t.ex. isoflavoner, som kan fr\u00e4mja hj\u00e4rth\u00e4lsan genom olika mekanismer, bland annat genom att minska niv\u00e5erna av d\u00e5ligt kolesterol (LDL) i blodet.<\/span><\/li>\n<li><strong><span lang=\"en-US\">Viktkontroll:<\/span><\/strong><span lang=\"en-US\"> Med sin h\u00f6ga proteinkoncentration och l\u00e5ga m\u00e4ngd fetter och kolhydrater kan sojaproteinisolat vara en v\u00e4rdefull allierad i viktkontroll. Proteiner kan bidra till att uppr\u00e4tth\u00e5lla en m\u00e4ttnadsk\u00e4nsla under l\u00e4ngre tid, vilket minskar aptiten och bidrar till kalorikontroll.<\/span><\/li>\n<li><strong><span lang=\"en-US\">Milj\u00f6m\u00e4ssig h\u00e5llbarhet:<\/span><\/strong><span lang=\"en-US\"> Produktionen av sojaproteinisolat kr\u00e4ver mindre resurser j\u00e4mf\u00f6rt med produktionen av animaliska proteiner, vilket bidrar till att minska kostens totala milj\u00f6p\u00e5verkan.<\/span><\/li>\n<\/ul>\n<p>&nbsp;<\/p>\n<p><strong><span lang=\"en-US\">Rekommenderad anv\u00e4ndning<\/span><\/strong><\/p>\n<p><span lang=\"en-US\">1-3 portioner per dag beroende p\u00e5 individuella behov och med h\u00e4nsyn till andra proteink\u00e4llor i kosten.<\/span><\/p>\n<p><b>Meddelande:<\/b><\/p>\n<ul>\n<li>\u00d6verskrid inte den rekommenderade dosen.<\/li>\n<li>Rekommenderad dos: 1-3 portioner per dag beroende p\u00e5 behov och med h\u00e4nsyn till andra proteink\u00e4llor som ing\u00e5r i kosten.<\/li>\n<li>F\u00f6rvara produkten p\u00e5 en sval, torr plats i en v\u00e4l tillsluten f\u00f6rpackning.<\/li>\n<li>Inneh\u00e5ller soja.<\/li>\n<li>Kan inneh\u00e5lla sp\u00e5r av havre, \u00e4gg och mj\u00f6lk.<\/li>\n<li>Laktosfri och Glutenfri.<\/li>\n<\/ul>","protected":false},"excerpt":{"rendered":"<p>Sojaprotein Sojaproteinisolat \u00e4r ett proteinkoncentrat som extraheras fr\u00e5n sojab\u00f6nor, k\u00e4nda f\u00f6r sin rikedom p\u00e5 n\u00e4rings\u00e4mnen och sin m\u00e5ngsidighet i kosttillskott. Detta proteinextrakt erh\u00e5lls genom en process som tar bort de flesta icke-proteinkomponenterna i sojab\u00f6nor, s\u00e5som fiber och kolhydrater, vilket l\u00e4mnar ett mycket koncentrerat pulver av proteiner. Den h\u00e4r artikeln [...]<\/p>","protected":false},"featured_media":11926,"template":"","meta":[],"product_cat":[158,308],"product_tag":[18,318],"class_list":{"0":"post-936","1":"product","2":"type-product","3":"status-publish","4":"has-post-thumbnail","6":"product_cat-proteins","7":"product_cat-strength-and-muscle-mass","8":"product_tag-proteins","9":"product_tag-strength-and-muscle-mass","11":"first","12":"instock","13":"sale","14":"taxable","15":"shipping-taxable","16":"purchasable","17":"product-type-variable"},"aioseo_notices":[],"_links":{"self":[{"href":"https:\/\/www.selfprotein.com\/sv\/wp-json\/wp\/v2\/product\/936"}],"collection":[{"href":"https:\/\/www.selfprotein.com\/sv\/wp-json\/wp\/v2\/product"}],"about":[{"href":"https:\/\/www.selfprotein.com\/sv\/wp-json\/wp\/v2\/types\/product"}],"wp:featuredmedia":[{"embeddable":true,"href":"https:\/\/www.selfprotein.com\/sv\/wp-json\/wp\/v2\/media\/11926"}],"wp:attachment":[{"href":"https:\/\/www.selfprotein.com\/sv\/wp-json\/wp\/v2\/media?parent=936"}],"wp:term":[{"taxonomy":"product_cat","embeddable":true,"href":"https:\/\/www.selfprotein.com\/sv\/wp-json\/wp\/v2\/product_cat?post=936"},{"taxonomy":"product_tag","embeddable":true,"href":"https:\/\/www.selfprotein.com\/sv\/wp-json\/wp\/v2\/product_tag?post=936"}],"curies":[{"name":"wp","href":"https:\/\/api.w.org\/{rel}","templated":true}]}}