{"id":945,"date":"2023-11-27T13:53:22","date_gmt":"2023-11-27T12:53:22","guid":{"rendered":"https:\/\/34.88.231.180\/product\/steel-water-bottle\/"},"modified":"2026-04-01T00:00:32","modified_gmt":"2026-03-31T22:00:32","slug":"steel-water-bottle","status":"publish","type":"product","link":"https:\/\/www.selfprotein.com\/sv\/produkt\/steel-water-bottle\/","title":{"rendered":"Steel Water Bottle"},"content":{"rendered":"<p><strong>Produkt\u00f6versikt:<\/strong><\/p>\n<p>Flaska fr\u00e5n Self som \u00e4r lika praktisk som den \u00e4r snygg.<br \/>\nH\u00e5ller temperaturen f\u00f6r b\u00e5de varma drycker och drycker, vilket g\u00f6r flaskan perfekt f\u00f6r alla tillf\u00e4llen.<\/p>","protected":false},"excerpt":{"rendered":"<p>Produkt\u00f6versikt: Flaska fr\u00e5n Self som \u00e4r lika praktisk som den \u00e4r snygg. H\u00e5ller temperaturen f\u00f6r b\u00e5de varm och dryck, vilket g\u00f6r flaskan perfekt f\u00f6r alla tillf\u00e4llen.<\/p>","protected":false},"featured_media":946,"template":"","meta":[],"product_cat":[219],"product_tag":[114],"class_list":{"0":"post-945","1":"product","2":"type-product","3":"status-publish","4":"has-post-thumbnail","6":"product_cat-accessories","7":"product_tag-accessories","9":"first","10":"instock","11":"taxable","12":"shipping-taxable","13":"purchasable","14":"product-type-simple"},"aioseo_notices":[],"_links":{"self":[{"href":"https:\/\/www.selfprotein.com\/sv\/wp-json\/wp\/v2\/product\/945"}],"collection":[{"href":"https:\/\/www.selfprotein.com\/sv\/wp-json\/wp\/v2\/product"}],"about":[{"href":"https:\/\/www.selfprotein.com\/sv\/wp-json\/wp\/v2\/types\/product"}],"wp:featuredmedia":[{"embeddable":true,"href":"https:\/\/www.selfprotein.com\/sv\/wp-json\/wp\/v2\/media\/946"}],"wp:attachment":[{"href":"https:\/\/www.selfprotein.com\/sv\/wp-json\/wp\/v2\/media?parent=945"}],"wp:term":[{"taxonomy":"product_cat","embeddable":true,"href":"https:\/\/www.selfprotein.com\/sv\/wp-json\/wp\/v2\/product_cat?post=945"},{"taxonomy":"product_tag","embeddable":true,"href":"https:\/\/www.selfprotein.com\/sv\/wp-json\/wp\/v2\/product_tag?post=945"}],"curies":[{"name":"wp","href":"https:\/\/api.w.org\/{rel}","templated":true}]}}