{"id":947,"date":"2023-11-27T13:53:25","date_gmt":"2023-11-27T12:53:25","guid":{"rendered":"https:\/\/34.88.231.180\/product\/taurine\/"},"modified":"2026-05-01T00:24:05","modified_gmt":"2026-04-30T22:24:05","slug":"taurine","status":"publish","type":"product","link":"https:\/\/www.selfprotein.com\/sv\/produkt\/taurine\/","title":{"rendered":"Taurine"},"content":{"rendered":"<p style=\"text-align: left\" align=\"center\"><strong><span lang=\"en-US\">Taurine<\/span><\/strong><\/p>\n<p><span lang=\"en-US\">Taurin \u00e4r en naturligt f\u00f6rekommande aminosyra i m\u00e4nniskokroppen och finns ocks\u00e5 i vissa vanliga livsmedel som k\u00f6tt, fisk och mejeriprodukter. P\u00e5 grund av dess potentiella h\u00e4lsof\u00f6rdelar ing\u00e5r taurin ofta i energidrycker och kosttillskott.<\/span><\/p>\n<p><span lang=\"en-US\">F\u00f6rdelar med Taurine:<\/span><\/p>\n<ul>\n<li><strong><span lang=\"en-US\">F\u00f6rb\u00e4ttring av tr\u00e4ningsprestanda:<\/span><\/strong><span lang=\"en-US\"> Att ta in taurin i kosten kan bidra till att f\u00f6rb\u00e4ttra tr\u00e4ningsprestationen, s\u00e4rskilt under h\u00f6gintensiva aktiviteter. Detta beror p\u00e5 dess roll i regleringen av kalciumniv\u00e5erna i musklerna, vilket kan f\u00f6rb\u00e4ttra muskelfunktionen och minska tr\u00f6ttheten under fysisk aktivitet.<\/span><\/li>\n<li><strong><span lang=\"en-US\">Minskad risk f\u00f6r hj\u00e4rtsjukdom:<\/span><\/strong><span lang=\"en-US\"> Taurin kan spela en viktig roll f\u00f6r att minska risken f\u00f6r hj\u00e4rtsjukdomar. Denna aminosyra \u00e4r f\u00f6rknippad med f\u00f6rb\u00e4ttringar av blodtrycket och minskningen av oxidativ stress och inflammation, nyckelfaktorer f\u00f6r att uppr\u00e4tth\u00e5lla kardiovaskul\u00e4r h\u00e4lsa.<\/span><\/li>\n<li><strong><span lang=\"en-US\">F\u00f6rb\u00e4ttring av insulink\u00e4nsligheten:<\/span><\/strong><span lang=\"en-US\"> Att tillf\u00f6ra taurin i kosten kan leda till f\u00f6rb\u00e4ttrad insulink\u00e4nslighet och glukostolerans, vilket \u00e4r s\u00e4rskilt f\u00f6rdelaktigt f\u00f6r personer med typ 2-diabetes. Reglering av blodsockret \u00e4r avg\u00f6rande f\u00f6r sjukdomskontroll och hantering av associerade komplikationer.<\/span><\/li>\n<li><strong><span lang=\"en-US\">F\u00f6rb\u00e4ttrad kognitiv funktion<\/span><\/strong><span lang=\"en-US\"><strong>:<\/strong> Taurin kan ocks\u00e5 bidra till f\u00f6rb\u00e4ttrad kognitiv funktion, s\u00e4rskilt hos \u00e4ldre. Detta tros bero p\u00e5 dess potentiellt skyddande roll mot oxidativ stress och inflammation i hj\u00e4rnan, faktorer som kan ha en negativ inverkan p\u00e5 kognitiva funktioner \u00f6ver tid.<\/span><\/li>\n<\/ul>\n<p>&nbsp;<\/p>\n<p><strong><span lang=\"en-US\">Rekommenderad anv\u00e4ndning<\/span><\/strong><\/p>\n<p><span lang=\"en-US\">Ta 1 portion 30-45 minuter f\u00f6re sportaktivitet eller under dagen.<\/span><\/p>\n<p><b>Meddelande:<\/b><\/p>\n<ul>\n<li>Endast f\u00f6r vuxna och ers\u00e4tter inte en varierad och balanserad kost och en h\u00e4lsosam livsstil.<\/li>\n<li>\u00d6verskrid inte den rekommenderade dosen.<\/li>\n<li>Anv\u00e4nd inte produkten under amning eller graviditet utan att r\u00e5dg\u00f6ra med l\u00e4kare.<\/li>\n<li>F\u00f6rvara produkten p\u00e5 en sval, torr plats i en v\u00e4l tillsluten f\u00f6rpackning utom r\u00e4ckh\u00e5ll f\u00f6r barn under 3 \u00e5r.<\/li>\n<li>Kan inneh\u00e5lla sp\u00e5r av mj\u00f6lk, havre, \u00e4gg, soja.<\/li>\n<li>Laktosfri och Glutenfri.<\/li>\n<\/ul>","protected":false},"excerpt":{"rendered":"<details>\n<summary>Ingredienser<\/summary>\n<table style=\"text-align: center\">\n<tbody>\n<tr>\n<th>Ingredienser<\/th>\n<th>per portion<\/th>\n<\/tr>\n<tr>\n<td>Taurine<\/td>\n<td>1g<\/td>\n<\/tr>\n<\/tbody>\n<\/table>\n<\/details>\n<p>&nbsp;<\/p>","protected":false},"featured_media":14404,"template":"","meta":[],"product_cat":[151,310],"product_tag":[161,315],"class_list":{"0":"post-947","1":"product","2":"type-product","3":"status-publish","4":"has-post-thumbnail","6":"product_cat-amino-acids-creatine","7":"product_cat-performance-and-endurance","8":"product_tag-amino-acids-creatine","9":"product_tag-performance-and-endurance","11":"first","12":"instock","13":"taxable","14":"shipping-taxable","15":"purchasable","16":"product-type-simple"},"aioseo_notices":[],"_links":{"self":[{"href":"https:\/\/www.selfprotein.com\/sv\/wp-json\/wp\/v2\/product\/947"}],"collection":[{"href":"https:\/\/www.selfprotein.com\/sv\/wp-json\/wp\/v2\/product"}],"about":[{"href":"https:\/\/www.selfprotein.com\/sv\/wp-json\/wp\/v2\/types\/product"}],"wp:featuredmedia":[{"embeddable":true,"href":"https:\/\/www.selfprotein.com\/sv\/wp-json\/wp\/v2\/media\/14404"}],"wp:attachment":[{"href":"https:\/\/www.selfprotein.com\/sv\/wp-json\/wp\/v2\/media?parent=947"}],"wp:term":[{"taxonomy":"product_cat","embeddable":true,"href":"https:\/\/www.selfprotein.com\/sv\/wp-json\/wp\/v2\/product_cat?post=947"},{"taxonomy":"product_tag","embeddable":true,"href":"https:\/\/www.selfprotein.com\/sv\/wp-json\/wp\/v2\/product_tag?post=947"}],"curies":[{"name":"wp","href":"https:\/\/api.w.org\/{rel}","templated":true}]}}