{"id":952,"date":"2023-11-27T13:56:15","date_gmt":"2023-11-27T12:56:15","guid":{"rendered":"https:\/\/34.88.231.180\/product\/testo-pac\/"},"modified":"2026-05-01T00:24:06","modified_gmt":"2026-04-30T22:24:06","slug":"testo-pac","status":"publish","type":"product","link":"https:\/\/www.selfprotein.com\/sv\/produkt\/testo-pac\/","title":{"rendered":"Testo Pac"},"content":{"rendered":"<p style=\"text-align: left\" align=\"center\"><strong><span lang=\"en-US\">Testo Pac<\/span><\/strong><\/p>\n<p><span lang=\"en-US\">Testo Pac \u00e4r ett kosttillskott formulerat f\u00f6r att fr\u00e4mja h\u00e4lsosamma testosteronniv\u00e5er och f\u00f6rb\u00e4ttra den allm\u00e4nna h\u00e4lsan. Denna produkt inneh\u00e5ller en kombination av \u00f6rter, vitaminer och mineraler, alla avsedda att st\u00f6dja produktion och underh\u00e5ll av adekvata testosteronniv\u00e5er i kroppen.<\/span><\/p>\n<p><span lang=\"en-US\">H\u00e4r \u00e4r n\u00e5gra av f\u00f6rdelarna med Testo Pac:<\/span><\/p>\n<ul>\n<li><strong><span lang=\"en-US\">\u00d6kade testosteronniv\u00e5er:<\/span><\/strong><span lang=\"en-US\"> Tack vare sin kombination av \u00f6rtextrakt antas Testo Pac stimulera testosteronproduktionen i kroppen, vilket hj\u00e4lper till att uppr\u00e4tth\u00e5lla optimala niv\u00e5er av detta viktiga hormon.<\/span><\/li>\n<li><strong><span lang=\"en-US\">St\u00f6d f\u00f6r allm\u00e4n h\u00e4lsa:<\/span><\/strong><span lang=\"en-US\"> F\u00f6rutom sin p\u00e5st\u00e5dda effekt p\u00e5 testosteron erbjuder Testo Pac ocks\u00e5 f\u00f6rdelar f\u00f6r den allm\u00e4nna h\u00e4lsan. De v\u00e4xtbaserade extrakten som finns kan hj\u00e4lpa till att minska inflammation och oxidativ stress i kroppen, vilket fr\u00e4mjar \u00f6vergripande v\u00e4lbefinnande.<\/span><\/li>\n<li><strong><span lang=\"en-US\">Integrering av viktiga n\u00e4rings\u00e4mnen:<\/span><\/strong><span lang=\"en-US\"> Testo Pac inneh\u00e5ller ocks\u00e5 viktiga viktiga n\u00e4rings\u00e4mnen som zink och vitamin D, b\u00e5da k\u00e4nda f\u00f6r att st\u00f6dja testosteronproduktionen och bidra till den allm\u00e4nna h\u00e4lsan.<\/span><\/li>\n<li><strong><span lang=\"en-US\">F\u00f6rb\u00e4ttring av fysisk och mental prestationsf\u00f6rm\u00e5ga:<\/span><\/strong><span lang=\"en-US\"> \u00d6kade testosteronniv\u00e5er kan leda till f\u00f6rb\u00e4ttringar av fysisk och mental prestationsf\u00f6rm\u00e5ga, inklusive h\u00f6gre niv\u00e5er av energi, uth\u00e5llighet och koncentration.<\/span><\/li>\n<li><strong><span lang=\"en-US\">St\u00f6d f\u00f6r sexuell h\u00e4lsa:<\/span><\/strong><span lang=\"en-US\"> Adekvata testosteronniv\u00e5er \u00e4r ocks\u00e5 avg\u00f6rande f\u00f6r manlig sexuell h\u00e4lsa, och anv\u00e4ndningen av Testo Pac kan fr\u00e4mja b\u00e4ttre sexuell funktion och libido.<\/span><\/li>\n<\/ul>\n<p><\/p>\n<p><span lang=\"en-US\">Innan du p\u00e5b\u00f6rjar n\u00e5gon tillskottsregim \u00e4r det l\u00e4mpligt att konsultera en v\u00e5rdpersonal f\u00f6r att avg\u00f6ra om Testo Pac \u00e4r l\u00e4mplig f\u00f6r individuella behov och h\u00e4lsotillst\u00e5nd.<\/span><\/p>\n<p><strong><span lang=\"en-US\">Rekommenderad anv\u00e4ndning<\/span><\/strong><\/p>\n<p><span lang=\"en-US\">Ta 4 kapslar f\u00f6re s\u00e4ngg\u00e5endet eller 30-45 minuter f\u00f6re tr\u00e4ning.<\/span><\/p>\n<p><b>Meddelande:<\/b><\/p>\n<ul>\n<li>Endast f\u00f6r vuxna och ers\u00e4tter inte en varierad och balanserad kost och en h\u00e4lsosam livsstil.<\/li>\n<li>\u00d6verskrid inte den rekommenderade dosen.<\/li>\n<li>Anv\u00e4nd inte produkten under amning eller graviditet utan att r\u00e5dg\u00f6ra med l\u00e4kare.<\/li>\n<li>F\u00f6rvara produkten p\u00e5 en sval, torr plats i en v\u00e4l tillsluten f\u00f6rpackning utom r\u00e4ckh\u00e5ll f\u00f6r barn under 3 \u00e5r.<\/li>\n<li>Kan inneh\u00e5lla sp\u00e5r av mj\u00f6lk, havre, \u00e4gg, soja.<\/li>\n<li>Laktosfri och Glutenfri.<\/li>\n<\/ul>","protected":false},"excerpt":{"rendered":"<details>\n<summary>Ingredienser<\/summary>\n<table style=\"text-align: center\">\n<tbody>\n<tr>\n<th>Ingredienser<\/th>\n<th>per portion 4 cps<\/th>\n<th>%NRV<\/th>\n<\/tr>\n<tr>\n<td>D-asparaginsyra (DAA)<\/td>\n<td>1820 mg<\/td>\n<td><\/td>\n<\/tr>\n<tr>\n<td>N\u00e4ssla e.s\/ extrakt (Urtica Dioica, Folium)<\/td>\n<td>260 mg<\/td>\n<td><\/td>\n<\/tr>\n<tr>\n<td>Ingef\u00e4ra e.s\/ extrakt (Zingiber Officinale, Radix-Rhizoma)<\/td>\n<td>160 mg<\/td>\n<td><\/td>\n<\/tr>\n<tr>\n<td>Tribulus Terrestris e.s\/ extrakt fructus (90% tot. saponiner; 20% protodioscin)<\/td>\n<td>160 mg<\/td>\n<td><\/td>\n<\/tr>\n<tr>\n<td>Havre e.s\/ extrakt (200:1) (Avena Sativa, Fructus-Summitas)<\/td>\n<td>160 mg<\/td>\n<td><\/td>\n<\/tr>\n<tr>\n<td>Selen (natriumselenat)<\/td>\n<td>82,5 \u03bcg<\/td>\n<td>150%<\/td>\n<\/tr>\n<tr>\n<td>Vitamin D (kolekalciferol)<\/td>\n<td>10 \u03bcg<\/td>\n<td>200%<\/td>\n<\/tr>\n<tr>\n<td>Zink (zinkglukonat)<\/td>\n<td>12,5 mg<\/td>\n<td>125%<\/td>\n<\/tr>\n<tr>\n<td>Vitamin B6 (Pyridoxin-Hcl)<\/td>\n<td>2,8 mg<\/td>\n<td>200%<\/td>\n<\/tr>\n<tr>\n<td colspan=\"3\"><strong>\u00d6vriga ingredienser: <\/strong>stabiliseringsmedel (E953, E470b, E551), vegansk kapsel (E1204)<\/td>\n<\/tr>\n<tr>\n<td colspan=\"3\"><strong>*NRV: <\/strong> n\u00e4ringsm\u00e4ssigt referensv\u00e4rde<\/td>\n<\/tr>\n<\/tbody>\n<\/table>\n<\/details>\n<p>&nbsp;<\/p>","protected":false},"featured_media":13893,"template":"","meta":[],"product_cat":[154,308],"product_tag":[162,318],"class_list":{"0":"post-952","1":"product","2":"type-product","3":"status-publish","4":"has-post-thumbnail","6":"product_cat-gain-performance","7":"product_cat-strength-and-muscle-mass","8":"product_tag-gain-performance","9":"product_tag-strength-and-muscle-mass","11":"first","12":"instock","13":"taxable","14":"shipping-taxable","15":"purchasable","16":"product-type-simple"},"aioseo_notices":[],"_links":{"self":[{"href":"https:\/\/www.selfprotein.com\/sv\/wp-json\/wp\/v2\/product\/952"}],"collection":[{"href":"https:\/\/www.selfprotein.com\/sv\/wp-json\/wp\/v2\/product"}],"about":[{"href":"https:\/\/www.selfprotein.com\/sv\/wp-json\/wp\/v2\/types\/product"}],"wp:featuredmedia":[{"embeddable":true,"href":"https:\/\/www.selfprotein.com\/sv\/wp-json\/wp\/v2\/media\/13893"}],"wp:attachment":[{"href":"https:\/\/www.selfprotein.com\/sv\/wp-json\/wp\/v2\/media?parent=952"}],"wp:term":[{"taxonomy":"product_cat","embeddable":true,"href":"https:\/\/www.selfprotein.com\/sv\/wp-json\/wp\/v2\/product_cat?post=952"},{"taxonomy":"product_tag","embeddable":true,"href":"https:\/\/www.selfprotein.com\/sv\/wp-json\/wp\/v2\/product_tag?post=952"}],"curies":[{"name":"wp","href":"https:\/\/api.w.org\/{rel}","templated":true}]}}