{"id":955,"date":"2023-11-27T13:56:19","date_gmt":"2023-11-27T12:56:19","guid":{"rendered":"https:\/\/34.88.231.180\/product\/tyrosine\/"},"modified":"2026-05-01T00:24:06","modified_gmt":"2026-04-30T22:24:06","slug":"l-tyrosine","status":"publish","type":"product","link":"https:\/\/www.selfprotein.com\/sv\/produkt\/l-tyrosine\/","title":{"rendered":"L-Tyrosine"},"content":{"rendered":"<p style=\"text-align: left\" align=\"center\"><strong><span lang=\"en-US\">L-Tyrosine<\/span><\/strong><\/p>\n<p><span lang=\"en-US\">Tyrosin, en icke-essentiell aminosyra, kan produceras av kroppen sj\u00e4lv fr\u00e5n andra aminosyror och finns i m\u00e5nga proteinrika livsmedel som k\u00f6tt, mejeriprodukter och baljv\u00e4xter. Denna f\u00f6rening spelar en avg\u00f6rande roll i produktionen av olika neurotransmittorer som \u00e4r viktiga i hj\u00e4rnan, inklusive dopamin, epinefrin och norepinefrin, som p\u00e5verkar hum\u00f6r, motivation och kognitiva funktioner.<\/span><\/p>\n<p><span lang=\"en-US\">Produktens f\u00f6rdelar:<\/span><\/p>\n<ul>\n<li><strong><span lang=\"en-US\">F\u00f6rb\u00e4ttrad sinnesst\u00e4mning och kognitiv funktion:<\/span><\/strong><span lang=\"en-US\"> Tillskott med tyrosin kan bidra till att f\u00f6rb\u00e4ttra hum\u00f6ret och den kognitiva funktionen, s\u00e4rskilt hos personer som uts\u00e4tts f\u00f6r stress eller tr\u00f6tthet. Denna f\u00f6rdel kan h\u00e4nf\u00f6ras till tyrosins roll i syntesen av neurotransmittorer som reglerar s\u00e5dana processer.<\/span><\/li>\n<li><strong><span lang=\"en-US\">F\u00f6rb\u00e4ttring av atletisk prestation: <\/span><\/strong><span lang=\"en-US\">Att ta tyrosin kan bidra till \u00f6kad atletisk prestanda, s\u00e4rskilt under h\u00f6gintensiva \u00f6vningar. Denna effekt \u00e4r kopplad till tyrosins f\u00f6rm\u00e5ga att minska tr\u00f6tthet och f\u00f6rb\u00e4ttra koncentrationen, vilket ger en f\u00f6rdel under fysisk aktivitet.<\/span><\/li>\n<li><strong><span lang=\"en-US\">Undertryckande av aptiten:<\/span><\/strong><span lang=\"en-US\"> Tyrosin kan fungera som ett aptitd\u00e4mpande medel, vilket minskar matbeg\u00e4ret och underl\u00e4ttar viktkontroll. Detta kan vara s\u00e4rskilt anv\u00e4ndbart f\u00f6r dem som f\u00f6rs\u00f6ker hantera sin kost och g\u00e5 ner i vikt p\u00e5 ett h\u00e4lsosamt s\u00e4tt.<\/span><\/li>\n<li><strong><span lang=\"en-US\">St\u00f6d under p\u00e5frestande perioder: <\/span><\/strong><span lang=\"en-US\">Under perioder av fysisk eller psykisk stress kan tillskott med tyrosin bidra till att st\u00f6dja mental och fysisk h\u00e4lsa genom att f\u00f6rse hj\u00e4rnan med de n\u00e4rings\u00e4mnen som kr\u00e4vs f\u00f6r att uppr\u00e4tth\u00e5lla optimal funktion.<\/span><\/li>\n<li><strong><span lang=\"en-US\">Potential f\u00f6r behandling av hum\u00f6rst\u00f6rningar och kognitiva st\u00f6rningar:<\/span><\/strong><span lang=\"en-US\"> Viss forskning tyder p\u00e5 att anv\u00e4ndning av tyrosin kan vara till hj\u00e4lp f\u00f6r att hantera hum\u00f6rst\u00f6rningar och kognitiva problem relaterade till tillst\u00e5nd som depression eller ADHD (attention deficit hyperactivity disorder). Det kr\u00e4vs dock ytterligare studier f\u00f6r att bekr\u00e4fta dessa potentiella f\u00f6rdelar.<\/span><\/li>\n<\/ul>\n<p>&nbsp;<\/p>\n<p><strong><span lang=\"en-US\">Rekommenderad anv\u00e4ndning<\/span><\/strong><\/p>\n<p><span lang=\"en-US\">Ta 1 portion 30-45 minuter f\u00f6re fysisk aktivitet.<\/span><\/p>\n<p>&nbsp;<\/p>\n<p class=\"xmprfx_MsoNormal\"><b>Meddelande:<\/b><\/p>\n<ul>\n<li>Endast f\u00f6r vuxna och ers\u00e4tter inte en varierad och balanserad kost och en h\u00e4lsosam livsstil.<\/li>\n<li>\u00d6verskrid inte den rekommenderade dosen.<\/li>\n<li>Rekommenderad dos: 1 portion 30-45 minuter f\u00f6re tr\u00e4ning.<\/li>\n<li>Anv\u00e4nd inte produkten under amning eller graviditet utan att r\u00e5dg\u00f6ra med l\u00e4kare.<\/li>\n<li>F\u00f6rvara produkten p\u00e5 en sval, torr plats i en v\u00e4l tillsluten f\u00f6rpackning utom r\u00e4ckh\u00e5ll f\u00f6r barn under 3 \u00e5r.<\/li>\n<li>Kan inneh\u00e5lla sp\u00e5r av mj\u00f6lk, havre, \u00e4gg, soja.<\/li>\n<\/ul>","protected":false},"excerpt":{"rendered":"<details>\n<summary>Ingredienser<\/summary>\n<table style=\"text-align: center\">\n<tbody>\n<tr>\n<th>Ingredienser<\/th>\n<th>per portion<\/th>\n<\/tr>\n<tr>\n<td>L-Tyrosine<\/td>\n<td>3g<\/td>\n<\/tr>\n<\/tbody>\n<\/table>\n<\/details>\n<p>&nbsp;<\/p>","protected":false},"featured_media":14407,"template":"","meta":[],"product_cat":[151,310,217],"product_tag":[315,230],"class_list":{"0":"post-955","1":"product","2":"type-product","3":"status-publish","4":"has-post-thumbnail","6":"product_cat-amino-acids-creatine","7":"product_cat-performance-and-endurance","8":"product_cat-pre-workout-energy","9":"product_tag-performance-and-endurance","10":"product_tag-pre-workout-energy","12":"first","13":"instock","14":"taxable","15":"shipping-taxable","16":"purchasable","17":"product-type-simple"},"aioseo_notices":[],"_links":{"self":[{"href":"https:\/\/www.selfprotein.com\/sv\/wp-json\/wp\/v2\/product\/955"}],"collection":[{"href":"https:\/\/www.selfprotein.com\/sv\/wp-json\/wp\/v2\/product"}],"about":[{"href":"https:\/\/www.selfprotein.com\/sv\/wp-json\/wp\/v2\/types\/product"}],"wp:featuredmedia":[{"embeddable":true,"href":"https:\/\/www.selfprotein.com\/sv\/wp-json\/wp\/v2\/media\/14407"}],"wp:attachment":[{"href":"https:\/\/www.selfprotein.com\/sv\/wp-json\/wp\/v2\/media?parent=955"}],"wp:term":[{"taxonomy":"product_cat","embeddable":true,"href":"https:\/\/www.selfprotein.com\/sv\/wp-json\/wp\/v2\/product_cat?post=955"},{"taxonomy":"product_tag","embeddable":true,"href":"https:\/\/www.selfprotein.com\/sv\/wp-json\/wp\/v2\/product_tag?post=955"}],"curies":[{"name":"wp","href":"https:\/\/api.w.org\/{rel}","templated":true}]}}