{"id":958,"date":"2023-11-27T13:56:24","date_gmt":"2023-11-27T12:56:24","guid":{"rendered":"https:\/\/34.88.231.180\/product\/vitamin-c-liquid\/"},"modified":"2026-05-01T00:24:06","modified_gmt":"2026-04-30T22:24:06","slug":"vitamin-c-liquid","status":"publish","type":"product","link":"https:\/\/www.selfprotein.com\/sv\/produkt\/vitamin-c-liquid\/","title":{"rendered":"Vitamin C Liquid"},"content":{"rendered":"<p><strong>Produkt\u00f6versikt:<br \/>\n<\/strong><br \/>\nC-vitamin \u00e4r ett viktigt n\u00e4rings\u00e4mne som st\u00f6der immunsystemet, hudh\u00e4lsan och kollagenproduktionen. Denna kraftfulla antioxidant hj\u00e4lper till att skydda cellerna fr\u00e5n skador fr\u00e5n fria radikaler och st\u00f6der en sund immunfunktion. Det hj\u00e4lper ocks\u00e5 till att producera kollagen, vilket \u00e4r viktigt f\u00f6r att bibeh\u00e5lla h\u00e4lsan och utseendet p\u00e5 hud, h\u00e5r och naglar.<span class=\"Apple-converted-space\">\u00a0<\/span><\/p>\n<p><strong><span class=\"Apple-converted-space\">Viktiga f\u00f6rdelar:<\/span><\/strong><\/p>\n<ul>\n<li>Vitamin C Liquid inneh\u00e5ller 1000 mg C-vitamin per portion<\/li>\n<li>Levereras i en bekv\u00e4m flytande form<\/li>\n<li>Kraftfull antioxidant<\/li>\n<li>Viktigt f\u00f6r kollagenproduktionen<\/li>\n<\/ul>\n<p>&nbsp;<\/p>\n<p class=\"xmprfx_MsoNormal\"><b>Meddelande:<\/b><\/p>\n<ul>\n<li>Endast f\u00f6r vuxna och ers\u00e4tter inte en varierad och balanserad kost och en h\u00e4lsosam livsstil.<\/li>\n<li>\u00d6verskrid inte den rekommenderade dosen.<\/li>\n<li>Rekommenderad dos: 20 ml per dag.<\/li>\n<li>Anv\u00e4nd inte produkten under amning eller graviditet utan att r\u00e5dg\u00f6ra med l\u00e4kare.<\/li>\n<li>F\u00f6rvara produkten p\u00e5 en sval, torr plats i en v\u00e4l tillsluten f\u00f6rpackning utom r\u00e4ckh\u00e5ll f\u00f6r barn under 3 \u00e5r.<\/li>\n<li>Kan inneh\u00e5lla sp\u00e5r av mj\u00f6lk, havre, \u00e4gg, soja.<\/li>\n<li>Laktosfri och Glutenfri.<\/li>\n<\/ul>","protected":false},"excerpt":{"rendered":"<details>\n<summary>Ingredienser<\/summary>\n<table style=\"text-align: center;\">\n<tbody>\n<tr>\n<th>Ingredienser<\/th>\n<th>100 ml<\/th>\n<th>per portion 20ml<\/th>\n<th>%NRV* per portion<\/th>\n<\/tr>\n<tr>\n<td>Vitamin C<\/td>\n<td>25000 mg<\/td>\n<td>1000 mg<\/td>\n<td>1250<\/td>\n<\/tr>\n<tr>\n<td colspan=\"4\"><strong>\u00d6vriga ingredienser: <\/strong>vatten, kalciumaskorbat, l-askorbinsyra, konserveringsmedel (E211, E202), smak\u00e4mnen, s\u00f6tningsmedel (E955)<\/td>\n<\/tr>\n<tr>\n<td colspan=\"4\"><strong>*%NRV: <\/strong>n\u00e4ringsm\u00e4ssigt referensv\u00e4rde<\/td>\n<\/tr>\n<\/tbody>\n<\/table>\n<\/details>\n<p>&nbsp;<\/p>","protected":false},"featured_media":959,"template":"","meta":[],"product_cat":[312,214],"product_tag":[314,258],"class_list":{"0":"post-958","1":"product","2":"type-product","3":"status-publish","4":"has-post-thumbnail","6":"product_cat-health-and-wellness","7":"product_cat-vitamins-wellness","8":"product_tag-health-and-wellness","9":"product_tag-vitamins-wellness","11":"first","12":"instock","13":"sale","14":"taxable","15":"shipping-taxable","16":"purchasable","17":"product-type-simple"},"aioseo_notices":[],"_links":{"self":[{"href":"https:\/\/www.selfprotein.com\/sv\/wp-json\/wp\/v2\/product\/958"}],"collection":[{"href":"https:\/\/www.selfprotein.com\/sv\/wp-json\/wp\/v2\/product"}],"about":[{"href":"https:\/\/www.selfprotein.com\/sv\/wp-json\/wp\/v2\/types\/product"}],"wp:featuredmedia":[{"embeddable":true,"href":"https:\/\/www.selfprotein.com\/sv\/wp-json\/wp\/v2\/media\/959"}],"wp:attachment":[{"href":"https:\/\/www.selfprotein.com\/sv\/wp-json\/wp\/v2\/media?parent=958"}],"wp:term":[{"taxonomy":"product_cat","embeddable":true,"href":"https:\/\/www.selfprotein.com\/sv\/wp-json\/wp\/v2\/product_cat?post=958"},{"taxonomy":"product_tag","embeddable":true,"href":"https:\/\/www.selfprotein.com\/sv\/wp-json\/wp\/v2\/product_tag?post=958"}],"curies":[{"name":"wp","href":"https:\/\/api.w.org\/{rel}","templated":true}]}}