{"id":961,"date":"2023-11-27T13:56:25","date_gmt":"2023-11-27T12:56:25","guid":{"rendered":"https:\/\/34.88.231.180\/product\/vitamin-c-pro\/"},"modified":"2026-05-01T00:24:06","modified_gmt":"2026-04-30T22:24:06","slug":"vitamin-c-pro","status":"publish","type":"product","link":"https:\/\/www.selfprotein.com\/sv\/produkt\/vitamin-c-pro\/","title":{"rendered":"Vitamin C Pro"},"content":{"rendered":"<p style=\"text-align: left;\" align=\"center\"><strong><span lang=\"en-US\">Vitamin C Pro<\/span><\/strong><\/p>\n<p><span lang=\"en-US\">C-vitamin, \u00e4ven k\u00e4nt som askorbinsyra, \u00e4r ett vattenl\u00f6sligt vitamin som \u00e4r viktigt f\u00f6r olika kroppsfunktioner. Detta tillskott erbjuder en koncentrerad l\u00f6sning f\u00f6r att s\u00e4kerst\u00e4lla ett tillr\u00e4ckligt intag av C-vitamin, vilket \u00e4r avg\u00f6rande f\u00f6r att uppr\u00e4tth\u00e5lla h\u00e4lsan.<\/span><\/p>\n<p><span lang=\"en-US\">F\u00f6rdelar med vitamin C Pro:<\/span><\/p>\n<ul>\n<li><strong><span lang=\"en-US\">Kraftfull antioxidant:<\/span><\/strong><span lang=\"en-US\"> C-vitamin fungerar som en effektiv antioxidant och skyddar cellerna fr\u00e5n skador som orsakas av fria radikaler, som kan uppst\u00e5 till f\u00f6ljd av milj\u00f6faktorer som f\u00f6roreningar och UV-str\u00e5lning.<\/span><\/li>\n<li><strong><span lang=\"en-US\">Kollagenproduktion<\/span><\/strong><span lang=\"en-US\"><strong>:<\/strong> C-vitamin \u00e4r viktigt f\u00f6r kollagensyntesen och bidrar till h\u00e4lsan hos hud, ben och bindv\u00e4v. Det hj\u00e4lper till att bibeh\u00e5lla elastisk hud, starka ben och fr\u00e4mjar s\u00e5rl\u00e4kning.<\/span><\/li>\n<li><strong><span lang=\"en-US\">Absorption av j\u00e4rn<\/span><\/strong><span lang=\"en-US\"><strong>:<\/strong> C-vitamin underl\u00e4ttar upptaget av j\u00e4rn fr\u00e5n vegetabiliska k\u00e4llor i kosten. Detta \u00e4r s\u00e4rskilt viktigt f\u00f6r personer som f\u00f6ljer en vegetarisk eller vegansk diet, d\u00e4r v\u00e4xtbaserat j\u00e4rn \u00e4r den viktigaste k\u00e4llan till detta mineral.<\/span><\/li>\n<li><strong><span lang=\"en-US\">St\u00f6d f\u00f6r immunsystemet:<\/span><\/strong><span lang=\"en-US\"> C-vitamin \u00e4r involverat i immunsystemet och bidrar till att skydda kroppen mot infektioner. Ett tillr\u00e4ckligt intag av C-vitamin kan hj\u00e4lpa till att st\u00e4rka kroppens f\u00f6rsvar mot patogener som bakterier och virus.<\/span><\/li>\n<\/ul>\n<p>&nbsp;<\/p>\n<p><span lang=\"en-US\">Med Vitamin C Pro kan du s\u00e4kerst\u00e4lla ett optimalt intag av C-vitamin och d\u00e4rigenom st\u00f6dja den allm\u00e4nna h\u00e4lsan och v\u00e4lbefinnandet.<\/span><\/p>\n<p><strong><span lang=\"en-US\">Rekommenderad anv\u00e4ndning<\/span><\/strong><\/p>\n<p><span lang=\"en-US\">1 tablett per dag.<\/span><\/p>\n<p class=\"xmprfx_MsoNormal\"><b>Meddelande:<\/b><\/p>\n<ul>\n<li>Endast f\u00f6r vuxna och ers\u00e4tter inte en varierad och balanserad kost och en h\u00e4lsosam livsstil.<\/li>\n<li>\u00d6verskrid inte den rekommenderade dosen.<\/li>\n<li>Anv\u00e4nd inte produkten under amning eller graviditet utan att r\u00e5dg\u00f6ra med l\u00e4kare.<\/li>\n<li>F\u00f6rvara produkten p\u00e5 en sval, torr plats i en v\u00e4l tillsluten f\u00f6rpackning utom r\u00e4ckh\u00e5ll f\u00f6r barn under 3 \u00e5r.<\/li>\n<li>Kan inneh\u00e5lla sp\u00e5r av \u00e4gg, soja, havre, mj\u00f6lk.<\/li>\n<li>Laktosfri och Glutenfri.<\/li>\n<\/ul>","protected":false},"excerpt":{"rendered":"<details>\n<summary>Ingredienser<\/summary>\n<table style=\"text-align: center;\">\n<tbody>\n<tr>\n<th>Ingredienser<\/th>\n<th>per 1tab<\/th>\n<\/tr>\n<tr>\n<td>Vitamin C (askorbinsyra)<\/td>\n<td>1000 mg(1250%*)<\/td>\n<\/tr>\n<tr>\n<td>NAC (N-Acetyl-Cystein)<\/td>\n<td>84 mg<\/td>\n<\/tr>\n<tr>\n<td>Vitamin D (Cholecalciferol D3)<\/td>\n<td>45\u03bcg (900%*)<\/td>\n<\/tr>\n<tr>\n<td colspan=\"2\"><strong>\u00d6vriga ingredienser: <\/strong>stabiliseringsmedel (E953, E470b)<\/td>\n<\/tr>\n<tr>\n<td colspan=\"2\"><strong>*%NRV: <\/strong>n\u00e4ringsm\u00e4ssigt referensv\u00e4rde<\/td>\n<\/tr>\n<\/tbody>\n<\/table>\n<\/details>\n<p>&nbsp;<\/p>","protected":false},"featured_media":11870,"template":"","meta":[],"product_cat":[312,214],"product_tag":[314,258],"class_list":{"0":"post-961","1":"product","2":"type-product","3":"status-publish","4":"has-post-thumbnail","6":"product_cat-health-and-wellness","7":"product_cat-vitamins-wellness","8":"product_tag-health-and-wellness","9":"product_tag-vitamins-wellness","11":"first","12":"instock","13":"sale","14":"taxable","15":"shipping-taxable","16":"purchasable","17":"product-type-simple"},"aioseo_notices":[],"_links":{"self":[{"href":"https:\/\/www.selfprotein.com\/sv\/wp-json\/wp\/v2\/product\/961"}],"collection":[{"href":"https:\/\/www.selfprotein.com\/sv\/wp-json\/wp\/v2\/product"}],"about":[{"href":"https:\/\/www.selfprotein.com\/sv\/wp-json\/wp\/v2\/types\/product"}],"wp:featuredmedia":[{"embeddable":true,"href":"https:\/\/www.selfprotein.com\/sv\/wp-json\/wp\/v2\/media\/11870"}],"wp:attachment":[{"href":"https:\/\/www.selfprotein.com\/sv\/wp-json\/wp\/v2\/media?parent=961"}],"wp:term":[{"taxonomy":"product_cat","embeddable":true,"href":"https:\/\/www.selfprotein.com\/sv\/wp-json\/wp\/v2\/product_cat?post=961"},{"taxonomy":"product_tag","embeddable":true,"href":"https:\/\/www.selfprotein.com\/sv\/wp-json\/wp\/v2\/product_tag?post=961"}],"curies":[{"name":"wp","href":"https:\/\/api.w.org\/{rel}","templated":true}]}}