{"id":967,"date":"2023-11-27T13:56:34","date_gmt":"2023-11-27T12:56:34","guid":{"rendered":"https:\/\/34.88.231.180\/product\/vitamin-d\/"},"modified":"2026-04-01T00:00:33","modified_gmt":"2026-03-31T22:00:33","slug":"vitamin-d","status":"publish","type":"product","link":"https:\/\/www.selfprotein.com\/sv\/produkt\/vitamin-d\/","title":{"rendered":"Vitamin D"},"content":{"rendered":"<p style=\"text-align: left;\" align=\"center\"><strong><span lang=\"en-US\">Vitamin D<\/span><\/strong><\/p>\n<p><span lang=\"en-US\">D-vitamin \u00e4r ett viktigt n\u00e4rings\u00e4mne f\u00f6r m\u00e5nga viktiga kroppsfunktioner, inklusive benh\u00e4lsa, immunsystemets effektivitet och muskelfunktion. Detta fettl\u00f6sliga vitamin kan syntetiseras av kroppen n\u00e4r huden uts\u00e4tts f\u00f6r solljus, men det finns ocks\u00e5 i vissa livsmedel och kosttillskott.<\/span><\/p>\n<p><span lang=\"en-US\">F\u00f6rdelarna med vitamin D inkluderar:<\/span><\/p>\n<ul>\n<li><strong><span lang=\"en-US\">Optimal benh\u00e4lsa:<\/span><\/strong><span lang=\"en-US\"> D-vitamin fr\u00e4mjar upptaget av kalcium och fosfor fr\u00e5n maten, vilket \u00e4r viktiga best\u00e5ndsdelar f\u00f6r benh\u00e4lsa och benstyrka. Dess n\u00e4rvaro hj\u00e4lper till att f\u00f6rebygga tillst\u00e5nd som osteoporos och osteomalaci.<\/span><\/li>\n<li><strong><span lang=\"en-US\">F\u00f6rb\u00e4ttrat immunf\u00f6rsvar:<\/span><\/strong><span lang=\"en-US\"> D-vitamin spelar en avg\u00f6rande roll i regleringen av immunsystemet och hj\u00e4lper kroppen att bek\u00e4mpa infektioner och sjukdomar. Brist p\u00e5 D-vitamin kan f\u00f6rs\u00e4mra kroppens immunf\u00f6rsvar.<\/span><\/li>\n<li><strong><span lang=\"en-US\">F\u00f6rb\u00e4ttrad muskelfunktion:<\/span><\/strong><span lang=\"en-US\"> Tillr\u00e4cklig tillg\u00e5ng till D-vitamin \u00e4r f\u00f6rknippad med b\u00e4ttre muskelfunktion och muskelstyrka. Detta kan bidra till att minska risken f\u00f6r fall och frakturer, s\u00e4rskilt hos \u00e4ldre.<\/span><\/li>\n<li><strong><span lang=\"en-US\">Kardiovaskul\u00e4ra f\u00f6rdelar:<\/span><\/strong><span lang=\"en-US\"> Viss forskning tyder p\u00e5 att tillr\u00e4ckliga niv\u00e5er av D-vitamin kan vara f\u00f6rknippade med en minskad risk f\u00f6r hj\u00e4rt-k\u00e4rlsjukdomar, inklusive hj\u00e4rtinfarkt och stroke.<\/span><\/li>\n<li><strong><span lang=\"en-US\">Kognitivt st\u00f6d:<\/span><\/strong><span lang=\"en-US\"> Prelimin\u00e4ra studier tyder p\u00e5 att D-vitamin kan spela en roll f\u00f6r att f\u00f6rebygga kognitiva st\u00f6rningar och demens p\u00e5 \u00e4ldre dagar, \u00e4ven om det kr\u00e4vs ytterligare forskning f\u00f6r att bekr\u00e4fta dessa f\u00f6rdelar.<\/span><\/li>\n<\/ul>\n<p>&nbsp;<\/p>\n<p><span lang=\"en-US\">Att s\u00e4kerst\u00e4lla optimala niv\u00e5er av D-vitamin genom en kombination av s\u00e4ker solexponering, balanserad kost och, vid behov, kosttillskott kan bidra till att st\u00f6dja den allm\u00e4nna h\u00e4lsan och v\u00e4lbefinnandet.<\/span><\/p>\n<p><strong><span lang=\"en-US\">Rekommenderad anv\u00e4ndning<\/span><\/strong><\/p>\n<p><span lang=\"en-US\">1 tablett per dag.<\/span><\/p>\n<p class=\"xmprfx_MsoNormal\"><b>Meddelande:<\/b><\/p>\n<ul>\n<li>Endast f\u00f6r vuxna och ers\u00e4tter inte en varierad och balanserad kost och en h\u00e4lsosam livsstil.<\/li>\n<li>\u00d6verskrid inte den rekommenderade dosen.<\/li>\n<li>Anv\u00e4nd inte produkten under amning eller graviditet utan att r\u00e5dg\u00f6ra med l\u00e4kare.<\/li>\n<li>F\u00f6rvara produkten p\u00e5 en sval, torr plats i en v\u00e4l tillsluten f\u00f6rpackning utom r\u00e4ckh\u00e5ll f\u00f6r barn under 3 \u00e5r.<\/li>\n<li>Kan inneh\u00e5lla sp\u00e5r av mj\u00f6lk, havre, \u00e4gg, soja.<\/li>\n<li>Laktosfri och Glutenfri.<\/li>\n<\/ul>","protected":false},"excerpt":{"rendered":"<details>\n<summary>Ingredienser<\/summary>\n<table style=\"text-align: center;\">\n<tbody>\n<tr>\n<th>Ingredienser<\/th>\n<th>per 1 tablett<\/th>\n<\/tr>\n<tr>\n<td>Vitamin D (kolekalciferol)<\/td>\n<td>50 \u03bcg (1000%NRV*)<\/td>\n<\/tr>\n<tr>\n<td colspan=\"2\"><strong>\u00d6vriga ingredienser: <\/strong>stabiliseringsmedel (E460, E953, E470b)<\/td>\n<\/tr>\n<tr>\n<td colspan=\"2\"><strong>*%NRV: <\/strong>n\u00e4ringsm\u00e4ssigt referensv\u00e4rde<\/td>\n<\/tr>\n<\/tbody>\n<\/table>\n<\/details>\n<p>&nbsp;<\/p>","protected":false},"featured_media":13884,"template":"","meta":[],"product_cat":[312,214],"product_tag":[314,258],"class_list":{"0":"post-967","1":"product","2":"type-product","3":"status-publish","4":"has-post-thumbnail","6":"product_cat-health-and-wellness","7":"product_cat-vitamins-wellness","8":"product_tag-health-and-wellness","9":"product_tag-vitamins-wellness","11":"first","12":"instock","13":"taxable","14":"shipping-taxable","15":"purchasable","16":"product-type-simple"},"aioseo_notices":[],"_links":{"self":[{"href":"https:\/\/www.selfprotein.com\/sv\/wp-json\/wp\/v2\/product\/967"}],"collection":[{"href":"https:\/\/www.selfprotein.com\/sv\/wp-json\/wp\/v2\/product"}],"about":[{"href":"https:\/\/www.selfprotein.com\/sv\/wp-json\/wp\/v2\/types\/product"}],"wp:featuredmedia":[{"embeddable":true,"href":"https:\/\/www.selfprotein.com\/sv\/wp-json\/wp\/v2\/media\/13884"}],"wp:attachment":[{"href":"https:\/\/www.selfprotein.com\/sv\/wp-json\/wp\/v2\/media?parent=967"}],"wp:term":[{"taxonomy":"product_cat","embeddable":true,"href":"https:\/\/www.selfprotein.com\/sv\/wp-json\/wp\/v2\/product_cat?post=967"},{"taxonomy":"product_tag","embeddable":true,"href":"https:\/\/www.selfprotein.com\/sv\/wp-json\/wp\/v2\/product_tag?post=967"}],"curies":[{"name":"wp","href":"https:\/\/api.w.org\/{rel}","templated":true}]}}