{"id":970,"date":"2023-11-27T13:56:39","date_gmt":"2023-11-27T12:56:39","guid":{"rendered":"https:\/\/34.88.231.180\/product\/waterloss\/"},"modified":"2026-05-01T00:24:08","modified_gmt":"2026-04-30T22:24:08","slug":"waterloss-fyto-slim","status":"publish","type":"product","link":"https:\/\/www.selfprotein.com\/sv\/produkt\/waterloss-fyto-slim\/","title":{"rendered":"Waterloss Fyto Slim"},"content":{"rendered":"<p style=\"text-align: left;\" align=\"center\"><strong>Waterloss Fyto Slim<\/strong><\/p>\n<p><span lang=\"en-US\">Waterloss Fyto Slim \u00e4r ett tillskott formulerat f\u00f6r att motverka v\u00e4tskeretention i kroppen genom en blandning av utvalda v\u00e4xtextrakt. Waterloss \u00e4r utformat f\u00f6r att fr\u00e4mja dr\u00e4nering av \u00f6verfl\u00f6diga v\u00e4tskor och st\u00f6dja kroppens reng\u00f6ringsfunktioner, och presenterar sig som en naturlig l\u00f6sning f\u00f6r att f\u00f6rb\u00e4ttra det allm\u00e4nna v\u00e4lbefinnandet och minska uppbl\u00e5sthet orsakad av v\u00e4tskeretention.<\/span><\/p>\n<p><span lang=\"en-US\">Produktens f\u00f6rdelar:<\/span><\/p>\n<ul>\n<li><strong><span lang=\"en-US\">Dr\u00e4nering av \u00f6verfl\u00f6diga v\u00e4tskor: <\/span><\/strong><span lang=\"en-US\">Waterloss riktar sig effektivt mot de faktorer som \u00e4r ansvariga f\u00f6r v\u00e4tskeretention i kroppen, vilket underl\u00e4ttar dr\u00e4neringen av \u00f6verfl\u00f6diga v\u00e4tskor och minskar uppbl\u00e5sthet.<\/span><\/li>\n<li><strong><span lang=\"en-US\">St\u00f6d f\u00f6r reng\u00f6ringsfunktioner:<\/span><\/strong><span lang=\"en-US\"> Tack vare sin v\u00e4xtbaserade sammans\u00e4ttning st\u00f6der Waterloss kroppens renande funktioner och hj\u00e4lper till att eliminera ackumulerade toxiner och metaboliskt avfall.<\/span><\/li>\n<li><strong><span lang=\"en-US\">Minskning av uppbl\u00e5sthet:<\/span><\/strong><span lang=\"en-US\"> Waterloss fr\u00e4mjar dr\u00e4neringen av \u00f6verfl\u00f6diga v\u00e4tskor och bidrar till att minska uppbl\u00e5sthet, f\u00f6rb\u00e4ttra komforten och k\u00e4nslan av l\u00e4tthet.<\/span><\/li>\n<li><strong><span lang=\"en-US\">Gluten- och laktosfri:<\/span><\/strong><span lang=\"en-US\"> Waterloss \u00e4r fri fr\u00e5n gluten och laktos, vilket g\u00f6r den l\u00e4mplig f\u00f6r dem som f\u00f6ljer en diet utan dessa komponenter och s\u00e4kerst\u00e4ller st\u00f6rre kompatibilitet f\u00f6r en m\u00e4ngd olika anv\u00e4ndare.<\/span><\/li>\n<\/ul>\n<p><\/p>\n<p><strong><span lang=\"en-US\">Rekommenderad anv\u00e4ndning<\/span><\/strong><\/p>\n<p><span lang=\"en-US\">2 kapslar f\u00f6re frukost, lunch och middag.<\/span>\n<\/p>\n<p><\/p>\n<p class=\"xmprfx_MsoNormal\"><b>Meddelande:<\/b><\/p>\n<ul>\n<li>Endast f\u00f6r vuxna och ers\u00e4tter inte en varierad och balanserad kost och en h\u00e4lsosam livsstil.<\/li>\n<li>\u00d6verskrid inte den rekommenderade dosen.<\/li>\n<li>Anv\u00e4nd inte produkten under amning eller graviditet utan att r\u00e5dg\u00f6ra med l\u00e4kare.<\/li>\n<li>F\u00f6rvara produkten p\u00e5 en sval, torr plats i en v\u00e4l tillsluten f\u00f6rpackning utom r\u00e4ckh\u00e5ll f\u00f6r barn under 3 \u00e5r.<\/li>\n<li>Kan inneh\u00e5lla sp\u00e5r av \u00e4gg, soja, havre, mj\u00f6lk.<\/li>\n<li>Laktosfri och Glutenfri.<\/li>\n<\/ul>","protected":false},"excerpt":{"rendered":"<details>\n<summary>Ingredienser<\/summary>\n<table style=\"text-align: center;\">\n<tbody>\n<tr>\n<th>Ingredienser<\/th>\n<th>per 6cps<\/th>\n<\/tr>\n<tr>\n<td>Fikonkaktus e.s\/extrakt (Opuntia Ficus-Indica-Cladodium, fructus)<\/td>\n<td>1500 mg<\/td>\n<\/tr>\n<tr>\n<td>Maskros e.s.\/extrakt (200:1) Taraxacum Officinale, radix)<\/td>\n<td>852 mg<\/td>\n<\/tr>\n<tr>\n<td>Hallon e.s\/ extrakt (Rubus Ideas, fructus)<\/td>\n<td>690 mg<\/td>\n<\/tr>\n<tr>\n<td>Schizandra e.s\/ extrakt (9% Schisandris) (Schisandra Chinensis, fructus)<\/td>\n<td>510 mg<\/td>\n<\/tr>\n<tr>\n<td>Yerba Mate e.s\/ extrakt (Ilex Paraguariensis, Folium)<\/td>\n<td>372 mg<\/td>\n<\/tr>\n<tr>\n<td>B\u00e4rb\u00e4rsblad e.s\/extrakt<\/td>\n<td>276 mg<\/td>\n<\/tr>\n<tr>\n<td colspan=\"2\"><strong>\u00d6vriga ingredienser: <\/strong>vegansk kapsel (E1204), stabiliseringsmedel (E953, E470b, E551)<\/td>\n<\/tr>\n<tr>\n<td colspan=\"2\"><strong>*%NRV: <\/strong>dagligt referensv\u00e4rde f\u00f6r n\u00e4rings\u00e4mnen<\/td>\n<\/tr>\n<\/tbody>\n<\/table>\n<\/details>\n<p>&nbsp;<\/p>","protected":false},"featured_media":5625,"template":"","meta":[],"product_cat":[155,309],"product_tag":[163,319],"class_list":{"0":"post-970","1":"product","2":"type-product","3":"status-publish","4":"has-post-thumbnail","6":"product_cat-weight-control-metabolism","7":"product_cat-weight-management-and-definition","8":"product_tag-weight-control-metabolism","9":"product_tag-weight-management-and-definition","11":"first","12":"instock","13":"taxable","14":"shipping-taxable","15":"purchasable","16":"product-type-simple"},"aioseo_notices":[],"_links":{"self":[{"href":"https:\/\/www.selfprotein.com\/sv\/wp-json\/wp\/v2\/product\/970"}],"collection":[{"href":"https:\/\/www.selfprotein.com\/sv\/wp-json\/wp\/v2\/product"}],"about":[{"href":"https:\/\/www.selfprotein.com\/sv\/wp-json\/wp\/v2\/types\/product"}],"wp:featuredmedia":[{"embeddable":true,"href":"https:\/\/www.selfprotein.com\/sv\/wp-json\/wp\/v2\/media\/5625"}],"wp:attachment":[{"href":"https:\/\/www.selfprotein.com\/sv\/wp-json\/wp\/v2\/media?parent=970"}],"wp:term":[{"taxonomy":"product_cat","embeddable":true,"href":"https:\/\/www.selfprotein.com\/sv\/wp-json\/wp\/v2\/product_cat?post=970"},{"taxonomy":"product_tag","embeddable":true,"href":"https:\/\/www.selfprotein.com\/sv\/wp-json\/wp\/v2\/product_tag?post=970"}],"curies":[{"name":"wp","href":"https:\/\/api.w.org\/{rel}","templated":true}]}}