{"id":973,"date":"2023-11-27T13:56:43","date_gmt":"2023-11-27T12:56:43","guid":{"rendered":"https:\/\/34.88.231.180\/product\/whey-protein-shake\/"},"modified":"2026-04-01T00:00:45","modified_gmt":"2026-03-31T22:00:45","slug":"whey-protein-shake","status":"publish","type":"product","link":"https:\/\/www.selfprotein.com\/sv\/produkt\/whey-protein-shake\/","title":{"rendered":"Whey Protein Shake"},"content":{"rendered":"<p style=\"text-align: left\" align=\"center\"><strong><span lang=\"en-US\">Whey Protein Shake<\/span><\/strong><\/p>\n<p><span lang=\"en-US\">Kosttillskott med vassleprotein, \u00e4ven k\u00e4nt som vassleproteinkoncentrat (WPC), \u00e4r ett mycket popul\u00e4rt val bland idrottare och de som vill \u00f6ka sitt proteinintag f\u00f6r olika m\u00e5l, inklusive muskeltillv\u00e4xt, \u00e5terh\u00e4mtning efter tr\u00e4ning och viktminskning. Vassleproteinkoncentrat \u00e4r en av de vanligaste formerna av dessa kosttillskott och framst\u00e4lls genom en filtreringsprocess som avl\u00e4gsnar en del av det fett och den laktos som finns i vassle, samtidigt som proteininneh\u00e5llet koncentreras.<\/span><\/p>\n<p><span lang=\"en-US\">H\u00e4r \u00e4r f\u00f6rdelarna med Whey Protein Shake-tillskott:<\/span><\/p>\n<ul>\n<li><strong><span lang=\"en-US\">Muskeltillv\u00e4xt:<\/span><\/strong><span lang=\"en-US\"> Vassleproteinkoncentrat ger en h\u00f6g koncentration av proteiner som \u00e4r n\u00f6dv\u00e4ndiga f\u00f6r proteinsyntesen och muskeltillv\u00e4xten.<\/span><\/li>\n<li><strong><span lang=\"en-US\">\u00c5terh\u00e4mtning efter tr\u00e4ningen:<\/span><\/strong><span lang=\"en-US\"> P\u00e5 grund av sin snabba matsm\u00e4ltning och absorption \u00e4r WPC ett idealiskt alternativ f\u00f6r konsumtion efter tr\u00e4ning, vilket ger de n\u00f6dv\u00e4ndiga n\u00e4rings\u00e4mnena f\u00f6r muskel\u00e5terh\u00e4mtning.<\/span><\/li>\n<li><strong><span lang=\"en-US\">Viktminskning:<\/span><\/strong><span lang=\"en-US\"> Att komplettera kosten med vassleproteinkoncentrat kan hj\u00e4lpa till vid viktminskning genom att tillhandah\u00e5lla en mager proteink\u00e4lla och bidra till en k\u00e4nsla av m\u00e4ttnad.<\/span><\/li>\n<li><strong><span lang=\"en-US\">H\u00f6gkvalitativt protein:<\/span><\/strong><span lang=\"en-US\"> Vassleproteiner anses vara av h\u00f6g kvalitet eftersom de inneh\u00e5ller alla essentiella aminosyror, som \u00e4r avg\u00f6rande f\u00f6r flera kroppsfunktioner.<\/span><\/li>\n<li><strong><span lang=\"en-US\">Enkel matsm\u00e4ltning: <\/span><\/strong><span lang=\"en-US\">WPC \u00e4r k\u00e4nt f\u00f6r att vara l\u00e4tt att sm\u00e4lta, vilket g\u00f6r proteinabsorptionen effektivare och minskar risken f\u00f6r gastrointestinala besv\u00e4r.<\/span><\/li>\n<li><strong><span lang=\"en-US\">Snabb absorption:<\/span><\/strong><span lang=\"en-US\"> Den snabba assimileringen av vassleproteiner g\u00f6r att kroppen kan anv\u00e4nda n\u00e4rings\u00e4mnena snabbt, vilket optimerar perioden efter tr\u00e4ningen.<\/span><\/li>\n<\/ul>\n<p>&nbsp;<\/p>\n<p><strong><span lang=\"en-US\">Rekommenderad anv\u00e4ndning<\/span><\/strong><\/p>\n<p><span lang=\"en-US\">1 till 3 portioner per dag beroende p\u00e5 behov och med h\u00e4nsyn till andra proteink\u00e4llor i kosten.<\/span><\/p>\n<p>&nbsp;<\/p>\n<p><b>Meddelande:<\/b><\/p>\n<ul>\n<li>Endast f\u00f6r vuxna och ers\u00e4tter inte en varierad och balanserad kost och en h\u00e4lsosam livsstil.<\/li>\n<li>\u00d6verskrid inte den rekommenderade dosen.<\/li>\n<li>Rekommenderad dos: 1-3 portioner per dag beroende p\u00e5 behov och med h\u00e4nsyn till andra proteink\u00e4llor som ing\u00e5r i kosten.<\/li>\n<li>Anv\u00e4nd inte produkten under amning eller graviditet utan att r\u00e5dg\u00f6ra med l\u00e4kare.<\/li>\n<li>F\u00f6rvara produkten p\u00e5 en sval, torr plats i en v\u00e4l tillsluten f\u00f6rpackning utom r\u00e4ckh\u00e5ll f\u00f6r barn under 3 \u00e5r.<\/li>\n<li>Kan inneh\u00e5lla sp\u00e5r av havre, \u00e4gg, soja.<\/li>\n<li>Glutenfri.<\/li>\n<\/ul>","protected":false},"excerpt":{"rendered":"<p>Whey Protein Shake Kosttillskott med vassleprotein, \u00e4ven k\u00e4nt som vassleproteinkoncentrat (WPC), \u00e4r ett mycket popul\u00e4rt val bland idrottare och de som vill \u00f6ka sitt proteinintag f\u00f6r olika m\u00e5l, inklusive muskeltillv\u00e4xt, \u00e5terh\u00e4mtning efter tr\u00e4ning och viktminskning. Vassleproteinkoncentrat sticker ut som en av de vanligaste formerna av dessa kosttillskott, erh\u00e5llen [...]].<\/p>","protected":false},"featured_media":5659,"template":"","meta":[],"product_cat":[158],"product_tag":[18],"class_list":{"0":"post-973","1":"product","2":"type-product","3":"status-publish","4":"has-post-thumbnail","6":"product_cat-proteins","7":"product_tag-proteins","9":"first","10":"instock","11":"taxable","12":"shipping-taxable","13":"purchasable","14":"product-type-variable"},"aioseo_notices":[],"_links":{"self":[{"href":"https:\/\/www.selfprotein.com\/sv\/wp-json\/wp\/v2\/product\/973"}],"collection":[{"href":"https:\/\/www.selfprotein.com\/sv\/wp-json\/wp\/v2\/product"}],"about":[{"href":"https:\/\/www.selfprotein.com\/sv\/wp-json\/wp\/v2\/types\/product"}],"wp:featuredmedia":[{"embeddable":true,"href":"https:\/\/www.selfprotein.com\/sv\/wp-json\/wp\/v2\/media\/5659"}],"wp:attachment":[{"href":"https:\/\/www.selfprotein.com\/sv\/wp-json\/wp\/v2\/media?parent=973"}],"wp:term":[{"taxonomy":"product_cat","embeddable":true,"href":"https:\/\/www.selfprotein.com\/sv\/wp-json\/wp\/v2\/product_cat?post=973"},{"taxonomy":"product_tag","embeddable":true,"href":"https:\/\/www.selfprotein.com\/sv\/wp-json\/wp\/v2\/product_tag?post=973"}],"curies":[{"name":"wp","href":"https:\/\/api.w.org\/{rel}","templated":true}]}}