{"id":995,"date":"2023-11-27T13:57:37","date_gmt":"2023-11-27T12:57:37","guid":{"rendered":"https:\/\/34.88.231.180\/product\/zinc\/"},"modified":"2026-05-01T00:24:09","modified_gmt":"2026-04-30T22:24:09","slug":"zinc","status":"publish","type":"product","link":"https:\/\/www.selfprotein.com\/sv\/produkt\/zinc\/","title":{"rendered":"Zinc"},"content":{"rendered":"<p><strong><span lang=\"en-US\">Zinc<\/span><\/strong><\/p>\n<p><span lang=\"en-US\">Zink \u00e4r en essentiell mineral som har flera h\u00e4lsof\u00f6rdelar.<\/span><\/p>\n<p><span lang=\"en-US\">Att s\u00e4kerst\u00e4lla ett tillr\u00e4ckligt intag av zink genom kost eller tillskott kan st\u00f6dja den allm\u00e4nna h\u00e4lsan och v\u00e4lbefinnandet genom att f\u00f6rse kroppen med de n\u00f6dv\u00e4ndiga elementen f\u00f6r att uppr\u00e4tth\u00e5lla ett starkt immunsystem, effektiv proteinsyntes och balanserade hormonniv\u00e5er.<\/span><\/p>\n<p><span lang=\"en-US\">H\u00e4r \u00e4r f\u00f6rdelarna med zink:<\/span><\/p>\n<ul>\n<li><strong><span lang=\"en-US\">St\u00f6d f\u00f6r immunsystemet: <\/span><\/strong><span lang=\"en-US\">Zink bidrar till att st\u00f6dja och st\u00e4rka immunf\u00f6rsvaret, vilket hj\u00e4lper till att skydda kroppen mot infektioner och sjukdomar.<\/span><\/li>\n<li><strong><span lang=\"en-US\">Cellskydd mot oxidativ stress: <\/span><\/strong><span lang=\"en-US\">Tack vare sina antioxidativa egenskaper bidrar zink till att skydda cellerna fr\u00e5n skador som orsakas av oxidativ stress, som kan orsakas av fria radikaler i kroppen.<\/span><\/li>\n<li><strong><span lang=\"en-US\">Proteinsyntes:<\/span><\/strong><span lang=\"en-US\"> Zink \u00e4r involverat i proteinsyntesen, en grundl\u00e4ggande process f\u00f6r tillv\u00e4xt, reparation och underh\u00e5ll av muskler, hud och andra v\u00e4vnader i kroppen.<\/span><\/li>\n<li><strong><span lang=\"en-US\">Bibeh\u00e5llande av normala testosteronniv\u00e5er:<\/span><\/strong><span lang=\"en-US\"> Zink spelar en viktig roll f\u00f6r att uppr\u00e4tth\u00e5lla normala testosteronniv\u00e5er i blodet, vilket \u00e4r ett nyckelhormon f\u00f6r sexuell h\u00e4lsa, muskelmassa, bent\u00e4thet och andra fysiologiska processer i kroppen.<\/span><\/li>\n<\/ul>\n<p>&nbsp;<\/p>\n<p><strong><span lang=\"en-US\">Rekommenderad anv\u00e4ndning<\/span><\/strong><\/p>\n<p><span lang=\"en-US\">Ta 1 tablett f\u00f6re fysisk aktivitet eller under dagen.<\/span><\/p>\n<p><strong>Meddelande:<\/strong><\/p>\n<ul>\n<li>Endast f\u00f6r vuxna och ers\u00e4tter inte en varierad och balanserad kost och en h\u00e4lsosam livsstil.<\/li>\n<li>\u00d6verskrid inte den rekommenderade dosen.<\/li>\n<li>Rekommenderad dos: 1 kapsel f\u00f6re tr\u00e4ning eller under dagen.<\/li>\n<li>Anv\u00e4nd inte produkten under amning eller graviditet utan att r\u00e5dg\u00f6ra med l\u00e4kare.<\/li>\n<li>F\u00f6rvara produkten p\u00e5 en sval, torr plats i en v\u00e4l tillsluten f\u00f6rpackning utom r\u00e4ckh\u00e5ll f\u00f6r barn under 3 \u00e5r.<\/li>\n<li>Kan inneh\u00e5lla sp\u00e5r av mj\u00f6lk, havre, \u00e4gg, soja.<\/li>\n<li>Laktosfri och Glutenfri.<\/li>\n<\/ul>","protected":false},"excerpt":{"rendered":"<details>\n<summary>Ingredienser<\/summary>\n<table style=\"text-align: center;\">\n<tbody>\n<tr>\n<th>Ingredienser<\/th>\n<th>per portion 1tab<\/th>\n<th>*NRV<\/th>\n<\/tr>\n<tr>\n<td>Zinkcitrat<\/td>\n<td>15 mg<\/td>\n<td>150%<\/td>\n<\/tr>\n<tr>\n<td colspan=\"3\"><strong>*NRV: <\/strong>n\u00e4ringsm\u00e4ssigt referensv\u00e4rde<\/td>\n<\/tr>\n<tr>\n<td colspan=\"3\"><strong>\u00d6vriga ingredienser: <\/strong>stabiliseringsmedel (E460, E470b, E551)<\/td>\n<\/tr>\n<\/tbody>\n<\/table>\n<\/details>\n<p>&nbsp;<\/p>","protected":false},"featured_media":11387,"template":"","meta":[],"product_cat":[312,214],"product_tag":[314,258],"class_list":{"0":"post-995","1":"product","2":"type-product","3":"status-publish","4":"has-post-thumbnail","6":"product_cat-health-and-wellness","7":"product_cat-vitamins-wellness","8":"product_tag-health-and-wellness","9":"product_tag-vitamins-wellness","11":"first","12":"instock","13":"taxable","14":"shipping-taxable","15":"purchasable","16":"product-type-simple"},"aioseo_notices":[],"_links":{"self":[{"href":"https:\/\/www.selfprotein.com\/sv\/wp-json\/wp\/v2\/product\/995"}],"collection":[{"href":"https:\/\/www.selfprotein.com\/sv\/wp-json\/wp\/v2\/product"}],"about":[{"href":"https:\/\/www.selfprotein.com\/sv\/wp-json\/wp\/v2\/types\/product"}],"wp:featuredmedia":[{"embeddable":true,"href":"https:\/\/www.selfprotein.com\/sv\/wp-json\/wp\/v2\/media\/11387"}],"wp:attachment":[{"href":"https:\/\/www.selfprotein.com\/sv\/wp-json\/wp\/v2\/media?parent=995"}],"wp:term":[{"taxonomy":"product_cat","embeddable":true,"href":"https:\/\/www.selfprotein.com\/sv\/wp-json\/wp\/v2\/product_cat?post=995"},{"taxonomy":"product_tag","embeddable":true,"href":"https:\/\/www.selfprotein.com\/sv\/wp-json\/wp\/v2\/product_tag?post=995"}],"curies":[{"name":"wp","href":"https:\/\/api.w.org\/{rel}","templated":true}]}}